{"id":12015,"date":"2022-06-24T13:21:35","date_gmt":"2022-06-24T11:21:35","guid":{"rendered":"https:\/\/kontent-structures.com\/demontabele-gebouwen\/"},"modified":"2023-01-24T14:13:15","modified_gmt":"2023-01-24T13:13:15","slug":"demontierbare-gebaeude","status":"publish","type":"page","link":"https:\/\/kontent-structures.com\/de\/demontierbare-gebaeude\/","title":{"rendered":"Demontierbare geb\u00e4ude"},"content":{"rendered":"<p>Ben\u00f6tigen Sie zus\u00e4tzlichen Lagerraum oder eine vor\u00fcbergehende Unterkunft w\u00e4hrend der Renovierung oder des Umbaus Ihrer R\u00e4umlichkeiten? Dann sind die Leichtbauhallen von Kontent Structures die perfekte L\u00f6sung f\u00fcr Ihren Raumbedarf. Mit einem Team von Spezialisten realisiert Kontent Structures seit mehr als 25 Jahren Leichtbauhallen f\u00fcr industrielle Anwendungen.<\/p>\n<p>Aufgrund seiner Flexibilit\u00e4t in Bezug auf Design und Abmessungen kann ein demontierbares Geb\u00e4ude von Kontent Structures f\u00fcr die g\u00e4ngigsten Gesch\u00e4ftsl\u00f6sungen verwendet werden. Zum Beispiel eine tempor\u00e4re Einzelhandelsfl\u00e4che, ein Vertriebszentrum, eine Werkstatt oder ein Ausstellungsraum. So haben Sie immer die Gewissheit, dass Ihre Aktivit\u00e4ten w\u00e4hrend einer Renovierung oder eines Umbaus nicht unterbrochen werden m\u00fcssen.<\/p>\n<p>Sind Sie neugierig, ob ein demontierbares Geb\u00e4ude f\u00fcr Ihre Situation geeignet ist? Dann kontaktieren Sie uns telefonisch oder <a href=\"https:\/\/kontent-structures.com\/de\/kontakt\/\">\u00fcber das Kontaktformular<\/a>, damit wir Sie optimal beraten k\u00f6nnen.<\/p>\n","protected":false},"excerpt":{"rendered":"<p>Ben\u00f6tigen Sie zus\u00e4tzlichen Lagerraum oder eine vor\u00fcbergehende Unterkunft w\u00e4hrend der Renovierung oder des Umbaus Ihrer R\u00e4umlichkeiten? Dann sind<\/p>\n<div class=\"kontent-read\"><a href=\"https:\/\/kontent-structures.com\/de\/demontierbare-gebaeude\/\" class=\"\"> <i class=\"fas fa-chevron-right\"><\/i><\/a><\/div>\n","protected":false},"author":2,"featured_media":8696,"parent":0,"menu_order":0,"comment_status":"closed","ping_status":"closed","template":"templates\/template-demontabel.php","meta":{"_acf_changed":false,"footnotes":""},"class_list":["post-12015","page","type-page","status-publish","has-post-thumbnail","hentry"],"acf":[],"yoast_head":"<!-- This site is optimized with the Yoast SEO plugin v27.2 - https:\/\/yoast.com\/product\/yoast-seo-wordpress\/ -->\n<title>Demontierbare geb\u00e4ude - Kontent Structures<\/title>\n<meta name=\"robots\" content=\"index, follow, max-snippet:-1, max-image-preview:large, max-video-preview:-1\" \/>\n<link rel=\"canonical\" href=\"https:\/\/kontent-structures.com\/de\/demontierbare-gebaeude\/\" \/>\n<meta property=\"og:locale\" content=\"de_DE\" \/>\n<meta property=\"og:type\" content=\"article\" \/>\n<meta property=\"og:title\" content=\"Demontierbare geb\u00e4ude - Kontent Structures\" \/>\n<meta property=\"og:description\" content=\"Ben\u00f6tigen Sie zus\u00e4tzlichen Lagerraum oder eine vor\u00fcbergehende Unterkunft w\u00e4hrend der Renovierung oder des Umbaus Ihrer R\u00e4umlichkeiten? Dann sind\" \/>\n<meta property=\"og:url\" content=\"https:\/\/kontent-structures.com\/de\/demontierbare-gebaeude\/\" \/>\n<meta property=\"og:site_name\" content=\"Kontent Structures\" \/>\n<meta property=\"article:modified_time\" content=\"2023-01-24T13:13:15+00:00\" \/>\n<meta property=\"og:image\" content=\"https:\/\/kontent-structures.com\/wp-content\/uploads\/2021\/09\/Kaak-980-x-1280.jpg\" \/>\n\t<meta property=\"og:image:width\" content=\"980\" \/>\n\t<meta property=\"og:image:height\" content=\"1280\" \/>\n\t<meta property=\"og:image:type\" content=\"image\/jpeg\" \/>\n<meta name=\"twitter:card\" content=\"summary_large_image\" \/>\n<meta name=\"twitter:label1\" content=\"Gesch\u00e4tzte Lesezeit\" \/>\n\t<meta name=\"twitter:data1\" content=\"1\u00a0Minute\" \/>\n<script type=\"application\/ld+json\" class=\"yoast-schema-graph\">{\"@context\":\"https:\/\/schema.org\",\"@graph\":[{\"@type\":\"WebPage\",\"@id\":\"https:\/\/kontent-structures.com\/de\/demontierbare-gebaeude\/\",\"url\":\"https:\/\/kontent-structures.com\/de\/demontierbare-gebaeude\/\",\"name\":\"Demontierbare geb\u00e4ude - Kontent Structures\",\"isPartOf\":{\"@id\":\"https:\/\/kontent-structures.com\/#website\"},\"primaryImageOfPage\":{\"@id\":\"https:\/\/kontent-structures.com\/de\/demontierbare-gebaeude\/#primaryimage\"},\"image\":{\"@id\":\"https:\/\/kontent-structures.com\/de\/demontierbare-gebaeude\/#primaryimage\"},\"thumbnailUrl\":\"https:\/\/kontent-structures.com\/wp-content\/uploads\/2021\/09\/Kaak-980-x-1280.jpg\",\"datePublished\":\"2022-06-24T11:21:35+00:00\",\"dateModified\":\"2023-01-24T13:13:15+00:00\",\"breadcrumb\":{\"@id\":\"https:\/\/kontent-structures.com\/de\/demontierbare-gebaeude\/#breadcrumb\"},\"inLanguage\":\"de\",\"potentialAction\":[{\"@type\":\"ReadAction\",\"target\":[\"https:\/\/kontent-structures.com\/de\/demontierbare-gebaeude\/\"]}]},{\"@type\":\"ImageObject\",\"inLanguage\":\"de\",\"@id\":\"https:\/\/kontent-structures.com\/de\/demontierbare-gebaeude\/#primaryimage\",\"url\":\"https:\/\/kontent-structures.com\/wp-content\/uploads\/2021\/09\/Kaak-980-x-1280.jpg\",\"contentUrl\":\"https:\/\/kontent-structures.com\/wp-content\/uploads\/2021\/09\/Kaak-980-x-1280.jpg\",\"width\":980,\"height\":1280,\"caption\":\"Kaak-980-x-1280\"},{\"@type\":\"BreadcrumbList\",\"@id\":\"https:\/\/kontent-structures.com\/de\/demontierbare-gebaeude\/#breadcrumb\",\"itemListElement\":[{\"@type\":\"ListItem\",\"position\":1,\"name\":\"Home\",\"item\":\"https:\/\/kontent-structures.com\/de\/\"},{\"@type\":\"ListItem\",\"position\":2,\"name\":\"Demontierbare geb\u00e4ude\"}]},{\"@type\":\"WebSite\",\"@id\":\"https:\/\/kontent-structures.com\/#website\",\"url\":\"https:\/\/kontent-structures.com\/\",\"name\":\"Kontent Structures\",\"description\":\"En nog een WordPress site\",\"publisher\":{\"@id\":\"https:\/\/kontent-structures.com\/#organization\"},\"potentialAction\":[{\"@type\":\"SearchAction\",\"target\":{\"@type\":\"EntryPoint\",\"urlTemplate\":\"https:\/\/kontent-structures.com\/?s={search_term_string}\"},\"query-input\":{\"@type\":\"PropertyValueSpecification\",\"valueRequired\":true,\"valueName\":\"search_term_string\"}}],\"inLanguage\":\"de\"},{\"@type\":\"Organization\",\"@id\":\"https:\/\/kontent-structures.com\/#organization\",\"name\":\"Kontent Structures\",\"url\":\"https:\/\/kontent-structures.com\/\",\"logo\":{\"@type\":\"ImageObject\",\"inLanguage\":\"de\",\"@id\":\"https:\/\/kontent-structures.com\/#\/schema\/logo\/image\/\",\"url\":\"https:\/\/kontent-structures.com\/wp-content\/uploads\/2021\/04\/Kontent-Structures-verkleind.png\",\"contentUrl\":\"https:\/\/kontent-structures.com\/wp-content\/uploads\/2021\/04\/Kontent-Structures-verkleind.png\",\"width\":400,\"height\":355,\"caption\":\"Kontent Structures\"},\"image\":{\"@id\":\"https:\/\/kontent-structures.com\/#\/schema\/logo\/image\/\"}}]}<\/script>\n<!-- \/ Yoast SEO plugin. -->","yoast_head_json":{"title":"Demontierbare geb\u00e4ude - Kontent Structures","robots":{"index":"index","follow":"follow","max-snippet":"max-snippet:-1","max-image-preview":"max-image-preview:large","max-video-preview":"max-video-preview:-1"},"canonical":"https:\/\/kontent-structures.com\/de\/demontierbare-gebaeude\/","og_locale":"de_DE","og_type":"article","og_title":"Demontierbare geb\u00e4ude - Kontent Structures","og_description":"Ben\u00f6tigen Sie zus\u00e4tzlichen Lagerraum oder eine vor\u00fcbergehende Unterkunft w\u00e4hrend der Renovierung oder des Umbaus Ihrer R\u00e4umlichkeiten? Dann sind","og_url":"https:\/\/kontent-structures.com\/de\/demontierbare-gebaeude\/","og_site_name":"Kontent Structures","article_modified_time":"2023-01-24T13:13:15+00:00","og_image":[{"width":980,"height":1280,"url":"https:\/\/kontent-structures.com\/wp-content\/uploads\/2021\/09\/Kaak-980-x-1280.jpg","type":"image\/jpeg"}],"twitter_card":"summary_large_image","twitter_misc":{"Gesch\u00e4tzte Lesezeit":"1\u00a0Minute"},"schema":{"@context":"https:\/\/schema.org","@graph":[{"@type":"WebPage","@id":"https:\/\/kontent-structures.com\/de\/demontierbare-gebaeude\/","url":"https:\/\/kontent-structures.com\/de\/demontierbare-gebaeude\/","name":"Demontierbare geb\u00e4ude - Kontent Structures","isPartOf":{"@id":"https:\/\/kontent-structures.com\/#website"},"primaryImageOfPage":{"@id":"https:\/\/kontent-structures.com\/de\/demontierbare-gebaeude\/#primaryimage"},"image":{"@id":"https:\/\/kontent-structures.com\/de\/demontierbare-gebaeude\/#primaryimage"},"thumbnailUrl":"https:\/\/kontent-structures.com\/wp-content\/uploads\/2021\/09\/Kaak-980-x-1280.jpg","datePublished":"2022-06-24T11:21:35+00:00","dateModified":"2023-01-24T13:13:15+00:00","breadcrumb":{"@id":"https:\/\/kontent-structures.com\/de\/demontierbare-gebaeude\/#breadcrumb"},"inLanguage":"de","potentialAction":[{"@type":"ReadAction","target":["https:\/\/kontent-structures.com\/de\/demontierbare-gebaeude\/"]}]},{"@type":"ImageObject","inLanguage":"de","@id":"https:\/\/kontent-structures.com\/de\/demontierbare-gebaeude\/#primaryimage","url":"https:\/\/kontent-structures.com\/wp-content\/uploads\/2021\/09\/Kaak-980-x-1280.jpg","contentUrl":"https:\/\/kontent-structures.com\/wp-content\/uploads\/2021\/09\/Kaak-980-x-1280.jpg","width":980,"height":1280,"caption":"Kaak-980-x-1280"},{"@type":"BreadcrumbList","@id":"https:\/\/kontent-structures.com\/de\/demontierbare-gebaeude\/#breadcrumb","itemListElement":[{"@type":"ListItem","position":1,"name":"Home","item":"https:\/\/kontent-structures.com\/de\/"},{"@type":"ListItem","position":2,"name":"Demontierbare geb\u00e4ude"}]},{"@type":"WebSite","@id":"https:\/\/kontent-structures.com\/#website","url":"https:\/\/kontent-structures.com\/","name":"Kontent Structures","description":"En nog een WordPress site","publisher":{"@id":"https:\/\/kontent-structures.com\/#organization"},"potentialAction":[{"@type":"SearchAction","target":{"@type":"EntryPoint","urlTemplate":"https:\/\/kontent-structures.com\/?s={search_term_string}"},"query-input":{"@type":"PropertyValueSpecification","valueRequired":true,"valueName":"search_term_string"}}],"inLanguage":"de"},{"@type":"Organization","@id":"https:\/\/kontent-structures.com\/#organization","name":"Kontent Structures","url":"https:\/\/kontent-structures.com\/","logo":{"@type":"ImageObject","inLanguage":"de","@id":"https:\/\/kontent-structures.com\/#\/schema\/logo\/image\/","url":"https:\/\/kontent-structures.com\/wp-content\/uploads\/2021\/04\/Kontent-Structures-verkleind.png","contentUrl":"https:\/\/kontent-structures.com\/wp-content\/uploads\/2021\/04\/Kontent-Structures-verkleind.png","width":400,"height":355,"caption":"Kontent Structures"},"image":{"@id":"https:\/\/kontent-structures.com\/#\/schema\/logo\/image\/"}}]}},"_links":{"self":[{"href":"https:\/\/kontent-structures.com\/de\/wp-json\/wp\/v2\/pages\/12015","targetHints":{"allow":["GET"]}}],"collection":[{"href":"https:\/\/kontent-structures.com\/de\/wp-json\/wp\/v2\/pages"}],"about":[{"href":"https:\/\/kontent-structures.com\/de\/wp-json\/wp\/v2\/types\/page"}],"author":[{"embeddable":true,"href":"https:\/\/kontent-structures.com\/de\/wp-json\/wp\/v2\/users\/2"}],"replies":[{"embeddable":true,"href":"https:\/\/kontent-structures.com\/de\/wp-json\/wp\/v2\/comments?post=12015"}],"version-history":[{"count":19,"href":"https:\/\/kontent-structures.com\/de\/wp-json\/wp\/v2\/pages\/12015\/revisions"}],"predecessor-version":[{"id":13264,"href":"https:\/\/kontent-structures.com\/de\/wp-json\/wp\/v2\/pages\/12015\/revisions\/13264"}],"wp:featuredmedia":[{"embeddable":true,"href":"https:\/\/kontent-structures.com\/de\/wp-json\/wp\/v2\/media\/8696"}],"wp:attachment":[{"href":"https:\/\/kontent-structures.com\/de\/wp-json\/wp\/v2\/media?parent=12015"}],"curies":[{"name":"wp","href":"https:\/\/api.w.org\/{rel}","templated":true}]}}