{"id":12045,"date":"2022-08-24T11:27:28","date_gmt":"2022-08-24T09:27:28","guid":{"rendered":"https:\/\/kontent-structures.com\/demontierbare-gebaeude\/magazijn-en-opslag\/"},"modified":"2024-08-16T11:45:42","modified_gmt":"2024-08-16T09:45:42","slug":"lager-und-lagerung","status":"publish","type":"page","link":"https:\/\/kontent-structures.com\/de\/demontierbare-gebaeude\/lager-und-lagerung\/","title":{"rendered":"Lager und lagerung"},"content":{"rendered":"<p>Haben Sie einen Mangel in Ihrem Lager oder Depot aufgrund steigender Best\u00e4nde und m\u00f6chten Sie diesen kurzfristig, vor\u00fcbergehend oder (halb-)dauerhaft l\u00f6sen? Dann sind die demontierbaren Lagerhallen von Kontent Structures die perfekte L\u00f6sung. Kontent Structures stellt Ihnen vor Ort innerhalb weniger Wochen eine Lagerhalle Ihrer Wahl zur Verf\u00fcgung, sowohl f\u00fcr temperatursensible als auch f\u00fcr nicht temperatursensible G\u00fcter.<\/p>\n<p>Eine demontierbare Halle oder ein Lager kann ganz nach Ihren W\u00fcnschen gestaltet werden. Wir k\u00f6nnen unseren Kunden flexible Lagerzelte zur Verf\u00fcgung stellen, indem wir zum Beispiel Lagerhallen mit einer freien Spannweite von 5 bis 40 Metern anbieten. Kurzum, Ihr neues, zerlegbares Lager ist zum Greifen nah!<\/p>\n","protected":false},"excerpt":{"rendered":"<p>Haben Sie einen Mangel in Ihrem Lager oder Depot aufgrund steigender Best\u00e4nde und m\u00f6chten Sie diesen kurzfristig, vor\u00fcbergehend<\/p>\n<div class=\"kontent-read\"><a href=\"https:\/\/kontent-structures.com\/de\/demontierbare-gebaeude\/lager-und-lagerung\/\" class=\"\"> <i class=\"fas fa-chevron-right\"><\/i><\/a><\/div>\n","protected":false},"author":2,"featured_media":0,"parent":12015,"menu_order":0,"comment_status":"closed","ping_status":"closed","template":"templates\/template-gebouw.php","meta":{"_acf_changed":false,"footnotes":""},"class_list":["post-12045","page","type-page","status-publish","hentry"],"acf":[],"yoast_head":"<!-- This site is optimized with the Yoast SEO plugin v27.2 - https:\/\/yoast.com\/product\/yoast-seo-wordpress\/ -->\n<title>Lager und lagerung - Kontent Structures<\/title>\n<meta name=\"robots\" content=\"index, follow, max-snippet:-1, max-image-preview:large, max-video-preview:-1\" \/>\n<link rel=\"canonical\" href=\"https:\/\/kontent-structures.com\/de\/demontierbare-gebaeude\/lager-und-lagerung\/\" \/>\n<meta property=\"og:locale\" content=\"de_DE\" \/>\n<meta property=\"og:type\" content=\"article\" \/>\n<meta property=\"og:title\" content=\"Lager und lagerung - Kontent Structures\" \/>\n<meta property=\"og:description\" content=\"Haben Sie einen Mangel in Ihrem Lager oder Depot aufgrund steigender Best\u00e4nde und m\u00f6chten Sie diesen kurzfristig, vor\u00fcbergehend\" \/>\n<meta property=\"og:url\" content=\"https:\/\/kontent-structures.com\/de\/demontierbare-gebaeude\/lager-und-lagerung\/\" \/>\n<meta property=\"og:site_name\" content=\"Kontent Structures\" \/>\n<meta property=\"article:modified_time\" content=\"2024-08-16T09:45:42+00:00\" \/>\n<meta name=\"twitter:card\" content=\"summary_large_image\" \/>\n<meta name=\"twitter:label1\" content=\"Gesch\u00e4tzte Lesezeit\" \/>\n\t<meta name=\"twitter:data1\" content=\"1\u00a0Minute\" \/>\n<script type=\"application\/ld+json\" class=\"yoast-schema-graph\">{\"@context\":\"https:\/\/schema.org\",\"@graph\":[{\"@type\":\"WebPage\",\"@id\":\"https:\/\/kontent-structures.com\/de\/demontierbare-gebaeude\/lager-und-lagerung\/\",\"url\":\"https:\/\/kontent-structures.com\/de\/demontierbare-gebaeude\/lager-und-lagerung\/\",\"name\":\"Lager und lagerung - Kontent Structures\",\"isPartOf\":{\"@id\":\"https:\/\/kontent-structures.com\/#website\"},\"datePublished\":\"2022-08-24T09:27:28+00:00\",\"dateModified\":\"2024-08-16T09:45:42+00:00\",\"breadcrumb\":{\"@id\":\"https:\/\/kontent-structures.com\/de\/demontierbare-gebaeude\/lager-und-lagerung\/#breadcrumb\"},\"inLanguage\":\"de\",\"potentialAction\":[{\"@type\":\"ReadAction\",\"target\":[\"https:\/\/kontent-structures.com\/de\/demontierbare-gebaeude\/lager-und-lagerung\/\"]}]},{\"@type\":\"BreadcrumbList\",\"@id\":\"https:\/\/kontent-structures.com\/de\/demontierbare-gebaeude\/lager-und-lagerung\/#breadcrumb\",\"itemListElement\":[{\"@type\":\"ListItem\",\"position\":1,\"name\":\"Home\",\"item\":\"https:\/\/kontent-structures.com\/de\/\"},{\"@type\":\"ListItem\",\"position\":2,\"name\":\"Demontierbare geb\u00e4ude\",\"item\":\"https:\/\/kontent-structures.com\/de\/demontierbare-gebaeude\/\"},{\"@type\":\"ListItem\",\"position\":3,\"name\":\"Lager und lagerung\"}]},{\"@type\":\"WebSite\",\"@id\":\"https:\/\/kontent-structures.com\/#website\",\"url\":\"https:\/\/kontent-structures.com\/\",\"name\":\"Kontent Structures\",\"description\":\"En nog een WordPress site\",\"publisher\":{\"@id\":\"https:\/\/kontent-structures.com\/#organization\"},\"potentialAction\":[{\"@type\":\"SearchAction\",\"target\":{\"@type\":\"EntryPoint\",\"urlTemplate\":\"https:\/\/kontent-structures.com\/?s={search_term_string}\"},\"query-input\":{\"@type\":\"PropertyValueSpecification\",\"valueRequired\":true,\"valueName\":\"search_term_string\"}}],\"inLanguage\":\"de\"},{\"@type\":\"Organization\",\"@id\":\"https:\/\/kontent-structures.com\/#organization\",\"name\":\"Kontent Structures\",\"url\":\"https:\/\/kontent-structures.com\/\",\"logo\":{\"@type\":\"ImageObject\",\"inLanguage\":\"de\",\"@id\":\"https:\/\/kontent-structures.com\/#\/schema\/logo\/image\/\",\"url\":\"https:\/\/kontent-structures.com\/wp-content\/uploads\/2021\/04\/Kontent-Structures-verkleind.png\",\"contentUrl\":\"https:\/\/kontent-structures.com\/wp-content\/uploads\/2021\/04\/Kontent-Structures-verkleind.png\",\"width\":400,\"height\":355,\"caption\":\"Kontent Structures\"},\"image\":{\"@id\":\"https:\/\/kontent-structures.com\/#\/schema\/logo\/image\/\"}}]}<\/script>\n<!-- \/ Yoast SEO plugin. -->","yoast_head_json":{"title":"Lager und lagerung - Kontent Structures","robots":{"index":"index","follow":"follow","max-snippet":"max-snippet:-1","max-image-preview":"max-image-preview:large","max-video-preview":"max-video-preview:-1"},"canonical":"https:\/\/kontent-structures.com\/de\/demontierbare-gebaeude\/lager-und-lagerung\/","og_locale":"de_DE","og_type":"article","og_title":"Lager und lagerung - Kontent Structures","og_description":"Haben Sie einen Mangel in Ihrem Lager oder Depot aufgrund steigender Best\u00e4nde und m\u00f6chten Sie diesen kurzfristig, vor\u00fcbergehend","og_url":"https:\/\/kontent-structures.com\/de\/demontierbare-gebaeude\/lager-und-lagerung\/","og_site_name":"Kontent Structures","article_modified_time":"2024-08-16T09:45:42+00:00","twitter_card":"summary_large_image","twitter_misc":{"Gesch\u00e4tzte Lesezeit":"1\u00a0Minute"},"schema":{"@context":"https:\/\/schema.org","@graph":[{"@type":"WebPage","@id":"https:\/\/kontent-structures.com\/de\/demontierbare-gebaeude\/lager-und-lagerung\/","url":"https:\/\/kontent-structures.com\/de\/demontierbare-gebaeude\/lager-und-lagerung\/","name":"Lager und lagerung - Kontent Structures","isPartOf":{"@id":"https:\/\/kontent-structures.com\/#website"},"datePublished":"2022-08-24T09:27:28+00:00","dateModified":"2024-08-16T09:45:42+00:00","breadcrumb":{"@id":"https:\/\/kontent-structures.com\/de\/demontierbare-gebaeude\/lager-und-lagerung\/#breadcrumb"},"inLanguage":"de","potentialAction":[{"@type":"ReadAction","target":["https:\/\/kontent-structures.com\/de\/demontierbare-gebaeude\/lager-und-lagerung\/"]}]},{"@type":"BreadcrumbList","@id":"https:\/\/kontent-structures.com\/de\/demontierbare-gebaeude\/lager-und-lagerung\/#breadcrumb","itemListElement":[{"@type":"ListItem","position":1,"name":"Home","item":"https:\/\/kontent-structures.com\/de\/"},{"@type":"ListItem","position":2,"name":"Demontierbare geb\u00e4ude","item":"https:\/\/kontent-structures.com\/de\/demontierbare-gebaeude\/"},{"@type":"ListItem","position":3,"name":"Lager und lagerung"}]},{"@type":"WebSite","@id":"https:\/\/kontent-structures.com\/#website","url":"https:\/\/kontent-structures.com\/","name":"Kontent Structures","description":"En nog een WordPress site","publisher":{"@id":"https:\/\/kontent-structures.com\/#organization"},"potentialAction":[{"@type":"SearchAction","target":{"@type":"EntryPoint","urlTemplate":"https:\/\/kontent-structures.com\/?s={search_term_string}"},"query-input":{"@type":"PropertyValueSpecification","valueRequired":true,"valueName":"search_term_string"}}],"inLanguage":"de"},{"@type":"Organization","@id":"https:\/\/kontent-structures.com\/#organization","name":"Kontent Structures","url":"https:\/\/kontent-structures.com\/","logo":{"@type":"ImageObject","inLanguage":"de","@id":"https:\/\/kontent-structures.com\/#\/schema\/logo\/image\/","url":"https:\/\/kontent-structures.com\/wp-content\/uploads\/2021\/04\/Kontent-Structures-verkleind.png","contentUrl":"https:\/\/kontent-structures.com\/wp-content\/uploads\/2021\/04\/Kontent-Structures-verkleind.png","width":400,"height":355,"caption":"Kontent Structures"},"image":{"@id":"https:\/\/kontent-structures.com\/#\/schema\/logo\/image\/"}}]}},"_links":{"self":[{"href":"https:\/\/kontent-structures.com\/de\/wp-json\/wp\/v2\/pages\/12045","targetHints":{"allow":["GET"]}}],"collection":[{"href":"https:\/\/kontent-structures.com\/de\/wp-json\/wp\/v2\/pages"}],"about":[{"href":"https:\/\/kontent-structures.com\/de\/wp-json\/wp\/v2\/types\/page"}],"author":[{"embeddable":true,"href":"https:\/\/kontent-structures.com\/de\/wp-json\/wp\/v2\/users\/2"}],"replies":[{"embeddable":true,"href":"https:\/\/kontent-structures.com\/de\/wp-json\/wp\/v2\/comments?post=12045"}],"version-history":[{"count":7,"href":"https:\/\/kontent-structures.com\/de\/wp-json\/wp\/v2\/pages\/12045\/revisions"}],"predecessor-version":[{"id":14972,"href":"https:\/\/kontent-structures.com\/de\/wp-json\/wp\/v2\/pages\/12045\/revisions\/14972"}],"up":[{"embeddable":true,"href":"https:\/\/kontent-structures.com\/de\/wp-json\/wp\/v2\/pages\/12015"}],"wp:attachment":[{"href":"https:\/\/kontent-structures.com\/de\/wp-json\/wp\/v2\/media?parent=12045"}],"curies":[{"name":"wp","href":"https:\/\/api.w.org\/{rel}","templated":true}]}}