{"id":12059,"date":"2022-07-08T08:52:58","date_gmt":"2022-07-08T06:52:58","guid":{"rendered":"https:\/\/kontent-structures.com\/demontierbare-gebaeude\/supermarkt-en-winkelruimte\/"},"modified":"2023-03-31T14:55:50","modified_gmt":"2023-03-31T12:55:50","slug":"supermarkt-und-einzelhandelsflaechen","status":"publish","type":"page","link":"https:\/\/kontent-structures.com\/de\/demontierbare-gebaeude\/supermarkt-und-einzelhandelsflaechen\/","title":{"rendered":"Supermarkt und Einzelhandelsfl\u00e4chen"},"content":{"rendered":"<p>Ben\u00f6tigen Sie aufgrund von Platzmangel zus\u00e4tzliche Gesch\u00e4ftsr\u00e4ume in Ihrem Supermarkt oder Gesch\u00e4ft? Oder suchen Sie wegen eines Ungl\u00fccksfalls, wie z. B. eines Brandes, vor\u00fcbergehende Gesch\u00e4ftsr\u00e4ume? Dann ist eine demontierbare Supermarkt- oder Ladenfl\u00e4che von Kontent Structures die perfekte L\u00f6sung. Innerhalb weniger Wochen hat Kontent Structures f\u00fcr Sie ein komplettes Baukastensystem realisiert, wo nur die M\u00f6blierung einhalten muss.<\/p>\n<p>Demontierbare Supermarkt- oder Einzelhandelsfl\u00e4chen von Kontent Structures sind ideal, wenn Sie Ihr Gesch\u00e4ft am Laufen halten wollen, aber kurzfristig kein festes Geb\u00e4ude errichten k\u00f6nnen. Ein demontierbarer Laden oder Supermarkt ist ebenfalls nachhaltig, da die Strukturen wiederverwendbar sind.<\/p>\n","protected":false},"excerpt":{"rendered":"<p>Ben\u00f6tigen Sie aufgrund von Platzmangel zus\u00e4tzliche Gesch\u00e4ftsr\u00e4ume in Ihrem Supermarkt oder Gesch\u00e4ft? Oder suchen Sie wegen eines Ungl\u00fccksfalls,<\/p>\n<div class=\"kontent-read\"><a href=\"https:\/\/kontent-structures.com\/de\/demontierbare-gebaeude\/supermarkt-und-einzelhandelsflaechen\/\" class=\"\"> <i class=\"fas fa-chevron-right\"><\/i><\/a><\/div>\n","protected":false},"author":2,"featured_media":0,"parent":12015,"menu_order":0,"comment_status":"closed","ping_status":"closed","template":"templates\/template-gebouw.php","meta":{"_acf_changed":false,"footnotes":""},"class_list":["post-12059","page","type-page","status-publish","hentry"],"acf":[],"yoast_head":"<!-- This site is optimized with the Yoast SEO plugin v27.2 - https:\/\/yoast.com\/product\/yoast-seo-wordpress\/ -->\n<title>Supermarkt und Einzelhandelsfl\u00e4chen - Kontent Structures<\/title>\n<meta name=\"robots\" content=\"index, follow, max-snippet:-1, max-image-preview:large, max-video-preview:-1\" \/>\n<link rel=\"canonical\" href=\"https:\/\/kontent-structures.com\/de\/demontierbare-gebaeude\/supermarkt-und-einzelhandelsflaechen\/\" \/>\n<meta property=\"og:locale\" content=\"de_DE\" \/>\n<meta property=\"og:type\" content=\"article\" \/>\n<meta property=\"og:title\" content=\"Supermarkt und Einzelhandelsfl\u00e4chen - Kontent Structures\" \/>\n<meta property=\"og:description\" content=\"Ben\u00f6tigen Sie aufgrund von Platzmangel zus\u00e4tzliche Gesch\u00e4ftsr\u00e4ume in Ihrem Supermarkt oder Gesch\u00e4ft? Oder suchen Sie wegen eines Ungl\u00fccksfalls,\" \/>\n<meta property=\"og:url\" content=\"https:\/\/kontent-structures.com\/de\/demontierbare-gebaeude\/supermarkt-und-einzelhandelsflaechen\/\" \/>\n<meta property=\"og:site_name\" content=\"Kontent Structures\" \/>\n<meta property=\"article:modified_time\" content=\"2023-03-31T12:55:50+00:00\" \/>\n<meta name=\"twitter:card\" content=\"summary_large_image\" \/>\n<meta name=\"twitter:label1\" content=\"Gesch\u00e4tzte Lesezeit\" \/>\n\t<meta name=\"twitter:data1\" content=\"1\u00a0Minute\" \/>\n<script type=\"application\/ld+json\" class=\"yoast-schema-graph\">{\"@context\":\"https:\/\/schema.org\",\"@graph\":[{\"@type\":\"WebPage\",\"@id\":\"https:\/\/kontent-structures.com\/de\/demontierbare-gebaeude\/supermarkt-und-einzelhandelsflaechen\/\",\"url\":\"https:\/\/kontent-structures.com\/de\/demontierbare-gebaeude\/supermarkt-und-einzelhandelsflaechen\/\",\"name\":\"Supermarkt und Einzelhandelsfl\u00e4chen - Kontent Structures\",\"isPartOf\":{\"@id\":\"https:\/\/kontent-structures.com\/#website\"},\"datePublished\":\"2022-07-08T06:52:58+00:00\",\"dateModified\":\"2023-03-31T12:55:50+00:00\",\"breadcrumb\":{\"@id\":\"https:\/\/kontent-structures.com\/de\/demontierbare-gebaeude\/supermarkt-und-einzelhandelsflaechen\/#breadcrumb\"},\"inLanguage\":\"de\",\"potentialAction\":[{\"@type\":\"ReadAction\",\"target\":[\"https:\/\/kontent-structures.com\/de\/demontierbare-gebaeude\/supermarkt-und-einzelhandelsflaechen\/\"]}]},{\"@type\":\"BreadcrumbList\",\"@id\":\"https:\/\/kontent-structures.com\/de\/demontierbare-gebaeude\/supermarkt-und-einzelhandelsflaechen\/#breadcrumb\",\"itemListElement\":[{\"@type\":\"ListItem\",\"position\":1,\"name\":\"Home\",\"item\":\"https:\/\/kontent-structures.com\/de\/\"},{\"@type\":\"ListItem\",\"position\":2,\"name\":\"Demontierbare geb\u00e4ude\",\"item\":\"https:\/\/kontent-structures.com\/de\/demontierbare-gebaeude\/\"},{\"@type\":\"ListItem\",\"position\":3,\"name\":\"Supermarkt und Einzelhandelsfl\u00e4chen\"}]},{\"@type\":\"WebSite\",\"@id\":\"https:\/\/kontent-structures.com\/#website\",\"url\":\"https:\/\/kontent-structures.com\/\",\"name\":\"Kontent Structures\",\"description\":\"En nog een WordPress site\",\"publisher\":{\"@id\":\"https:\/\/kontent-structures.com\/#organization\"},\"potentialAction\":[{\"@type\":\"SearchAction\",\"target\":{\"@type\":\"EntryPoint\",\"urlTemplate\":\"https:\/\/kontent-structures.com\/?s={search_term_string}\"},\"query-input\":{\"@type\":\"PropertyValueSpecification\",\"valueRequired\":true,\"valueName\":\"search_term_string\"}}],\"inLanguage\":\"de\"},{\"@type\":\"Organization\",\"@id\":\"https:\/\/kontent-structures.com\/#organization\",\"name\":\"Kontent Structures\",\"url\":\"https:\/\/kontent-structures.com\/\",\"logo\":{\"@type\":\"ImageObject\",\"inLanguage\":\"de\",\"@id\":\"https:\/\/kontent-structures.com\/#\/schema\/logo\/image\/\",\"url\":\"https:\/\/kontent-structures.com\/wp-content\/uploads\/2021\/04\/Kontent-Structures-verkleind.png\",\"contentUrl\":\"https:\/\/kontent-structures.com\/wp-content\/uploads\/2021\/04\/Kontent-Structures-verkleind.png\",\"width\":400,\"height\":355,\"caption\":\"Kontent Structures\"},\"image\":{\"@id\":\"https:\/\/kontent-structures.com\/#\/schema\/logo\/image\/\"}}]}<\/script>\n<!-- \/ Yoast SEO plugin. -->","yoast_head_json":{"title":"Supermarkt und Einzelhandelsfl\u00e4chen - Kontent Structures","robots":{"index":"index","follow":"follow","max-snippet":"max-snippet:-1","max-image-preview":"max-image-preview:large","max-video-preview":"max-video-preview:-1"},"canonical":"https:\/\/kontent-structures.com\/de\/demontierbare-gebaeude\/supermarkt-und-einzelhandelsflaechen\/","og_locale":"de_DE","og_type":"article","og_title":"Supermarkt und Einzelhandelsfl\u00e4chen - Kontent Structures","og_description":"Ben\u00f6tigen Sie aufgrund von Platzmangel zus\u00e4tzliche Gesch\u00e4ftsr\u00e4ume in Ihrem Supermarkt oder Gesch\u00e4ft? Oder suchen Sie wegen eines Ungl\u00fccksfalls,","og_url":"https:\/\/kontent-structures.com\/de\/demontierbare-gebaeude\/supermarkt-und-einzelhandelsflaechen\/","og_site_name":"Kontent Structures","article_modified_time":"2023-03-31T12:55:50+00:00","twitter_card":"summary_large_image","twitter_misc":{"Gesch\u00e4tzte Lesezeit":"1\u00a0Minute"},"schema":{"@context":"https:\/\/schema.org","@graph":[{"@type":"WebPage","@id":"https:\/\/kontent-structures.com\/de\/demontierbare-gebaeude\/supermarkt-und-einzelhandelsflaechen\/","url":"https:\/\/kontent-structures.com\/de\/demontierbare-gebaeude\/supermarkt-und-einzelhandelsflaechen\/","name":"Supermarkt und Einzelhandelsfl\u00e4chen - Kontent Structures","isPartOf":{"@id":"https:\/\/kontent-structures.com\/#website"},"datePublished":"2022-07-08T06:52:58+00:00","dateModified":"2023-03-31T12:55:50+00:00","breadcrumb":{"@id":"https:\/\/kontent-structures.com\/de\/demontierbare-gebaeude\/supermarkt-und-einzelhandelsflaechen\/#breadcrumb"},"inLanguage":"de","potentialAction":[{"@type":"ReadAction","target":["https:\/\/kontent-structures.com\/de\/demontierbare-gebaeude\/supermarkt-und-einzelhandelsflaechen\/"]}]},{"@type":"BreadcrumbList","@id":"https:\/\/kontent-structures.com\/de\/demontierbare-gebaeude\/supermarkt-und-einzelhandelsflaechen\/#breadcrumb","itemListElement":[{"@type":"ListItem","position":1,"name":"Home","item":"https:\/\/kontent-structures.com\/de\/"},{"@type":"ListItem","position":2,"name":"Demontierbare geb\u00e4ude","item":"https:\/\/kontent-structures.com\/de\/demontierbare-gebaeude\/"},{"@type":"ListItem","position":3,"name":"Supermarkt und Einzelhandelsfl\u00e4chen"}]},{"@type":"WebSite","@id":"https:\/\/kontent-structures.com\/#website","url":"https:\/\/kontent-structures.com\/","name":"Kontent Structures","description":"En nog een WordPress site","publisher":{"@id":"https:\/\/kontent-structures.com\/#organization"},"potentialAction":[{"@type":"SearchAction","target":{"@type":"EntryPoint","urlTemplate":"https:\/\/kontent-structures.com\/?s={search_term_string}"},"query-input":{"@type":"PropertyValueSpecification","valueRequired":true,"valueName":"search_term_string"}}],"inLanguage":"de"},{"@type":"Organization","@id":"https:\/\/kontent-structures.com\/#organization","name":"Kontent Structures","url":"https:\/\/kontent-structures.com\/","logo":{"@type":"ImageObject","inLanguage":"de","@id":"https:\/\/kontent-structures.com\/#\/schema\/logo\/image\/","url":"https:\/\/kontent-structures.com\/wp-content\/uploads\/2021\/04\/Kontent-Structures-verkleind.png","contentUrl":"https:\/\/kontent-structures.com\/wp-content\/uploads\/2021\/04\/Kontent-Structures-verkleind.png","width":400,"height":355,"caption":"Kontent Structures"},"image":{"@id":"https:\/\/kontent-structures.com\/#\/schema\/logo\/image\/"}}]}},"_links":{"self":[{"href":"https:\/\/kontent-structures.com\/de\/wp-json\/wp\/v2\/pages\/12059","targetHints":{"allow":["GET"]}}],"collection":[{"href":"https:\/\/kontent-structures.com\/de\/wp-json\/wp\/v2\/pages"}],"about":[{"href":"https:\/\/kontent-structures.com\/de\/wp-json\/wp\/v2\/types\/page"}],"author":[{"embeddable":true,"href":"https:\/\/kontent-structures.com\/de\/wp-json\/wp\/v2\/users\/2"}],"replies":[{"embeddable":true,"href":"https:\/\/kontent-structures.com\/de\/wp-json\/wp\/v2\/comments?post=12059"}],"version-history":[{"count":3,"href":"https:\/\/kontent-structures.com\/de\/wp-json\/wp\/v2\/pages\/12059\/revisions"}],"predecessor-version":[{"id":13513,"href":"https:\/\/kontent-structures.com\/de\/wp-json\/wp\/v2\/pages\/12059\/revisions\/13513"}],"up":[{"embeddable":true,"href":"https:\/\/kontent-structures.com\/de\/wp-json\/wp\/v2\/pages\/12015"}],"wp:attachment":[{"href":"https:\/\/kontent-structures.com\/de\/wp-json\/wp\/v2\/media?parent=12059"}],"curies":[{"name":"wp","href":"https:\/\/api.w.org\/{rel}","templated":true}]}}