{"id":12067,"date":"2022-07-01T12:01:44","date_gmt":"2022-07-01T10:01:44","guid":{"rendered":"https:\/\/kontent-structures.com\/demontierbare-gebaeude\/showroom\/"},"modified":"2023-03-30T11:44:30","modified_gmt":"2023-03-30T09:44:30","slug":"showroom","status":"publish","type":"page","link":"https:\/\/kontent-structures.com\/de\/demontierbare-gebaeude\/showroom\/","title":{"rendered":"Showroom"},"content":{"rendered":"<p>Haben Sie mit einem Mangel an Gesch\u00e4ftsr\u00e4umen zu k\u00e4mpfen oder entspricht das derzeitige Angebot an Ausstellungsr\u00e4umen nicht Ihren Anforderungen und W\u00fcnschen? Dann ist ein demontierbarer Ausstellungsraum von Kontent Structures die perfekte L\u00f6sung f\u00fcr dieses Problem. Kontent Structures ist ein Spezialist f\u00fcr demontierbare Ausstellungsr\u00e4ume f\u00fcr industrielle Anwendungen und bietet ma\u00dfgeschneiderte L\u00f6sungen von au\u00dfergew\u00f6hnlicher Qualit\u00e4t. Mit dem Kauf eines permanenten oder tempor\u00e4ren Ausstellungsraums gibt Ihnen Kontent Structures die M\u00f6glichkeit, Ihren Kunden zu zeigen, was Sie verkaufen.<\/p>\n<p>Ein demontierbarer Ausstellungsraum von Kontent Structures kann in verschiedenen Branchen eingesetzt werden, z. B. beim Verkauf von Autos und Motorr\u00e4dern, Wohn- und Schlafzimmerm\u00f6beln, in der K\u00fcchen- und Badindustrie usw. Mit einem tempor\u00e4ren Showroom von Kontent Structures k\u00f6nnen Produkte funktional und optimal f\u00fcr Ihre Kunden pr\u00e4sentiert werden.<\/p>\n","protected":false},"excerpt":{"rendered":"<p>Haben Sie mit einem Mangel an Gesch\u00e4ftsr\u00e4umen zu k\u00e4mpfen oder entspricht das derzeitige Angebot an Ausstellungsr\u00e4umen nicht Ihren<\/p>\n<div class=\"kontent-read\"><a href=\"https:\/\/kontent-structures.com\/de\/demontierbare-gebaeude\/showroom\/\" class=\"\"> <i class=\"fas fa-chevron-right\"><\/i><\/a><\/div>\n","protected":false},"author":2,"featured_media":10345,"parent":12015,"menu_order":0,"comment_status":"closed","ping_status":"closed","template":"templates\/template-demontabel.php","meta":{"_acf_changed":false,"footnotes":""},"class_list":["post-12067","page","type-page","status-publish","has-post-thumbnail","hentry"],"acf":[],"yoast_head":"<!-- This site is optimized with the Yoast SEO plugin v27.2 - https:\/\/yoast.com\/product\/yoast-seo-wordpress\/ -->\n<title>Showroom - Kontent Structures<\/title>\n<meta name=\"robots\" content=\"index, follow, max-snippet:-1, max-image-preview:large, max-video-preview:-1\" \/>\n<link rel=\"canonical\" href=\"https:\/\/kontent-structures.com\/de\/demontierbare-gebaeude\/showroom\/\" \/>\n<meta property=\"og:locale\" content=\"de_DE\" \/>\n<meta property=\"og:type\" content=\"article\" \/>\n<meta property=\"og:title\" content=\"Showroom - Kontent Structures\" \/>\n<meta property=\"og:description\" content=\"Haben Sie mit einem Mangel an Gesch\u00e4ftsr\u00e4umen zu k\u00e4mpfen oder entspricht das derzeitige Angebot an Ausstellungsr\u00e4umen nicht Ihren\" \/>\n<meta property=\"og:url\" content=\"https:\/\/kontent-structures.com\/de\/demontierbare-gebaeude\/showroom\/\" \/>\n<meta property=\"og:site_name\" content=\"Kontent Structures\" \/>\n<meta property=\"article:modified_time\" content=\"2023-03-30T09:44:30+00:00\" \/>\n<meta property=\"og:image\" content=\"https:\/\/kontent-structures.com\/wp-content\/uploads\/2022\/05\/DSC02264-scaled.jpg\" \/>\n\t<meta property=\"og:image:width\" content=\"1920\" \/>\n\t<meta property=\"og:image:height\" content=\"2560\" \/>\n\t<meta property=\"og:image:type\" content=\"image\/jpeg\" \/>\n<meta name=\"twitter:card\" content=\"summary_large_image\" \/>\n<meta name=\"twitter:label1\" content=\"Gesch\u00e4tzte Lesezeit\" \/>\n\t<meta name=\"twitter:data1\" content=\"1\u00a0Minute\" \/>\n<script type=\"application\/ld+json\" class=\"yoast-schema-graph\">{\"@context\":\"https:\/\/schema.org\",\"@graph\":[{\"@type\":\"WebPage\",\"@id\":\"https:\/\/kontent-structures.com\/de\/demontierbare-gebaeude\/showroom\/\",\"url\":\"https:\/\/kontent-structures.com\/de\/demontierbare-gebaeude\/showroom\/\",\"name\":\"Showroom - Kontent Structures\",\"isPartOf\":{\"@id\":\"https:\/\/kontent-structures.com\/#website\"},\"primaryImageOfPage\":{\"@id\":\"https:\/\/kontent-structures.com\/de\/demontierbare-gebaeude\/showroom\/#primaryimage\"},\"image\":{\"@id\":\"https:\/\/kontent-structures.com\/de\/demontierbare-gebaeude\/showroom\/#primaryimage\"},\"thumbnailUrl\":\"https:\/\/kontent-structures.com\/wp-content\/uploads\/2022\/05\/DSC02264-scaled.jpg\",\"datePublished\":\"2022-07-01T10:01:44+00:00\",\"dateModified\":\"2023-03-30T09:44:30+00:00\",\"breadcrumb\":{\"@id\":\"https:\/\/kontent-structures.com\/de\/demontierbare-gebaeude\/showroom\/#breadcrumb\"},\"inLanguage\":\"de\",\"potentialAction\":[{\"@type\":\"ReadAction\",\"target\":[\"https:\/\/kontent-structures.com\/de\/demontierbare-gebaeude\/showroom\/\"]}]},{\"@type\":\"ImageObject\",\"inLanguage\":\"de\",\"@id\":\"https:\/\/kontent-structures.com\/de\/demontierbare-gebaeude\/showroom\/#primaryimage\",\"url\":\"https:\/\/kontent-structures.com\/wp-content\/uploads\/2022\/05\/DSC02264-scaled.jpg\",\"contentUrl\":\"https:\/\/kontent-structures.com\/wp-content\/uploads\/2022\/05\/DSC02264-scaled.jpg\",\"width\":1920,\"height\":2560},{\"@type\":\"BreadcrumbList\",\"@id\":\"https:\/\/kontent-structures.com\/de\/demontierbare-gebaeude\/showroom\/#breadcrumb\",\"itemListElement\":[{\"@type\":\"ListItem\",\"position\":1,\"name\":\"Home\",\"item\":\"https:\/\/kontent-structures.com\/de\/\"},{\"@type\":\"ListItem\",\"position\":2,\"name\":\"Demontierbare geb\u00e4ude\",\"item\":\"https:\/\/kontent-structures.com\/de\/demontierbare-gebaeude\/\"},{\"@type\":\"ListItem\",\"position\":3,\"name\":\"Showroom\"}]},{\"@type\":\"WebSite\",\"@id\":\"https:\/\/kontent-structures.com\/#website\",\"url\":\"https:\/\/kontent-structures.com\/\",\"name\":\"Kontent Structures\",\"description\":\"En nog een WordPress site\",\"publisher\":{\"@id\":\"https:\/\/kontent-structures.com\/#organization\"},\"potentialAction\":[{\"@type\":\"SearchAction\",\"target\":{\"@type\":\"EntryPoint\",\"urlTemplate\":\"https:\/\/kontent-structures.com\/?s={search_term_string}\"},\"query-input\":{\"@type\":\"PropertyValueSpecification\",\"valueRequired\":true,\"valueName\":\"search_term_string\"}}],\"inLanguage\":\"de\"},{\"@type\":\"Organization\",\"@id\":\"https:\/\/kontent-structures.com\/#organization\",\"name\":\"Kontent Structures\",\"url\":\"https:\/\/kontent-structures.com\/\",\"logo\":{\"@type\":\"ImageObject\",\"inLanguage\":\"de\",\"@id\":\"https:\/\/kontent-structures.com\/#\/schema\/logo\/image\/\",\"url\":\"https:\/\/kontent-structures.com\/wp-content\/uploads\/2021\/04\/Kontent-Structures-verkleind.png\",\"contentUrl\":\"https:\/\/kontent-structures.com\/wp-content\/uploads\/2021\/04\/Kontent-Structures-verkleind.png\",\"width\":400,\"height\":355,\"caption\":\"Kontent Structures\"},\"image\":{\"@id\":\"https:\/\/kontent-structures.com\/#\/schema\/logo\/image\/\"}}]}<\/script>\n<!-- \/ Yoast SEO plugin. -->","yoast_head_json":{"title":"Showroom - Kontent Structures","robots":{"index":"index","follow":"follow","max-snippet":"max-snippet:-1","max-image-preview":"max-image-preview:large","max-video-preview":"max-video-preview:-1"},"canonical":"https:\/\/kontent-structures.com\/de\/demontierbare-gebaeude\/showroom\/","og_locale":"de_DE","og_type":"article","og_title":"Showroom - Kontent Structures","og_description":"Haben Sie mit einem Mangel an Gesch\u00e4ftsr\u00e4umen zu k\u00e4mpfen oder entspricht das derzeitige Angebot an Ausstellungsr\u00e4umen nicht Ihren","og_url":"https:\/\/kontent-structures.com\/de\/demontierbare-gebaeude\/showroom\/","og_site_name":"Kontent Structures","article_modified_time":"2023-03-30T09:44:30+00:00","og_image":[{"width":1920,"height":2560,"url":"https:\/\/kontent-structures.com\/wp-content\/uploads\/2022\/05\/DSC02264-scaled.jpg","type":"image\/jpeg"}],"twitter_card":"summary_large_image","twitter_misc":{"Gesch\u00e4tzte Lesezeit":"1\u00a0Minute"},"schema":{"@context":"https:\/\/schema.org","@graph":[{"@type":"WebPage","@id":"https:\/\/kontent-structures.com\/de\/demontierbare-gebaeude\/showroom\/","url":"https:\/\/kontent-structures.com\/de\/demontierbare-gebaeude\/showroom\/","name":"Showroom - Kontent Structures","isPartOf":{"@id":"https:\/\/kontent-structures.com\/#website"},"primaryImageOfPage":{"@id":"https:\/\/kontent-structures.com\/de\/demontierbare-gebaeude\/showroom\/#primaryimage"},"image":{"@id":"https:\/\/kontent-structures.com\/de\/demontierbare-gebaeude\/showroom\/#primaryimage"},"thumbnailUrl":"https:\/\/kontent-structures.com\/wp-content\/uploads\/2022\/05\/DSC02264-scaled.jpg","datePublished":"2022-07-01T10:01:44+00:00","dateModified":"2023-03-30T09:44:30+00:00","breadcrumb":{"@id":"https:\/\/kontent-structures.com\/de\/demontierbare-gebaeude\/showroom\/#breadcrumb"},"inLanguage":"de","potentialAction":[{"@type":"ReadAction","target":["https:\/\/kontent-structures.com\/de\/demontierbare-gebaeude\/showroom\/"]}]},{"@type":"ImageObject","inLanguage":"de","@id":"https:\/\/kontent-structures.com\/de\/demontierbare-gebaeude\/showroom\/#primaryimage","url":"https:\/\/kontent-structures.com\/wp-content\/uploads\/2022\/05\/DSC02264-scaled.jpg","contentUrl":"https:\/\/kontent-structures.com\/wp-content\/uploads\/2022\/05\/DSC02264-scaled.jpg","width":1920,"height":2560},{"@type":"BreadcrumbList","@id":"https:\/\/kontent-structures.com\/de\/demontierbare-gebaeude\/showroom\/#breadcrumb","itemListElement":[{"@type":"ListItem","position":1,"name":"Home","item":"https:\/\/kontent-structures.com\/de\/"},{"@type":"ListItem","position":2,"name":"Demontierbare geb\u00e4ude","item":"https:\/\/kontent-structures.com\/de\/demontierbare-gebaeude\/"},{"@type":"ListItem","position":3,"name":"Showroom"}]},{"@type":"WebSite","@id":"https:\/\/kontent-structures.com\/#website","url":"https:\/\/kontent-structures.com\/","name":"Kontent Structures","description":"En nog een WordPress site","publisher":{"@id":"https:\/\/kontent-structures.com\/#organization"},"potentialAction":[{"@type":"SearchAction","target":{"@type":"EntryPoint","urlTemplate":"https:\/\/kontent-structures.com\/?s={search_term_string}"},"query-input":{"@type":"PropertyValueSpecification","valueRequired":true,"valueName":"search_term_string"}}],"inLanguage":"de"},{"@type":"Organization","@id":"https:\/\/kontent-structures.com\/#organization","name":"Kontent Structures","url":"https:\/\/kontent-structures.com\/","logo":{"@type":"ImageObject","inLanguage":"de","@id":"https:\/\/kontent-structures.com\/#\/schema\/logo\/image\/","url":"https:\/\/kontent-structures.com\/wp-content\/uploads\/2021\/04\/Kontent-Structures-verkleind.png","contentUrl":"https:\/\/kontent-structures.com\/wp-content\/uploads\/2021\/04\/Kontent-Structures-verkleind.png","width":400,"height":355,"caption":"Kontent Structures"},"image":{"@id":"https:\/\/kontent-structures.com\/#\/schema\/logo\/image\/"}}]}},"_links":{"self":[{"href":"https:\/\/kontent-structures.com\/de\/wp-json\/wp\/v2\/pages\/12067","targetHints":{"allow":["GET"]}}],"collection":[{"href":"https:\/\/kontent-structures.com\/de\/wp-json\/wp\/v2\/pages"}],"about":[{"href":"https:\/\/kontent-structures.com\/de\/wp-json\/wp\/v2\/types\/page"}],"author":[{"embeddable":true,"href":"https:\/\/kontent-structures.com\/de\/wp-json\/wp\/v2\/users\/2"}],"replies":[{"embeddable":true,"href":"https:\/\/kontent-structures.com\/de\/wp-json\/wp\/v2\/comments?post=12067"}],"version-history":[{"count":4,"href":"https:\/\/kontent-structures.com\/de\/wp-json\/wp\/v2\/pages\/12067\/revisions"}],"predecessor-version":[{"id":13496,"href":"https:\/\/kontent-structures.com\/de\/wp-json\/wp\/v2\/pages\/12067\/revisions\/13496"}],"up":[{"embeddable":true,"href":"https:\/\/kontent-structures.com\/de\/wp-json\/wp\/v2\/pages\/12015"}],"wp:featuredmedia":[{"embeddable":true,"href":"https:\/\/kontent-structures.com\/de\/wp-json\/wp\/v2\/media\/10345"}],"wp:attachment":[{"href":"https:\/\/kontent-structures.com\/de\/wp-json\/wp\/v2\/media?parent=12067"}],"curies":[{"name":"wp","href":"https:\/\/api.w.org\/{rel}","templated":true}]}}