{"id":12071,"date":"2022-06-24T13:46:09","date_gmt":"2022-06-24T11:46:09","guid":{"rendered":"https:\/\/kontent-structures.com\/demontierbare-gebaeude\/distributiecentrum\/"},"modified":"2023-03-30T10:45:09","modified_gmt":"2023-03-30T08:45:09","slug":"vertriebszentrum","status":"publish","type":"page","link":"https:\/\/kontent-structures.com\/de\/demontierbare-gebaeude\/vertriebszentrum\/","title":{"rendered":"Vertriebszentrum"},"content":{"rendered":"<p>Ben\u00f6tigen Sie zus\u00e4tzlichen Lagerraum f\u00fcr Ihre Best\u00e4nde oder Auftr\u00e4ge? Sie wollen Ihr bestehendes Geb\u00e4ude erweitern, aber noch nicht in permanente Geb\u00e4ude investieren? Dann ist ein demontierbares Distributionszentrum von Kontent Structures die perfekte L\u00f6sung f\u00fcr Ihren Platzbedarf. Innerhalb weniger Wochen realisiert Kontent Structures ein Distributionszentrum, das komplett nach Ihren Anforderungen gebaut wird.<\/p>\n<p>Ein demontierbares Distributionszentrum von Kontent Structures ist eine dauerhafte und kosteng\u00fcnstige Alternative zum Bau neuer Lagerhallen. Die Leichtbauhallen von Kontent Structures sind flexibel in Gr\u00f6\u00dfe, Design und Lebensdauer. Wir realisieren demontierbare Distributionszentren f\u00fcr einen Zeitraum von mindestens einigen Wochen, aber auch langfristig.<\/p>\n","protected":false},"excerpt":{"rendered":"<p>Ben\u00f6tigen Sie zus\u00e4tzlichen Lagerraum f\u00fcr Ihre Best\u00e4nde oder Auftr\u00e4ge? Sie wollen Ihr bestehendes Geb\u00e4ude erweitern, aber noch nicht<\/p>\n<div class=\"kontent-read\"><a href=\"https:\/\/kontent-structures.com\/de\/demontierbare-gebaeude\/vertriebszentrum\/\" class=\"\"> <i class=\"fas fa-chevron-right\"><\/i><\/a><\/div>\n","protected":false},"author":2,"featured_media":10400,"parent":12015,"menu_order":0,"comment_status":"closed","ping_status":"closed","template":"templates\/template-gebouw.php","meta":{"_acf_changed":false,"footnotes":""},"class_list":["post-12071","page","type-page","status-publish","has-post-thumbnail","hentry"],"acf":[],"yoast_head":"<!-- This site is optimized with the Yoast SEO plugin v27.2 - https:\/\/yoast.com\/product\/yoast-seo-wordpress\/ -->\n<title>Vertriebszentrum - Kontent Structures<\/title>\n<meta name=\"robots\" content=\"index, follow, max-snippet:-1, max-image-preview:large, max-video-preview:-1\" \/>\n<link rel=\"canonical\" href=\"https:\/\/kontent-structures.com\/de\/demontierbare-gebaeude\/vertriebszentrum\/\" \/>\n<meta property=\"og:locale\" content=\"de_DE\" \/>\n<meta property=\"og:type\" content=\"article\" \/>\n<meta property=\"og:title\" content=\"Vertriebszentrum - Kontent Structures\" \/>\n<meta property=\"og:description\" content=\"Ben\u00f6tigen Sie zus\u00e4tzlichen Lagerraum f\u00fcr Ihre Best\u00e4nde oder Auftr\u00e4ge? Sie wollen Ihr bestehendes Geb\u00e4ude erweitern, aber noch nicht\" \/>\n<meta property=\"og:url\" content=\"https:\/\/kontent-structures.com\/de\/demontierbare-gebaeude\/vertriebszentrum\/\" \/>\n<meta property=\"og:site_name\" content=\"Kontent Structures\" \/>\n<meta property=\"article:modified_time\" content=\"2023-03-30T08:45:09+00:00\" \/>\n<meta property=\"og:image\" content=\"https:\/\/kontent-structures.com\/wp-content\/uploads\/2022\/05\/Distributiehal-1.jpg\" \/>\n\t<meta property=\"og:image:width\" content=\"1920\" \/>\n\t<meta property=\"og:image:height\" content=\"2560\" \/>\n\t<meta property=\"og:image:type\" content=\"image\/jpeg\" \/>\n<meta name=\"twitter:card\" content=\"summary_large_image\" \/>\n<meta name=\"twitter:label1\" content=\"Gesch\u00e4tzte Lesezeit\" \/>\n\t<meta name=\"twitter:data1\" content=\"1\u00a0Minute\" \/>\n<script type=\"application\/ld+json\" class=\"yoast-schema-graph\">{\"@context\":\"https:\/\/schema.org\",\"@graph\":[{\"@type\":\"WebPage\",\"@id\":\"https:\/\/kontent-structures.com\/de\/demontierbare-gebaeude\/vertriebszentrum\/\",\"url\":\"https:\/\/kontent-structures.com\/de\/demontierbare-gebaeude\/vertriebszentrum\/\",\"name\":\"Vertriebszentrum - Kontent Structures\",\"isPartOf\":{\"@id\":\"https:\/\/kontent-structures.com\/#website\"},\"primaryImageOfPage\":{\"@id\":\"https:\/\/kontent-structures.com\/de\/demontierbare-gebaeude\/vertriebszentrum\/#primaryimage\"},\"image\":{\"@id\":\"https:\/\/kontent-structures.com\/de\/demontierbare-gebaeude\/vertriebszentrum\/#primaryimage\"},\"thumbnailUrl\":\"https:\/\/kontent-structures.com\/wp-content\/uploads\/2022\/05\/Distributiehal-1.jpg\",\"datePublished\":\"2022-06-24T11:46:09+00:00\",\"dateModified\":\"2023-03-30T08:45:09+00:00\",\"breadcrumb\":{\"@id\":\"https:\/\/kontent-structures.com\/de\/demontierbare-gebaeude\/vertriebszentrum\/#breadcrumb\"},\"inLanguage\":\"de\",\"potentialAction\":[{\"@type\":\"ReadAction\",\"target\":[\"https:\/\/kontent-structures.com\/de\/demontierbare-gebaeude\/vertriebszentrum\/\"]}]},{\"@type\":\"ImageObject\",\"inLanguage\":\"de\",\"@id\":\"https:\/\/kontent-structures.com\/de\/demontierbare-gebaeude\/vertriebszentrum\/#primaryimage\",\"url\":\"https:\/\/kontent-structures.com\/wp-content\/uploads\/2022\/05\/Distributiehal-1.jpg\",\"contentUrl\":\"https:\/\/kontent-structures.com\/wp-content\/uploads\/2022\/05\/Distributiehal-1.jpg\",\"width\":1920,\"height\":2560},{\"@type\":\"BreadcrumbList\",\"@id\":\"https:\/\/kontent-structures.com\/de\/demontierbare-gebaeude\/vertriebszentrum\/#breadcrumb\",\"itemListElement\":[{\"@type\":\"ListItem\",\"position\":1,\"name\":\"Home\",\"item\":\"https:\/\/kontent-structures.com\/de\/\"},{\"@type\":\"ListItem\",\"position\":2,\"name\":\"Demontierbare geb\u00e4ude\",\"item\":\"https:\/\/kontent-structures.com\/de\/demontierbare-gebaeude\/\"},{\"@type\":\"ListItem\",\"position\":3,\"name\":\"Vertriebszentrum\"}]},{\"@type\":\"WebSite\",\"@id\":\"https:\/\/kontent-structures.com\/#website\",\"url\":\"https:\/\/kontent-structures.com\/\",\"name\":\"Kontent Structures\",\"description\":\"En nog een WordPress site\",\"publisher\":{\"@id\":\"https:\/\/kontent-structures.com\/#organization\"},\"potentialAction\":[{\"@type\":\"SearchAction\",\"target\":{\"@type\":\"EntryPoint\",\"urlTemplate\":\"https:\/\/kontent-structures.com\/?s={search_term_string}\"},\"query-input\":{\"@type\":\"PropertyValueSpecification\",\"valueRequired\":true,\"valueName\":\"search_term_string\"}}],\"inLanguage\":\"de\"},{\"@type\":\"Organization\",\"@id\":\"https:\/\/kontent-structures.com\/#organization\",\"name\":\"Kontent Structures\",\"url\":\"https:\/\/kontent-structures.com\/\",\"logo\":{\"@type\":\"ImageObject\",\"inLanguage\":\"de\",\"@id\":\"https:\/\/kontent-structures.com\/#\/schema\/logo\/image\/\",\"url\":\"https:\/\/kontent-structures.com\/wp-content\/uploads\/2021\/04\/Kontent-Structures-verkleind.png\",\"contentUrl\":\"https:\/\/kontent-structures.com\/wp-content\/uploads\/2021\/04\/Kontent-Structures-verkleind.png\",\"width\":400,\"height\":355,\"caption\":\"Kontent Structures\"},\"image\":{\"@id\":\"https:\/\/kontent-structures.com\/#\/schema\/logo\/image\/\"}}]}<\/script>\n<!-- \/ Yoast SEO plugin. -->","yoast_head_json":{"title":"Vertriebszentrum - Kontent Structures","robots":{"index":"index","follow":"follow","max-snippet":"max-snippet:-1","max-image-preview":"max-image-preview:large","max-video-preview":"max-video-preview:-1"},"canonical":"https:\/\/kontent-structures.com\/de\/demontierbare-gebaeude\/vertriebszentrum\/","og_locale":"de_DE","og_type":"article","og_title":"Vertriebszentrum - Kontent Structures","og_description":"Ben\u00f6tigen Sie zus\u00e4tzlichen Lagerraum f\u00fcr Ihre Best\u00e4nde oder Auftr\u00e4ge? Sie wollen Ihr bestehendes Geb\u00e4ude erweitern, aber noch nicht","og_url":"https:\/\/kontent-structures.com\/de\/demontierbare-gebaeude\/vertriebszentrum\/","og_site_name":"Kontent Structures","article_modified_time":"2023-03-30T08:45:09+00:00","og_image":[{"width":1920,"height":2560,"url":"https:\/\/kontent-structures.com\/wp-content\/uploads\/2022\/05\/Distributiehal-1.jpg","type":"image\/jpeg"}],"twitter_card":"summary_large_image","twitter_misc":{"Gesch\u00e4tzte Lesezeit":"1\u00a0Minute"},"schema":{"@context":"https:\/\/schema.org","@graph":[{"@type":"WebPage","@id":"https:\/\/kontent-structures.com\/de\/demontierbare-gebaeude\/vertriebszentrum\/","url":"https:\/\/kontent-structures.com\/de\/demontierbare-gebaeude\/vertriebszentrum\/","name":"Vertriebszentrum - Kontent Structures","isPartOf":{"@id":"https:\/\/kontent-structures.com\/#website"},"primaryImageOfPage":{"@id":"https:\/\/kontent-structures.com\/de\/demontierbare-gebaeude\/vertriebszentrum\/#primaryimage"},"image":{"@id":"https:\/\/kontent-structures.com\/de\/demontierbare-gebaeude\/vertriebszentrum\/#primaryimage"},"thumbnailUrl":"https:\/\/kontent-structures.com\/wp-content\/uploads\/2022\/05\/Distributiehal-1.jpg","datePublished":"2022-06-24T11:46:09+00:00","dateModified":"2023-03-30T08:45:09+00:00","breadcrumb":{"@id":"https:\/\/kontent-structures.com\/de\/demontierbare-gebaeude\/vertriebszentrum\/#breadcrumb"},"inLanguage":"de","potentialAction":[{"@type":"ReadAction","target":["https:\/\/kontent-structures.com\/de\/demontierbare-gebaeude\/vertriebszentrum\/"]}]},{"@type":"ImageObject","inLanguage":"de","@id":"https:\/\/kontent-structures.com\/de\/demontierbare-gebaeude\/vertriebszentrum\/#primaryimage","url":"https:\/\/kontent-structures.com\/wp-content\/uploads\/2022\/05\/Distributiehal-1.jpg","contentUrl":"https:\/\/kontent-structures.com\/wp-content\/uploads\/2022\/05\/Distributiehal-1.jpg","width":1920,"height":2560},{"@type":"BreadcrumbList","@id":"https:\/\/kontent-structures.com\/de\/demontierbare-gebaeude\/vertriebszentrum\/#breadcrumb","itemListElement":[{"@type":"ListItem","position":1,"name":"Home","item":"https:\/\/kontent-structures.com\/de\/"},{"@type":"ListItem","position":2,"name":"Demontierbare geb\u00e4ude","item":"https:\/\/kontent-structures.com\/de\/demontierbare-gebaeude\/"},{"@type":"ListItem","position":3,"name":"Vertriebszentrum"}]},{"@type":"WebSite","@id":"https:\/\/kontent-structures.com\/#website","url":"https:\/\/kontent-structures.com\/","name":"Kontent Structures","description":"En nog een WordPress site","publisher":{"@id":"https:\/\/kontent-structures.com\/#organization"},"potentialAction":[{"@type":"SearchAction","target":{"@type":"EntryPoint","urlTemplate":"https:\/\/kontent-structures.com\/?s={search_term_string}"},"query-input":{"@type":"PropertyValueSpecification","valueRequired":true,"valueName":"search_term_string"}}],"inLanguage":"de"},{"@type":"Organization","@id":"https:\/\/kontent-structures.com\/#organization","name":"Kontent Structures","url":"https:\/\/kontent-structures.com\/","logo":{"@type":"ImageObject","inLanguage":"de","@id":"https:\/\/kontent-structures.com\/#\/schema\/logo\/image\/","url":"https:\/\/kontent-structures.com\/wp-content\/uploads\/2021\/04\/Kontent-Structures-verkleind.png","contentUrl":"https:\/\/kontent-structures.com\/wp-content\/uploads\/2021\/04\/Kontent-Structures-verkleind.png","width":400,"height":355,"caption":"Kontent Structures"},"image":{"@id":"https:\/\/kontent-structures.com\/#\/schema\/logo\/image\/"}}]}},"_links":{"self":[{"href":"https:\/\/kontent-structures.com\/de\/wp-json\/wp\/v2\/pages\/12071","targetHints":{"allow":["GET"]}}],"collection":[{"href":"https:\/\/kontent-structures.com\/de\/wp-json\/wp\/v2\/pages"}],"about":[{"href":"https:\/\/kontent-structures.com\/de\/wp-json\/wp\/v2\/types\/page"}],"author":[{"embeddable":true,"href":"https:\/\/kontent-structures.com\/de\/wp-json\/wp\/v2\/users\/2"}],"replies":[{"embeddable":true,"href":"https:\/\/kontent-structures.com\/de\/wp-json\/wp\/v2\/comments?post=12071"}],"version-history":[{"count":7,"href":"https:\/\/kontent-structures.com\/de\/wp-json\/wp\/v2\/pages\/12071\/revisions"}],"predecessor-version":[{"id":13488,"href":"https:\/\/kontent-structures.com\/de\/wp-json\/wp\/v2\/pages\/12071\/revisions\/13488"}],"up":[{"embeddable":true,"href":"https:\/\/kontent-structures.com\/de\/wp-json\/wp\/v2\/pages\/12015"}],"wp:featuredmedia":[{"embeddable":true,"href":"https:\/\/kontent-structures.com\/de\/wp-json\/wp\/v2\/media\/10400"}],"wp:attachment":[{"href":"https:\/\/kontent-structures.com\/de\/wp-json\/wp\/v2\/media?parent=12071"}],"curies":[{"name":"wp","href":"https:\/\/api.w.org\/{rel}","templated":true}]}}