{"id":12085,"date":"2022-07-01T11:54:14","date_gmt":"2022-07-01T09:54:14","guid":{"rendered":"https:\/\/kontent-structures.com\/demontierbare-gebaeude\/noodgebouwen\/"},"modified":"2023-08-10T16:26:07","modified_gmt":"2023-08-10T14:26:07","slug":"gebaeude-fuer-notfaelle","status":"publish","type":"page","link":"https:\/\/kontent-structures.com\/de\/demontierbare-gebaeude\/gebaeude-fuer-notfaelle\/","title":{"rendered":"Geb\u00e4ude f\u00fcr Notf\u00e4lle"},"content":{"rendered":"<p>Ben\u00f6tigen Sie so schnell wie m\u00f6glich einen \u00fcberdachten Raum, der als (vor\u00fcbergehendes) Notkrankenhaus, Testgel\u00e4nde oder Sozialwohnung dienen kann? Oder wollen Sie die Kapazit\u00e4t Ihres Krankenhauses erweitern? Dann sind Sie bei Kontent Structures an der richtigen Adresse, um dieses Problem zu l\u00f6sen. Kontent Structures ist ein Spezialist auf dem Gebiet der permanenten und tempor\u00e4ren Notfallbauten.<\/p>\n<p>Die demontierbaren Notfallgeb\u00e4ude von Kontent Structures werden haupts\u00e4chlich zur L\u00f6sung eines (vor\u00fcbergehenden) Platzproblems in Notf\u00e4llen eingesetzt. Unsere Notunterk\u00fcnfte sorgen zum Beispiel daf\u00fcr, dass so schnell wie m\u00f6glich wieder menschenw\u00fcrdige Wohnverh\u00e4ltnisse hergestellt werden k\u00f6nnen. Die Notunterk\u00fcnfte k\u00f6nnen u. a. mit R\u00e4umen, Beleuchtung, Heizung, Trennw\u00e4nden, Strom und sanit\u00e4ren Anlagen ausgestattet werden.<\/p>\n","protected":false},"excerpt":{"rendered":"<p>Ben\u00f6tigen Sie so schnell wie m\u00f6glich einen \u00fcberdachten Raum, der als (vor\u00fcbergehendes) Notkrankenhaus, Testgel\u00e4nde oder Sozialwohnung dienen kann?<\/p>\n<div class=\"kontent-read\"><a href=\"https:\/\/kontent-structures.com\/de\/demontierbare-gebaeude\/gebaeude-fuer-notfaelle\/\" class=\"\"> <i class=\"fas fa-chevron-right\"><\/i><\/a><\/div>\n","protected":false},"author":2,"featured_media":10477,"parent":12015,"menu_order":0,"comment_status":"closed","ping_status":"closed","template":"templates\/template-demontabel.php","meta":{"_acf_changed":false,"footnotes":""},"class_list":["post-12085","page","type-page","status-publish","has-post-thumbnail","hentry"],"acf":[],"yoast_head":"<!-- This site is optimized with the Yoast SEO plugin v27.2 - https:\/\/yoast.com\/product\/yoast-seo-wordpress\/ -->\n<title>Geb\u00e4ude f\u00fcr Notf\u00e4lle - Kontent Structures<\/title>\n<meta name=\"robots\" content=\"index, follow, max-snippet:-1, max-image-preview:large, max-video-preview:-1\" \/>\n<link rel=\"canonical\" href=\"https:\/\/kontent-structures.com\/de\/demontierbare-gebaeude\/gebaeude-fuer-notfaelle\/\" \/>\n<meta property=\"og:locale\" content=\"de_DE\" \/>\n<meta property=\"og:type\" content=\"article\" \/>\n<meta property=\"og:title\" content=\"Geb\u00e4ude f\u00fcr Notf\u00e4lle - Kontent Structures\" \/>\n<meta property=\"og:description\" content=\"Ben\u00f6tigen Sie so schnell wie m\u00f6glich einen \u00fcberdachten Raum, der als (vor\u00fcbergehendes) Notkrankenhaus, Testgel\u00e4nde oder Sozialwohnung dienen kann?\" \/>\n<meta property=\"og:url\" content=\"https:\/\/kontent-structures.com\/de\/demontierbare-gebaeude\/gebaeude-fuer-notfaelle\/\" \/>\n<meta property=\"og:site_name\" content=\"Kontent Structures\" \/>\n<meta property=\"article:modified_time\" content=\"2023-08-10T14:26:07+00:00\" \/>\n<meta property=\"og:image\" content=\"https:\/\/kontent-structures.com\/wp-content\/uploads\/2022\/06\/ziekenhuis-3-1-scaled.jpg\" \/>\n\t<meta property=\"og:image:width\" content=\"1920\" \/>\n\t<meta property=\"og:image:height\" content=\"2560\" \/>\n\t<meta property=\"og:image:type\" content=\"image\/jpeg\" \/>\n<meta name=\"twitter:card\" content=\"summary_large_image\" \/>\n<meta name=\"twitter:label1\" content=\"Gesch\u00e4tzte Lesezeit\" \/>\n\t<meta name=\"twitter:data1\" content=\"1\u00a0Minute\" \/>\n<script type=\"application\/ld+json\" class=\"yoast-schema-graph\">{\"@context\":\"https:\/\/schema.org\",\"@graph\":[{\"@type\":\"WebPage\",\"@id\":\"https:\/\/kontent-structures.com\/de\/demontierbare-gebaeude\/gebaeude-fuer-notfaelle\/\",\"url\":\"https:\/\/kontent-structures.com\/de\/demontierbare-gebaeude\/gebaeude-fuer-notfaelle\/\",\"name\":\"Geb\u00e4ude f\u00fcr Notf\u00e4lle - Kontent Structures\",\"isPartOf\":{\"@id\":\"https:\/\/kontent-structures.com\/#website\"},\"primaryImageOfPage\":{\"@id\":\"https:\/\/kontent-structures.com\/de\/demontierbare-gebaeude\/gebaeude-fuer-notfaelle\/#primaryimage\"},\"image\":{\"@id\":\"https:\/\/kontent-structures.com\/de\/demontierbare-gebaeude\/gebaeude-fuer-notfaelle\/#primaryimage\"},\"thumbnailUrl\":\"https:\/\/kontent-structures.com\/wp-content\/uploads\/2022\/06\/ziekenhuis-3-1-scaled.jpg\",\"datePublished\":\"2022-07-01T09:54:14+00:00\",\"dateModified\":\"2023-08-10T14:26:07+00:00\",\"breadcrumb\":{\"@id\":\"https:\/\/kontent-structures.com\/de\/demontierbare-gebaeude\/gebaeude-fuer-notfaelle\/#breadcrumb\"},\"inLanguage\":\"de\",\"potentialAction\":[{\"@type\":\"ReadAction\",\"target\":[\"https:\/\/kontent-structures.com\/de\/demontierbare-gebaeude\/gebaeude-fuer-notfaelle\/\"]}]},{\"@type\":\"ImageObject\",\"inLanguage\":\"de\",\"@id\":\"https:\/\/kontent-structures.com\/de\/demontierbare-gebaeude\/gebaeude-fuer-notfaelle\/#primaryimage\",\"url\":\"https:\/\/kontent-structures.com\/wp-content\/uploads\/2022\/06\/ziekenhuis-3-1-scaled.jpg\",\"contentUrl\":\"https:\/\/kontent-structures.com\/wp-content\/uploads\/2022\/06\/ziekenhuis-3-1-scaled.jpg\",\"width\":1920,\"height\":2560},{\"@type\":\"BreadcrumbList\",\"@id\":\"https:\/\/kontent-structures.com\/de\/demontierbare-gebaeude\/gebaeude-fuer-notfaelle\/#breadcrumb\",\"itemListElement\":[{\"@type\":\"ListItem\",\"position\":1,\"name\":\"Home\",\"item\":\"https:\/\/kontent-structures.com\/de\/\"},{\"@type\":\"ListItem\",\"position\":2,\"name\":\"Demontierbare geb\u00e4ude\",\"item\":\"https:\/\/kontent-structures.com\/de\/demontierbare-gebaeude\/\"},{\"@type\":\"ListItem\",\"position\":3,\"name\":\"Geb\u00e4ude f\u00fcr Notf\u00e4lle\"}]},{\"@type\":\"WebSite\",\"@id\":\"https:\/\/kontent-structures.com\/#website\",\"url\":\"https:\/\/kontent-structures.com\/\",\"name\":\"Kontent Structures\",\"description\":\"En nog een WordPress site\",\"publisher\":{\"@id\":\"https:\/\/kontent-structures.com\/#organization\"},\"potentialAction\":[{\"@type\":\"SearchAction\",\"target\":{\"@type\":\"EntryPoint\",\"urlTemplate\":\"https:\/\/kontent-structures.com\/?s={search_term_string}\"},\"query-input\":{\"@type\":\"PropertyValueSpecification\",\"valueRequired\":true,\"valueName\":\"search_term_string\"}}],\"inLanguage\":\"de\"},{\"@type\":\"Organization\",\"@id\":\"https:\/\/kontent-structures.com\/#organization\",\"name\":\"Kontent Structures\",\"url\":\"https:\/\/kontent-structures.com\/\",\"logo\":{\"@type\":\"ImageObject\",\"inLanguage\":\"de\",\"@id\":\"https:\/\/kontent-structures.com\/#\/schema\/logo\/image\/\",\"url\":\"https:\/\/kontent-structures.com\/wp-content\/uploads\/2021\/04\/Kontent-Structures-verkleind.png\",\"contentUrl\":\"https:\/\/kontent-structures.com\/wp-content\/uploads\/2021\/04\/Kontent-Structures-verkleind.png\",\"width\":400,\"height\":355,\"caption\":\"Kontent Structures\"},\"image\":{\"@id\":\"https:\/\/kontent-structures.com\/#\/schema\/logo\/image\/\"}}]}<\/script>\n<!-- \/ Yoast SEO plugin. -->","yoast_head_json":{"title":"Geb\u00e4ude f\u00fcr Notf\u00e4lle - Kontent Structures","robots":{"index":"index","follow":"follow","max-snippet":"max-snippet:-1","max-image-preview":"max-image-preview:large","max-video-preview":"max-video-preview:-1"},"canonical":"https:\/\/kontent-structures.com\/de\/demontierbare-gebaeude\/gebaeude-fuer-notfaelle\/","og_locale":"de_DE","og_type":"article","og_title":"Geb\u00e4ude f\u00fcr Notf\u00e4lle - Kontent Structures","og_description":"Ben\u00f6tigen Sie so schnell wie m\u00f6glich einen \u00fcberdachten Raum, der als (vor\u00fcbergehendes) Notkrankenhaus, Testgel\u00e4nde oder Sozialwohnung dienen kann?","og_url":"https:\/\/kontent-structures.com\/de\/demontierbare-gebaeude\/gebaeude-fuer-notfaelle\/","og_site_name":"Kontent Structures","article_modified_time":"2023-08-10T14:26:07+00:00","og_image":[{"width":1920,"height":2560,"url":"https:\/\/kontent-structures.com\/wp-content\/uploads\/2022\/06\/ziekenhuis-3-1-scaled.jpg","type":"image\/jpeg"}],"twitter_card":"summary_large_image","twitter_misc":{"Gesch\u00e4tzte Lesezeit":"1\u00a0Minute"},"schema":{"@context":"https:\/\/schema.org","@graph":[{"@type":"WebPage","@id":"https:\/\/kontent-structures.com\/de\/demontierbare-gebaeude\/gebaeude-fuer-notfaelle\/","url":"https:\/\/kontent-structures.com\/de\/demontierbare-gebaeude\/gebaeude-fuer-notfaelle\/","name":"Geb\u00e4ude f\u00fcr Notf\u00e4lle - Kontent Structures","isPartOf":{"@id":"https:\/\/kontent-structures.com\/#website"},"primaryImageOfPage":{"@id":"https:\/\/kontent-structures.com\/de\/demontierbare-gebaeude\/gebaeude-fuer-notfaelle\/#primaryimage"},"image":{"@id":"https:\/\/kontent-structures.com\/de\/demontierbare-gebaeude\/gebaeude-fuer-notfaelle\/#primaryimage"},"thumbnailUrl":"https:\/\/kontent-structures.com\/wp-content\/uploads\/2022\/06\/ziekenhuis-3-1-scaled.jpg","datePublished":"2022-07-01T09:54:14+00:00","dateModified":"2023-08-10T14:26:07+00:00","breadcrumb":{"@id":"https:\/\/kontent-structures.com\/de\/demontierbare-gebaeude\/gebaeude-fuer-notfaelle\/#breadcrumb"},"inLanguage":"de","potentialAction":[{"@type":"ReadAction","target":["https:\/\/kontent-structures.com\/de\/demontierbare-gebaeude\/gebaeude-fuer-notfaelle\/"]}]},{"@type":"ImageObject","inLanguage":"de","@id":"https:\/\/kontent-structures.com\/de\/demontierbare-gebaeude\/gebaeude-fuer-notfaelle\/#primaryimage","url":"https:\/\/kontent-structures.com\/wp-content\/uploads\/2022\/06\/ziekenhuis-3-1-scaled.jpg","contentUrl":"https:\/\/kontent-structures.com\/wp-content\/uploads\/2022\/06\/ziekenhuis-3-1-scaled.jpg","width":1920,"height":2560},{"@type":"BreadcrumbList","@id":"https:\/\/kontent-structures.com\/de\/demontierbare-gebaeude\/gebaeude-fuer-notfaelle\/#breadcrumb","itemListElement":[{"@type":"ListItem","position":1,"name":"Home","item":"https:\/\/kontent-structures.com\/de\/"},{"@type":"ListItem","position":2,"name":"Demontierbare geb\u00e4ude","item":"https:\/\/kontent-structures.com\/de\/demontierbare-gebaeude\/"},{"@type":"ListItem","position":3,"name":"Geb\u00e4ude f\u00fcr Notf\u00e4lle"}]},{"@type":"WebSite","@id":"https:\/\/kontent-structures.com\/#website","url":"https:\/\/kontent-structures.com\/","name":"Kontent Structures","description":"En nog een WordPress site","publisher":{"@id":"https:\/\/kontent-structures.com\/#organization"},"potentialAction":[{"@type":"SearchAction","target":{"@type":"EntryPoint","urlTemplate":"https:\/\/kontent-structures.com\/?s={search_term_string}"},"query-input":{"@type":"PropertyValueSpecification","valueRequired":true,"valueName":"search_term_string"}}],"inLanguage":"de"},{"@type":"Organization","@id":"https:\/\/kontent-structures.com\/#organization","name":"Kontent Structures","url":"https:\/\/kontent-structures.com\/","logo":{"@type":"ImageObject","inLanguage":"de","@id":"https:\/\/kontent-structures.com\/#\/schema\/logo\/image\/","url":"https:\/\/kontent-structures.com\/wp-content\/uploads\/2021\/04\/Kontent-Structures-verkleind.png","contentUrl":"https:\/\/kontent-structures.com\/wp-content\/uploads\/2021\/04\/Kontent-Structures-verkleind.png","width":400,"height":355,"caption":"Kontent Structures"},"image":{"@id":"https:\/\/kontent-structures.com\/#\/schema\/logo\/image\/"}}]}},"_links":{"self":[{"href":"https:\/\/kontent-structures.com\/de\/wp-json\/wp\/v2\/pages\/12085","targetHints":{"allow":["GET"]}}],"collection":[{"href":"https:\/\/kontent-structures.com\/de\/wp-json\/wp\/v2\/pages"}],"about":[{"href":"https:\/\/kontent-structures.com\/de\/wp-json\/wp\/v2\/types\/page"}],"author":[{"embeddable":true,"href":"https:\/\/kontent-structures.com\/de\/wp-json\/wp\/v2\/users\/2"}],"replies":[{"embeddable":true,"href":"https:\/\/kontent-structures.com\/de\/wp-json\/wp\/v2\/comments?post=12085"}],"version-history":[{"count":6,"href":"https:\/\/kontent-structures.com\/de\/wp-json\/wp\/v2\/pages\/12085\/revisions"}],"predecessor-version":[{"id":14184,"href":"https:\/\/kontent-structures.com\/de\/wp-json\/wp\/v2\/pages\/12085\/revisions\/14184"}],"up":[{"embeddable":true,"href":"https:\/\/kontent-structures.com\/de\/wp-json\/wp\/v2\/pages\/12015"}],"wp:featuredmedia":[{"embeddable":true,"href":"https:\/\/kontent-structures.com\/de\/wp-json\/wp\/v2\/media\/10477"}],"wp:attachment":[{"href":"https:\/\/kontent-structures.com\/de\/wp-json\/wp\/v2\/media?parent=12085"}],"curies":[{"name":"wp","href":"https:\/\/api.w.org\/{rel}","templated":true}]}}