{"id":12103,"date":"2022-07-01T11:59:41","date_gmt":"2022-07-01T09:59:41","guid":{"rendered":"https:\/\/kontent-structures.com\/demontierbare-gebaeude\/beurs-en-congreshallen\/"},"modified":"2023-03-30T11:17:09","modified_gmt":"2023-03-30T09:17:09","slug":"ausstellungs-und-kongresshallen","status":"publish","type":"page","link":"https:\/\/kontent-structures.com\/de\/demontierbare-gebaeude\/ausstellungs-und-kongresshallen\/","title":{"rendered":"Ausstellungs- und Kongresshallen"},"content":{"rendered":"<p>Organisieren Sie demn\u00e4chst eine Messe oder einen Kongress und ben\u00f6tigen Sie kurzfristig eine Ausstellungsunterkunft? Kontent Structures organisiert f\u00fcr Sie zus\u00e4tzliche Ausstellungsfl\u00e4che in Form einer demontierbaren Ausstellungshalle. Die Ausstellungshallen von Kontent Structures bestehen aus modernen Zeltstrukturen, die Ihrem Ausstellung ein gesch\u00e4ftsm\u00e4\u00dfiges und professionelles Aussehen verleihen. Sei es f\u00fcr eine Ausstellung, eine Produkteinf\u00fchrung, eine geplante Renovierung oder um Ihr Unternehmen am Laufen zu halten.<\/p>\n<p>Es ist m\u00f6glich, eine Kongress- oder Ausstellungshalle nach Ma\u00df anfertigen zu lassen. Aufgrund der Flexibilit\u00e4t einer demontierbaren Ausstellungs- oder Kongresshalle ist es m\u00f6glich, sie an praktisch jedem beliebigen Ort aufzustellen und sie auf oder neben Ihrer bestehenden Ausstellungs- oder Kongresshalle zu montieren. Auf diese Weise erleben die Besucher in jedem Fall einen unvergesslichen Tag auf der jeweiligen Veranstaltung.<\/p>\n","protected":false},"excerpt":{"rendered":"<p>Organisieren Sie demn\u00e4chst eine Messe oder einen Kongress und ben\u00f6tigen Sie kurzfristig eine Ausstellungsunterkunft? Kontent Structures organisiert f\u00fcr<\/p>\n<div class=\"kontent-read\"><a href=\"https:\/\/kontent-structures.com\/de\/demontierbare-gebaeude\/ausstellungs-und-kongresshallen\/\" class=\"\"> <i class=\"fas fa-chevron-right\"><\/i><\/a><\/div>\n","protected":false},"author":2,"featured_media":10784,"parent":12015,"menu_order":0,"comment_status":"closed","ping_status":"closed","template":"templates\/template-demontabel.php","meta":{"_acf_changed":false,"footnotes":""},"class_list":["post-12103","page","type-page","status-publish","has-post-thumbnail","hentry"],"acf":[],"yoast_head":"<!-- This site is optimized with the Yoast SEO plugin v27.2 - https:\/\/yoast.com\/product\/yoast-seo-wordpress\/ -->\n<title>Ausstellungs- und Kongresshallen - Kontent Structures<\/title>\n<meta name=\"robots\" content=\"index, follow, max-snippet:-1, max-image-preview:large, max-video-preview:-1\" \/>\n<link rel=\"canonical\" href=\"https:\/\/kontent-structures.com\/de\/demontierbare-gebaeude\/ausstellungs-und-kongresshallen\/\" \/>\n<meta property=\"og:locale\" content=\"de_DE\" \/>\n<meta property=\"og:type\" content=\"article\" \/>\n<meta property=\"og:title\" content=\"Ausstellungs- und Kongresshallen - Kontent Structures\" \/>\n<meta property=\"og:description\" content=\"Organisieren Sie demn\u00e4chst eine Messe oder einen Kongress und ben\u00f6tigen Sie kurzfristig eine Ausstellungsunterkunft? Kontent Structures organisiert f\u00fcr\" \/>\n<meta property=\"og:url\" content=\"https:\/\/kontent-structures.com\/de\/demontierbare-gebaeude\/ausstellungs-und-kongresshallen\/\" \/>\n<meta property=\"og:site_name\" content=\"Kontent Structures\" \/>\n<meta property=\"article:modified_time\" content=\"2023-03-30T09:17:09+00:00\" \/>\n<meta property=\"og:image\" content=\"https:\/\/kontent-structures.com\/wp-content\/uploads\/2022\/06\/beurs.jpg\" \/>\n\t<meta property=\"og:image:width\" content=\"980\" \/>\n\t<meta property=\"og:image:height\" content=\"1280\" \/>\n\t<meta property=\"og:image:type\" content=\"image\/jpeg\" \/>\n<meta name=\"twitter:card\" content=\"summary_large_image\" \/>\n<meta name=\"twitter:label1\" content=\"Gesch\u00e4tzte Lesezeit\" \/>\n\t<meta name=\"twitter:data1\" content=\"1\u00a0Minute\" \/>\n<script type=\"application\/ld+json\" class=\"yoast-schema-graph\">{\"@context\":\"https:\/\/schema.org\",\"@graph\":[{\"@type\":\"WebPage\",\"@id\":\"https:\/\/kontent-structures.com\/de\/demontierbare-gebaeude\/ausstellungs-und-kongresshallen\/\",\"url\":\"https:\/\/kontent-structures.com\/de\/demontierbare-gebaeude\/ausstellungs-und-kongresshallen\/\",\"name\":\"Ausstellungs- und Kongresshallen - Kontent Structures\",\"isPartOf\":{\"@id\":\"https:\/\/kontent-structures.com\/#website\"},\"primaryImageOfPage\":{\"@id\":\"https:\/\/kontent-structures.com\/de\/demontierbare-gebaeude\/ausstellungs-und-kongresshallen\/#primaryimage\"},\"image\":{\"@id\":\"https:\/\/kontent-structures.com\/de\/demontierbare-gebaeude\/ausstellungs-und-kongresshallen\/#primaryimage\"},\"thumbnailUrl\":\"https:\/\/kontent-structures.com\/wp-content\/uploads\/2022\/06\/beurs.jpg\",\"datePublished\":\"2022-07-01T09:59:41+00:00\",\"dateModified\":\"2023-03-30T09:17:09+00:00\",\"breadcrumb\":{\"@id\":\"https:\/\/kontent-structures.com\/de\/demontierbare-gebaeude\/ausstellungs-und-kongresshallen\/#breadcrumb\"},\"inLanguage\":\"de\",\"potentialAction\":[{\"@type\":\"ReadAction\",\"target\":[\"https:\/\/kontent-structures.com\/de\/demontierbare-gebaeude\/ausstellungs-und-kongresshallen\/\"]}]},{\"@type\":\"ImageObject\",\"inLanguage\":\"de\",\"@id\":\"https:\/\/kontent-structures.com\/de\/demontierbare-gebaeude\/ausstellungs-und-kongresshallen\/#primaryimage\",\"url\":\"https:\/\/kontent-structures.com\/wp-content\/uploads\/2022\/06\/beurs.jpg\",\"contentUrl\":\"https:\/\/kontent-structures.com\/wp-content\/uploads\/2022\/06\/beurs.jpg\",\"width\":980,\"height\":1280},{\"@type\":\"BreadcrumbList\",\"@id\":\"https:\/\/kontent-structures.com\/de\/demontierbare-gebaeude\/ausstellungs-und-kongresshallen\/#breadcrumb\",\"itemListElement\":[{\"@type\":\"ListItem\",\"position\":1,\"name\":\"Home\",\"item\":\"https:\/\/kontent-structures.com\/de\/\"},{\"@type\":\"ListItem\",\"position\":2,\"name\":\"Demontierbare geb\u00e4ude\",\"item\":\"https:\/\/kontent-structures.com\/de\/demontierbare-gebaeude\/\"},{\"@type\":\"ListItem\",\"position\":3,\"name\":\"Ausstellungs- und Kongresshallen\"}]},{\"@type\":\"WebSite\",\"@id\":\"https:\/\/kontent-structures.com\/#website\",\"url\":\"https:\/\/kontent-structures.com\/\",\"name\":\"Kontent Structures\",\"description\":\"En nog een WordPress site\",\"publisher\":{\"@id\":\"https:\/\/kontent-structures.com\/#organization\"},\"potentialAction\":[{\"@type\":\"SearchAction\",\"target\":{\"@type\":\"EntryPoint\",\"urlTemplate\":\"https:\/\/kontent-structures.com\/?s={search_term_string}\"},\"query-input\":{\"@type\":\"PropertyValueSpecification\",\"valueRequired\":true,\"valueName\":\"search_term_string\"}}],\"inLanguage\":\"de\"},{\"@type\":\"Organization\",\"@id\":\"https:\/\/kontent-structures.com\/#organization\",\"name\":\"Kontent Structures\",\"url\":\"https:\/\/kontent-structures.com\/\",\"logo\":{\"@type\":\"ImageObject\",\"inLanguage\":\"de\",\"@id\":\"https:\/\/kontent-structures.com\/#\/schema\/logo\/image\/\",\"url\":\"https:\/\/kontent-structures.com\/wp-content\/uploads\/2021\/04\/Kontent-Structures-verkleind.png\",\"contentUrl\":\"https:\/\/kontent-structures.com\/wp-content\/uploads\/2021\/04\/Kontent-Structures-verkleind.png\",\"width\":400,\"height\":355,\"caption\":\"Kontent Structures\"},\"image\":{\"@id\":\"https:\/\/kontent-structures.com\/#\/schema\/logo\/image\/\"}}]}<\/script>\n<!-- \/ Yoast SEO plugin. -->","yoast_head_json":{"title":"Ausstellungs- und Kongresshallen - Kontent Structures","robots":{"index":"index","follow":"follow","max-snippet":"max-snippet:-1","max-image-preview":"max-image-preview:large","max-video-preview":"max-video-preview:-1"},"canonical":"https:\/\/kontent-structures.com\/de\/demontierbare-gebaeude\/ausstellungs-und-kongresshallen\/","og_locale":"de_DE","og_type":"article","og_title":"Ausstellungs- und Kongresshallen - Kontent Structures","og_description":"Organisieren Sie demn\u00e4chst eine Messe oder einen Kongress und ben\u00f6tigen Sie kurzfristig eine Ausstellungsunterkunft? Kontent Structures organisiert f\u00fcr","og_url":"https:\/\/kontent-structures.com\/de\/demontierbare-gebaeude\/ausstellungs-und-kongresshallen\/","og_site_name":"Kontent Structures","article_modified_time":"2023-03-30T09:17:09+00:00","og_image":[{"width":980,"height":1280,"url":"https:\/\/kontent-structures.com\/wp-content\/uploads\/2022\/06\/beurs.jpg","type":"image\/jpeg"}],"twitter_card":"summary_large_image","twitter_misc":{"Gesch\u00e4tzte Lesezeit":"1\u00a0Minute"},"schema":{"@context":"https:\/\/schema.org","@graph":[{"@type":"WebPage","@id":"https:\/\/kontent-structures.com\/de\/demontierbare-gebaeude\/ausstellungs-und-kongresshallen\/","url":"https:\/\/kontent-structures.com\/de\/demontierbare-gebaeude\/ausstellungs-und-kongresshallen\/","name":"Ausstellungs- und Kongresshallen - Kontent Structures","isPartOf":{"@id":"https:\/\/kontent-structures.com\/#website"},"primaryImageOfPage":{"@id":"https:\/\/kontent-structures.com\/de\/demontierbare-gebaeude\/ausstellungs-und-kongresshallen\/#primaryimage"},"image":{"@id":"https:\/\/kontent-structures.com\/de\/demontierbare-gebaeude\/ausstellungs-und-kongresshallen\/#primaryimage"},"thumbnailUrl":"https:\/\/kontent-structures.com\/wp-content\/uploads\/2022\/06\/beurs.jpg","datePublished":"2022-07-01T09:59:41+00:00","dateModified":"2023-03-30T09:17:09+00:00","breadcrumb":{"@id":"https:\/\/kontent-structures.com\/de\/demontierbare-gebaeude\/ausstellungs-und-kongresshallen\/#breadcrumb"},"inLanguage":"de","potentialAction":[{"@type":"ReadAction","target":["https:\/\/kontent-structures.com\/de\/demontierbare-gebaeude\/ausstellungs-und-kongresshallen\/"]}]},{"@type":"ImageObject","inLanguage":"de","@id":"https:\/\/kontent-structures.com\/de\/demontierbare-gebaeude\/ausstellungs-und-kongresshallen\/#primaryimage","url":"https:\/\/kontent-structures.com\/wp-content\/uploads\/2022\/06\/beurs.jpg","contentUrl":"https:\/\/kontent-structures.com\/wp-content\/uploads\/2022\/06\/beurs.jpg","width":980,"height":1280},{"@type":"BreadcrumbList","@id":"https:\/\/kontent-structures.com\/de\/demontierbare-gebaeude\/ausstellungs-und-kongresshallen\/#breadcrumb","itemListElement":[{"@type":"ListItem","position":1,"name":"Home","item":"https:\/\/kontent-structures.com\/de\/"},{"@type":"ListItem","position":2,"name":"Demontierbare geb\u00e4ude","item":"https:\/\/kontent-structures.com\/de\/demontierbare-gebaeude\/"},{"@type":"ListItem","position":3,"name":"Ausstellungs- und Kongresshallen"}]},{"@type":"WebSite","@id":"https:\/\/kontent-structures.com\/#website","url":"https:\/\/kontent-structures.com\/","name":"Kontent Structures","description":"En nog een WordPress site","publisher":{"@id":"https:\/\/kontent-structures.com\/#organization"},"potentialAction":[{"@type":"SearchAction","target":{"@type":"EntryPoint","urlTemplate":"https:\/\/kontent-structures.com\/?s={search_term_string}"},"query-input":{"@type":"PropertyValueSpecification","valueRequired":true,"valueName":"search_term_string"}}],"inLanguage":"de"},{"@type":"Organization","@id":"https:\/\/kontent-structures.com\/#organization","name":"Kontent Structures","url":"https:\/\/kontent-structures.com\/","logo":{"@type":"ImageObject","inLanguage":"de","@id":"https:\/\/kontent-structures.com\/#\/schema\/logo\/image\/","url":"https:\/\/kontent-structures.com\/wp-content\/uploads\/2021\/04\/Kontent-Structures-verkleind.png","contentUrl":"https:\/\/kontent-structures.com\/wp-content\/uploads\/2021\/04\/Kontent-Structures-verkleind.png","width":400,"height":355,"caption":"Kontent Structures"},"image":{"@id":"https:\/\/kontent-structures.com\/#\/schema\/logo\/image\/"}}]}},"_links":{"self":[{"href":"https:\/\/kontent-structures.com\/de\/wp-json\/wp\/v2\/pages\/12103","targetHints":{"allow":["GET"]}}],"collection":[{"href":"https:\/\/kontent-structures.com\/de\/wp-json\/wp\/v2\/pages"}],"about":[{"href":"https:\/\/kontent-structures.com\/de\/wp-json\/wp\/v2\/types\/page"}],"author":[{"embeddable":true,"href":"https:\/\/kontent-structures.com\/de\/wp-json\/wp\/v2\/users\/2"}],"replies":[{"embeddable":true,"href":"https:\/\/kontent-structures.com\/de\/wp-json\/wp\/v2\/comments?post=12103"}],"version-history":[{"count":5,"href":"https:\/\/kontent-structures.com\/de\/wp-json\/wp\/v2\/pages\/12103\/revisions"}],"predecessor-version":[{"id":13491,"href":"https:\/\/kontent-structures.com\/de\/wp-json\/wp\/v2\/pages\/12103\/revisions\/13491"}],"up":[{"embeddable":true,"href":"https:\/\/kontent-structures.com\/de\/wp-json\/wp\/v2\/pages\/12015"}],"wp:featuredmedia":[{"embeddable":true,"href":"https:\/\/kontent-structures.com\/de\/wp-json\/wp\/v2\/media\/10784"}],"wp:attachment":[{"href":"https:\/\/kontent-structures.com\/de\/wp-json\/wp\/v2\/media?parent=12103"}],"curies":[{"name":"wp","href":"https:\/\/api.w.org\/{rel}","templated":true}]}}