{"id":12113,"date":"2022-07-01T12:02:47","date_gmt":"2022-07-01T10:02:47","guid":{"rendered":"https:\/\/kontent-structures.com\/demontierbare-gebaeude\/horeca\/"},"modified":"2022-12-05T12:01:57","modified_gmt":"2022-12-05T11:01:57","slug":"gaststaettengewerbe","status":"publish","type":"page","link":"https:\/\/kontent-structures.com\/de\/demontierbare-gebaeude\/gaststaettengewerbe\/","title":{"rendered":"Gastst\u00e4ttengewerbe"},"content":{"rendered":"<p>Sie suchen ein demontierbares Geb\u00e4ude f\u00fcr das Gastgewerbe wegen eines vor\u00fcbergehenden Kapazit\u00e4tsmangels oder zur \u00dcberbr\u00fcckung einer Renovierung oder eines Neubaus? Dann ist ein demontierbares Gastronomiegeb\u00e4ude von Kontent Structures die L\u00f6sung f\u00fcr Ihren Raumbedarf. Das modulare Bausystem kann in kurzer Zeit am Standort Ihrer Wahl realisiert werden.<\/p>\n<p>Tempor\u00e4re Catering-Strukturen von Kontent Structures k\u00f6nnen ganz nach Ihren W\u00fcnschen aufgebaut werden, so dass die Struktur f\u00fcr echte Catering-Zwecke genutzt werden kann. Der Kunde kann zum Beispiel ein tempor\u00e4res Restaurant, ein Caf\u00e9 oder eine Kantine optional mit einem transparenten Dach, Glasw\u00e4nden oder Einzel-\/Doppelschlupft\u00fcren ausstatten.<\/p>\n","protected":false},"excerpt":{"rendered":"<p>Sie suchen ein demontierbares Geb\u00e4ude f\u00fcr das Gastgewerbe wegen eines vor\u00fcbergehenden Kapazit\u00e4tsmangels oder zur \u00dcberbr\u00fcckung einer Renovierung oder<\/p>\n<div class=\"kontent-read\"><a href=\"https:\/\/kontent-structures.com\/de\/demontierbare-gebaeude\/gaststaettengewerbe\/\" class=\"\"> <i class=\"fas fa-chevron-right\"><\/i><\/a><\/div>\n","protected":false},"author":2,"featured_media":10736,"parent":12015,"menu_order":0,"comment_status":"closed","ping_status":"closed","template":"templates\/template-demontabel.php","meta":{"_acf_changed":false,"footnotes":""},"class_list":["post-12113","page","type-page","status-publish","has-post-thumbnail","hentry"],"acf":[],"yoast_head":"<!-- This site is optimized with the Yoast SEO plugin v27.2 - https:\/\/yoast.com\/product\/yoast-seo-wordpress\/ -->\n<title>Gastst\u00e4ttengewerbe - Kontent Structures<\/title>\n<meta name=\"robots\" content=\"index, follow, max-snippet:-1, max-image-preview:large, max-video-preview:-1\" \/>\n<link rel=\"canonical\" href=\"https:\/\/kontent-structures.com\/de\/demontierbare-gebaeude\/gaststaettengewerbe\/\" \/>\n<meta property=\"og:locale\" content=\"de_DE\" \/>\n<meta property=\"og:type\" content=\"article\" \/>\n<meta property=\"og:title\" content=\"Gastst\u00e4ttengewerbe - Kontent Structures\" \/>\n<meta property=\"og:description\" content=\"Sie suchen ein demontierbares Geb\u00e4ude f\u00fcr das Gastgewerbe wegen eines vor\u00fcbergehenden Kapazit\u00e4tsmangels oder zur \u00dcberbr\u00fcckung einer Renovierung oder\" \/>\n<meta property=\"og:url\" content=\"https:\/\/kontent-structures.com\/de\/demontierbare-gebaeude\/gaststaettengewerbe\/\" \/>\n<meta property=\"og:site_name\" content=\"Kontent Structures\" \/>\n<meta property=\"article:modified_time\" content=\"2022-12-05T11:01:57+00:00\" \/>\n<meta property=\"og:image\" content=\"https:\/\/kontent-structures.com\/wp-content\/uploads\/2022\/06\/horeca-1.jpg\" \/>\n\t<meta property=\"og:image:width\" content=\"980\" \/>\n\t<meta property=\"og:image:height\" content=\"1280\" \/>\n\t<meta property=\"og:image:type\" content=\"image\/jpeg\" \/>\n<meta name=\"twitter:card\" content=\"summary_large_image\" \/>\n<meta name=\"twitter:label1\" content=\"Gesch\u00e4tzte Lesezeit\" \/>\n\t<meta name=\"twitter:data1\" content=\"1\u00a0Minute\" \/>\n<script type=\"application\/ld+json\" class=\"yoast-schema-graph\">{\"@context\":\"https:\/\/schema.org\",\"@graph\":[{\"@type\":\"WebPage\",\"@id\":\"https:\/\/kontent-structures.com\/de\/demontierbare-gebaeude\/gaststaettengewerbe\/\",\"url\":\"https:\/\/kontent-structures.com\/de\/demontierbare-gebaeude\/gaststaettengewerbe\/\",\"name\":\"Gastst\u00e4ttengewerbe - Kontent Structures\",\"isPartOf\":{\"@id\":\"https:\/\/kontent-structures.com\/#website\"},\"primaryImageOfPage\":{\"@id\":\"https:\/\/kontent-structures.com\/de\/demontierbare-gebaeude\/gaststaettengewerbe\/#primaryimage\"},\"image\":{\"@id\":\"https:\/\/kontent-structures.com\/de\/demontierbare-gebaeude\/gaststaettengewerbe\/#primaryimage\"},\"thumbnailUrl\":\"https:\/\/kontent-structures.com\/wp-content\/uploads\/2022\/06\/horeca-1.jpg\",\"datePublished\":\"2022-07-01T10:02:47+00:00\",\"dateModified\":\"2022-12-05T11:01:57+00:00\",\"breadcrumb\":{\"@id\":\"https:\/\/kontent-structures.com\/de\/demontierbare-gebaeude\/gaststaettengewerbe\/#breadcrumb\"},\"inLanguage\":\"de\",\"potentialAction\":[{\"@type\":\"ReadAction\",\"target\":[\"https:\/\/kontent-structures.com\/de\/demontierbare-gebaeude\/gaststaettengewerbe\/\"]}]},{\"@type\":\"ImageObject\",\"inLanguage\":\"de\",\"@id\":\"https:\/\/kontent-structures.com\/de\/demontierbare-gebaeude\/gaststaettengewerbe\/#primaryimage\",\"url\":\"https:\/\/kontent-structures.com\/wp-content\/uploads\/2022\/06\/horeca-1.jpg\",\"contentUrl\":\"https:\/\/kontent-structures.com\/wp-content\/uploads\/2022\/06\/horeca-1.jpg\",\"width\":980,\"height\":1280},{\"@type\":\"BreadcrumbList\",\"@id\":\"https:\/\/kontent-structures.com\/de\/demontierbare-gebaeude\/gaststaettengewerbe\/#breadcrumb\",\"itemListElement\":[{\"@type\":\"ListItem\",\"position\":1,\"name\":\"Home\",\"item\":\"https:\/\/kontent-structures.com\/de\/\"},{\"@type\":\"ListItem\",\"position\":2,\"name\":\"Demontierbare geb\u00e4ude\",\"item\":\"https:\/\/kontent-structures.com\/de\/demontierbare-gebaeude\/\"},{\"@type\":\"ListItem\",\"position\":3,\"name\":\"Gastst\u00e4ttengewerbe\"}]},{\"@type\":\"WebSite\",\"@id\":\"https:\/\/kontent-structures.com\/#website\",\"url\":\"https:\/\/kontent-structures.com\/\",\"name\":\"Kontent Structures\",\"description\":\"En nog een WordPress site\",\"publisher\":{\"@id\":\"https:\/\/kontent-structures.com\/#organization\"},\"potentialAction\":[{\"@type\":\"SearchAction\",\"target\":{\"@type\":\"EntryPoint\",\"urlTemplate\":\"https:\/\/kontent-structures.com\/?s={search_term_string}\"},\"query-input\":{\"@type\":\"PropertyValueSpecification\",\"valueRequired\":true,\"valueName\":\"search_term_string\"}}],\"inLanguage\":\"de\"},{\"@type\":\"Organization\",\"@id\":\"https:\/\/kontent-structures.com\/#organization\",\"name\":\"Kontent Structures\",\"url\":\"https:\/\/kontent-structures.com\/\",\"logo\":{\"@type\":\"ImageObject\",\"inLanguage\":\"de\",\"@id\":\"https:\/\/kontent-structures.com\/#\/schema\/logo\/image\/\",\"url\":\"https:\/\/kontent-structures.com\/wp-content\/uploads\/2021\/04\/Kontent-Structures-verkleind.png\",\"contentUrl\":\"https:\/\/kontent-structures.com\/wp-content\/uploads\/2021\/04\/Kontent-Structures-verkleind.png\",\"width\":400,\"height\":355,\"caption\":\"Kontent Structures\"},\"image\":{\"@id\":\"https:\/\/kontent-structures.com\/#\/schema\/logo\/image\/\"}}]}<\/script>\n<!-- \/ Yoast SEO plugin. -->","yoast_head_json":{"title":"Gastst\u00e4ttengewerbe - Kontent Structures","robots":{"index":"index","follow":"follow","max-snippet":"max-snippet:-1","max-image-preview":"max-image-preview:large","max-video-preview":"max-video-preview:-1"},"canonical":"https:\/\/kontent-structures.com\/de\/demontierbare-gebaeude\/gaststaettengewerbe\/","og_locale":"de_DE","og_type":"article","og_title":"Gastst\u00e4ttengewerbe - Kontent Structures","og_description":"Sie suchen ein demontierbares Geb\u00e4ude f\u00fcr das Gastgewerbe wegen eines vor\u00fcbergehenden Kapazit\u00e4tsmangels oder zur \u00dcberbr\u00fcckung einer Renovierung oder","og_url":"https:\/\/kontent-structures.com\/de\/demontierbare-gebaeude\/gaststaettengewerbe\/","og_site_name":"Kontent Structures","article_modified_time":"2022-12-05T11:01:57+00:00","og_image":[{"width":980,"height":1280,"url":"https:\/\/kontent-structures.com\/wp-content\/uploads\/2022\/06\/horeca-1.jpg","type":"image\/jpeg"}],"twitter_card":"summary_large_image","twitter_misc":{"Gesch\u00e4tzte Lesezeit":"1\u00a0Minute"},"schema":{"@context":"https:\/\/schema.org","@graph":[{"@type":"WebPage","@id":"https:\/\/kontent-structures.com\/de\/demontierbare-gebaeude\/gaststaettengewerbe\/","url":"https:\/\/kontent-structures.com\/de\/demontierbare-gebaeude\/gaststaettengewerbe\/","name":"Gastst\u00e4ttengewerbe - Kontent Structures","isPartOf":{"@id":"https:\/\/kontent-structures.com\/#website"},"primaryImageOfPage":{"@id":"https:\/\/kontent-structures.com\/de\/demontierbare-gebaeude\/gaststaettengewerbe\/#primaryimage"},"image":{"@id":"https:\/\/kontent-structures.com\/de\/demontierbare-gebaeude\/gaststaettengewerbe\/#primaryimage"},"thumbnailUrl":"https:\/\/kontent-structures.com\/wp-content\/uploads\/2022\/06\/horeca-1.jpg","datePublished":"2022-07-01T10:02:47+00:00","dateModified":"2022-12-05T11:01:57+00:00","breadcrumb":{"@id":"https:\/\/kontent-structures.com\/de\/demontierbare-gebaeude\/gaststaettengewerbe\/#breadcrumb"},"inLanguage":"de","potentialAction":[{"@type":"ReadAction","target":["https:\/\/kontent-structures.com\/de\/demontierbare-gebaeude\/gaststaettengewerbe\/"]}]},{"@type":"ImageObject","inLanguage":"de","@id":"https:\/\/kontent-structures.com\/de\/demontierbare-gebaeude\/gaststaettengewerbe\/#primaryimage","url":"https:\/\/kontent-structures.com\/wp-content\/uploads\/2022\/06\/horeca-1.jpg","contentUrl":"https:\/\/kontent-structures.com\/wp-content\/uploads\/2022\/06\/horeca-1.jpg","width":980,"height":1280},{"@type":"BreadcrumbList","@id":"https:\/\/kontent-structures.com\/de\/demontierbare-gebaeude\/gaststaettengewerbe\/#breadcrumb","itemListElement":[{"@type":"ListItem","position":1,"name":"Home","item":"https:\/\/kontent-structures.com\/de\/"},{"@type":"ListItem","position":2,"name":"Demontierbare geb\u00e4ude","item":"https:\/\/kontent-structures.com\/de\/demontierbare-gebaeude\/"},{"@type":"ListItem","position":3,"name":"Gastst\u00e4ttengewerbe"}]},{"@type":"WebSite","@id":"https:\/\/kontent-structures.com\/#website","url":"https:\/\/kontent-structures.com\/","name":"Kontent Structures","description":"En nog een WordPress site","publisher":{"@id":"https:\/\/kontent-structures.com\/#organization"},"potentialAction":[{"@type":"SearchAction","target":{"@type":"EntryPoint","urlTemplate":"https:\/\/kontent-structures.com\/?s={search_term_string}"},"query-input":{"@type":"PropertyValueSpecification","valueRequired":true,"valueName":"search_term_string"}}],"inLanguage":"de"},{"@type":"Organization","@id":"https:\/\/kontent-structures.com\/#organization","name":"Kontent Structures","url":"https:\/\/kontent-structures.com\/","logo":{"@type":"ImageObject","inLanguage":"de","@id":"https:\/\/kontent-structures.com\/#\/schema\/logo\/image\/","url":"https:\/\/kontent-structures.com\/wp-content\/uploads\/2021\/04\/Kontent-Structures-verkleind.png","contentUrl":"https:\/\/kontent-structures.com\/wp-content\/uploads\/2021\/04\/Kontent-Structures-verkleind.png","width":400,"height":355,"caption":"Kontent Structures"},"image":{"@id":"https:\/\/kontent-structures.com\/#\/schema\/logo\/image\/"}}]}},"_links":{"self":[{"href":"https:\/\/kontent-structures.com\/de\/wp-json\/wp\/v2\/pages\/12113","targetHints":{"allow":["GET"]}}],"collection":[{"href":"https:\/\/kontent-structures.com\/de\/wp-json\/wp\/v2\/pages"}],"about":[{"href":"https:\/\/kontent-structures.com\/de\/wp-json\/wp\/v2\/types\/page"}],"author":[{"embeddable":true,"href":"https:\/\/kontent-structures.com\/de\/wp-json\/wp\/v2\/users\/2"}],"replies":[{"embeddable":true,"href":"https:\/\/kontent-structures.com\/de\/wp-json\/wp\/v2\/comments?post=12113"}],"version-history":[{"count":3,"href":"https:\/\/kontent-structures.com\/de\/wp-json\/wp\/v2\/pages\/12113\/revisions"}],"predecessor-version":[{"id":13009,"href":"https:\/\/kontent-structures.com\/de\/wp-json\/wp\/v2\/pages\/12113\/revisions\/13009"}],"up":[{"embeddable":true,"href":"https:\/\/kontent-structures.com\/de\/wp-json\/wp\/v2\/pages\/12015"}],"wp:featuredmedia":[{"embeddable":true,"href":"https:\/\/kontent-structures.com\/de\/wp-json\/wp\/v2\/media\/10736"}],"wp:attachment":[{"href":"https:\/\/kontent-structures.com\/de\/wp-json\/wp\/v2\/media?parent=12113"}],"curies":[{"name":"wp","href":"https:\/\/api.w.org\/{rel}","templated":true}]}}