{"id":23390,"date":"2026-02-13T12:41:37","date_gmt":"2026-02-13T12:41:37","guid":{"rendered":"https:\/\/kontentstructures.stijlweb.nl\/?page_id=23390"},"modified":"2026-04-22T12:25:10","modified_gmt":"2026-04-22T12:25:10","slug":"zeltverleih","status":"publish","type":"page","link":"https:\/\/kontent-structures.com\/de\/tentenverhuur\/","title":{"rendered":"Zeltvermietung"},"content":{"rendered":"<h2 class=\"wp-block-heading\">Zeltstrukturen f\u00fcr verschiedene Zwecke<\/h2>\n\n\n\n<p>Kontent Structures ist der Spezialist f\u00fcr die Vermietung von professionellen Zeltunterk\u00fcnften und semipermanenten Rauml\u00f6sungen. Unsere Vermietungsabteilung ist seit \u00fcber 25 Jahren im Vermieten von professionellen Zelten in den Benelux-L\u00e4ndern und immer h\u00e4ufiger auch dar\u00fcber hinaus t\u00e4tig.<\/p>\n\n\n\n<p>Mit unserem gro\u00dfen Mietbestand und unseren erfahrenen Montageteams k\u00f6nnen wir f\u00fcr jeden Bedarf an tempor\u00e4ren R\u00e4umlichkeiten eine schnelle und passende L\u00f6sung anbieten. Unsere demontierbaren Geb\u00e4ude k\u00f6nnen ohne Fundament gebaut werden und sind dank unserer einzigartigen Schnellbaumethode oft innerhalb einer Woche einsatzbereit. Mit Arbeitsverfahren gem\u00e4\u00df unserer VCA**, ISO 9001 und ISO14001 Zertifizierung heben wir uns im Bereich Qualit\u00e4t und Sicherheit von anderen ab und sind deshalb auch bevorzugter Lieferant vieler f\u00fchrender Industrieunternehmen und Organisationen der Regierung.<\/p>\n\n\n\n<p>Bei <a href=\"\/de\/\"><strong>Inhaltliche Strukturen<\/strong><\/a> Wir denken mit Ihnen mit, um gemeinsam eine passende Gesamtl\u00f6sung f\u00fcr Ihren vor\u00fcbergehenden Raumbedarf zu finden. Wir nehmen Ihnen gerne Ihre Sorgen ab, sowohl f\u00fcr kleine als auch f\u00fcr gro\u00dfe Projekte, durch unsere Full-Service-Projektleistungen, um Sie zu entlasten. So k\u00f6nnen wir die Unterk\u00fcnfte auch mit diversen Installationen ausstatten oder bei der Beantragung notwendiger Genehmigungen behilflich sein. Auch w\u00e4hrend der Nutzungsdauer ist Kontent Structures immer erreichbar, wenn unerwartet etwas mit der Zeltunterkunft sein sollte. Sollte dies der Fall sein, sorgt unser Serviceteam daf\u00fcr, dass das Problem so schnell wie m\u00f6glich gel\u00f6st wird und Sie wieder sorgenfrei die Zeltunterkunft nutzen k\u00f6nnen.<\/p>\n\n\n\n<p>Haben Sie noch Fragen, nehmen Sie bitte Kontakt mit unseren Spezialisten auf, damit wir Sie \u00fcber die M\u00f6glichkeiten beraten k\u00f6nnen.<\/p>\n\n\n\n<p><\/p>","protected":false},"excerpt":{"rendered":"<p>Kontent Structures ist der Spezialist f\u00fcr die Vermietung von professionellen Zelteinrichtungen und semi-permanenten Rauml\u00f6sungen. <\/p>","protected":false},"author":1,"featured_media":1606,"parent":0,"menu_order":0,"comment_status":"closed","ping_status":"closed","template":"","meta":{"_acf_changed":false,"_et_pb_use_builder":"off","_et_pb_old_content":"","_et_gb_content_width":"","footnotes":""},"class_list":["post-23390","page","type-page","status-publish","has-post-thumbnail","hentry"],"acf":[],"_links":{"self":[{"href":"https:\/\/kontent-structures.com\/de\/wp-json\/wp\/v2\/pages\/23390","targetHints":{"allow":["GET"]}}],"collection":[{"href":"https:\/\/kontent-structures.com\/de\/wp-json\/wp\/v2\/pages"}],"about":[{"href":"https:\/\/kontent-structures.com\/de\/wp-json\/wp\/v2\/types\/page"}],"author":[{"embeddable":true,"href":"https:\/\/kontent-structures.com\/de\/wp-json\/wp\/v2\/users\/1"}],"replies":[{"embeddable":true,"href":"https:\/\/kontent-structures.com\/de\/wp-json\/wp\/v2\/comments?post=23390"}],"version-history":[{"count":6,"href":"https:\/\/kontent-structures.com\/de\/wp-json\/wp\/v2\/pages\/23390\/revisions"}],"predecessor-version":[{"id":26126,"href":"https:\/\/kontent-structures.com\/de\/wp-json\/wp\/v2\/pages\/23390\/revisions\/26126"}],"wp:featuredmedia":[{"embeddable":true,"href":"https:\/\/kontent-structures.com\/de\/wp-json\/wp\/v2\/media\/1606"}],"wp:attachment":[{"href":"https:\/\/kontent-structures.com\/de\/wp-json\/wp\/v2\/media?parent=23390"}],"curies":[{"name":"Welt","href":"https:\/\/api.w.org\/{rel}","templated":true}]}}