{"id":3931,"date":"2021-02-23T08:44:14","date_gmt":"2021-02-23T07:44:14","guid":{"rendered":"https:\/\/kontent-structures.com\/about-us\/cases\/"},"modified":"2021-04-09T09:49:24","modified_gmt":"2021-04-09T07:49:24","slug":"projekte","status":"publish","type":"page","link":"https:\/\/kontent-structures.com\/de\/uber-uns\/projekte\/","title":{"rendered":"Projekte"},"content":{"rendered":"","protected":false},"excerpt":{"rendered":"","protected":false},"author":2,"featured_media":0,"parent":3929,"menu_order":0,"comment_status":"closed","ping_status":"closed","template":"templates\/template-custom.php","meta":{"_acf_changed":false,"footnotes":""},"class_list":["post-3931","page","type-page","status-publish","hentry"],"acf":[],"yoast_head":"<!-- This site is optimized with the Yoast SEO plugin v27.2 - https:\/\/yoast.com\/product\/yoast-seo-wordpress\/ -->\n<title>Projekte - Kontent Structures<\/title>\n<meta name=\"description\" content=\"Dank eines innovativen eigenen Produktionsprozesses bietet Kontent Structures M\u00f6glichkeiten f\u00fcr jede Organisation, die einen Zeltbau sucht. Kontent Structures hat f\u00fcr verschiedene Zwecke mit verschiedenen Organisationen zusammengearbeitet.\" \/>\n<meta name=\"robots\" content=\"index, follow, max-snippet:-1, max-image-preview:large, max-video-preview:-1\" \/>\n<link rel=\"canonical\" href=\"https:\/\/kontent-structures.com\/de\/uber-uns\/projekte\/\" \/>\n<meta property=\"og:locale\" content=\"de_DE\" \/>\n<meta property=\"og:type\" content=\"article\" \/>\n<meta property=\"og:title\" content=\"Projekte - Kontent Structures\" \/>\n<meta property=\"og:description\" content=\"Dank eines innovativen eigenen Produktionsprozesses bietet Kontent Structures M\u00f6glichkeiten f\u00fcr jede Organisation, die einen Zeltbau sucht. Kontent Structures hat f\u00fcr verschiedene Zwecke mit verschiedenen Organisationen zusammengearbeitet.\" \/>\n<meta property=\"og:url\" content=\"https:\/\/kontent-structures.com\/de\/uber-uns\/projekte\/\" \/>\n<meta property=\"og:site_name\" content=\"Kontent Structures\" \/>\n<meta property=\"article:modified_time\" content=\"2021-04-09T07:49:24+00:00\" \/>\n<meta name=\"twitter:card\" content=\"summary_large_image\" \/>\n<script type=\"application\/ld+json\" class=\"yoast-schema-graph\">{\"@context\":\"https:\/\/schema.org\",\"@graph\":[{\"@type\":\"WebPage\",\"@id\":\"https:\/\/kontent-structures.com\/de\/uber-uns\/projekte\/\",\"url\":\"https:\/\/kontent-structures.com\/de\/uber-uns\/projekte\/\",\"name\":\"Projekte - Kontent Structures\",\"isPartOf\":{\"@id\":\"https:\/\/kontent-structures.com\/#website\"},\"datePublished\":\"2021-02-23T07:44:14+00:00\",\"dateModified\":\"2021-04-09T07:49:24+00:00\",\"description\":\"Dank eines innovativen eigenen Produktionsprozesses bietet Kontent Structures M\u00f6glichkeiten f\u00fcr jede Organisation, die einen Zeltbau sucht. Kontent Structures hat f\u00fcr verschiedene Zwecke mit verschiedenen Organisationen zusammengearbeitet.\",\"breadcrumb\":{\"@id\":\"https:\/\/kontent-structures.com\/de\/uber-uns\/projekte\/#breadcrumb\"},\"inLanguage\":\"de\",\"potentialAction\":[{\"@type\":\"ReadAction\",\"target\":[\"https:\/\/kontent-structures.com\/de\/uber-uns\/projekte\/\"]}]},{\"@type\":\"BreadcrumbList\",\"@id\":\"https:\/\/kontent-structures.com\/de\/uber-uns\/projekte\/#breadcrumb\",\"itemListElement\":[{\"@type\":\"ListItem\",\"position\":1,\"name\":\"Home\",\"item\":\"https:\/\/kontent-structures.com\/de\/\"},{\"@type\":\"ListItem\",\"position\":2,\"name\":\"\u00dcber uns\",\"item\":\"https:\/\/kontent-structures.com\/de\/uber-uns\/\"},{\"@type\":\"ListItem\",\"position\":3,\"name\":\"Projekte\"}]},{\"@type\":\"WebSite\",\"@id\":\"https:\/\/kontent-structures.com\/#website\",\"url\":\"https:\/\/kontent-structures.com\/\",\"name\":\"Kontent Structures\",\"description\":\"En nog een WordPress site\",\"publisher\":{\"@id\":\"https:\/\/kontent-structures.com\/#organization\"},\"potentialAction\":[{\"@type\":\"SearchAction\",\"target\":{\"@type\":\"EntryPoint\",\"urlTemplate\":\"https:\/\/kontent-structures.com\/?s={search_term_string}\"},\"query-input\":{\"@type\":\"PropertyValueSpecification\",\"valueRequired\":true,\"valueName\":\"search_term_string\"}}],\"inLanguage\":\"de\"},{\"@type\":\"Organization\",\"@id\":\"https:\/\/kontent-structures.com\/#organization\",\"name\":\"Kontent Structures\",\"url\":\"https:\/\/kontent-structures.com\/\",\"logo\":{\"@type\":\"ImageObject\",\"inLanguage\":\"de\",\"@id\":\"https:\/\/kontent-structures.com\/#\/schema\/logo\/image\/\",\"url\":\"https:\/\/kontent-structures.com\/wp-content\/uploads\/2021\/04\/Kontent-Structures-verkleind.png\",\"contentUrl\":\"https:\/\/kontent-structures.com\/wp-content\/uploads\/2021\/04\/Kontent-Structures-verkleind.png\",\"width\":400,\"height\":355,\"caption\":\"Kontent Structures\"},\"image\":{\"@id\":\"https:\/\/kontent-structures.com\/#\/schema\/logo\/image\/\"}}]}<\/script>\n<!-- \/ Yoast SEO plugin. -->","yoast_head_json":{"title":"Projekte - Kontent Structures","description":"Dank eines innovativen eigenen Produktionsprozesses bietet Kontent Structures M\u00f6glichkeiten f\u00fcr jede Organisation, die einen Zeltbau sucht. Kontent Structures hat f\u00fcr verschiedene Zwecke mit verschiedenen Organisationen zusammengearbeitet.","robots":{"index":"index","follow":"follow","max-snippet":"max-snippet:-1","max-image-preview":"max-image-preview:large","max-video-preview":"max-video-preview:-1"},"canonical":"https:\/\/kontent-structures.com\/de\/uber-uns\/projekte\/","og_locale":"de_DE","og_type":"article","og_title":"Projekte - Kontent Structures","og_description":"Dank eines innovativen eigenen Produktionsprozesses bietet Kontent Structures M\u00f6glichkeiten f\u00fcr jede Organisation, die einen Zeltbau sucht. Kontent Structures hat f\u00fcr verschiedene Zwecke mit verschiedenen Organisationen zusammengearbeitet.","og_url":"https:\/\/kontent-structures.com\/de\/uber-uns\/projekte\/","og_site_name":"Kontent Structures","article_modified_time":"2021-04-09T07:49:24+00:00","twitter_card":"summary_large_image","schema":{"@context":"https:\/\/schema.org","@graph":[{"@type":"WebPage","@id":"https:\/\/kontent-structures.com\/de\/uber-uns\/projekte\/","url":"https:\/\/kontent-structures.com\/de\/uber-uns\/projekte\/","name":"Projekte - Kontent Structures","isPartOf":{"@id":"https:\/\/kontent-structures.com\/#website"},"datePublished":"2021-02-23T07:44:14+00:00","dateModified":"2021-04-09T07:49:24+00:00","description":"Dank eines innovativen eigenen Produktionsprozesses bietet Kontent Structures M\u00f6glichkeiten f\u00fcr jede Organisation, die einen Zeltbau sucht. Kontent Structures hat f\u00fcr verschiedene Zwecke mit verschiedenen Organisationen zusammengearbeitet.","breadcrumb":{"@id":"https:\/\/kontent-structures.com\/de\/uber-uns\/projekte\/#breadcrumb"},"inLanguage":"de","potentialAction":[{"@type":"ReadAction","target":["https:\/\/kontent-structures.com\/de\/uber-uns\/projekte\/"]}]},{"@type":"BreadcrumbList","@id":"https:\/\/kontent-structures.com\/de\/uber-uns\/projekte\/#breadcrumb","itemListElement":[{"@type":"ListItem","position":1,"name":"Home","item":"https:\/\/kontent-structures.com\/de\/"},{"@type":"ListItem","position":2,"name":"\u00dcber uns","item":"https:\/\/kontent-structures.com\/de\/uber-uns\/"},{"@type":"ListItem","position":3,"name":"Projekte"}]},{"@type":"WebSite","@id":"https:\/\/kontent-structures.com\/#website","url":"https:\/\/kontent-structures.com\/","name":"Kontent Structures","description":"En nog een WordPress site","publisher":{"@id":"https:\/\/kontent-structures.com\/#organization"},"potentialAction":[{"@type":"SearchAction","target":{"@type":"EntryPoint","urlTemplate":"https:\/\/kontent-structures.com\/?s={search_term_string}"},"query-input":{"@type":"PropertyValueSpecification","valueRequired":true,"valueName":"search_term_string"}}],"inLanguage":"de"},{"@type":"Organization","@id":"https:\/\/kontent-structures.com\/#organization","name":"Kontent Structures","url":"https:\/\/kontent-structures.com\/","logo":{"@type":"ImageObject","inLanguage":"de","@id":"https:\/\/kontent-structures.com\/#\/schema\/logo\/image\/","url":"https:\/\/kontent-structures.com\/wp-content\/uploads\/2021\/04\/Kontent-Structures-verkleind.png","contentUrl":"https:\/\/kontent-structures.com\/wp-content\/uploads\/2021\/04\/Kontent-Structures-verkleind.png","width":400,"height":355,"caption":"Kontent Structures"},"image":{"@id":"https:\/\/kontent-structures.com\/#\/schema\/logo\/image\/"}}]}},"_links":{"self":[{"href":"https:\/\/kontent-structures.com\/de\/wp-json\/wp\/v2\/pages\/3931","targetHints":{"allow":["GET"]}}],"collection":[{"href":"https:\/\/kontent-structures.com\/de\/wp-json\/wp\/v2\/pages"}],"about":[{"href":"https:\/\/kontent-structures.com\/de\/wp-json\/wp\/v2\/types\/page"}],"author":[{"embeddable":true,"href":"https:\/\/kontent-structures.com\/de\/wp-json\/wp\/v2\/users\/2"}],"replies":[{"embeddable":true,"href":"https:\/\/kontent-structures.com\/de\/wp-json\/wp\/v2\/comments?post=3931"}],"version-history":[{"count":2,"href":"https:\/\/kontent-structures.com\/de\/wp-json\/wp\/v2\/pages\/3931\/revisions"}],"predecessor-version":[{"id":4262,"href":"https:\/\/kontent-structures.com\/de\/wp-json\/wp\/v2\/pages\/3931\/revisions\/4262"}],"up":[{"embeddable":true,"href":"https:\/\/kontent-structures.com\/de\/wp-json\/wp\/v2\/pages\/3929"}],"wp:attachment":[{"href":"https:\/\/kontent-structures.com\/de\/wp-json\/wp\/v2\/media?parent=3931"}],"curies":[{"name":"wp","href":"https:\/\/api.w.org\/{rel}","templated":true}]}}