{"id":3945,"date":"2021-02-23T08:44:38","date_gmt":"2021-02-23T07:44:38","guid":{"rendered":"https:\/\/kontent-structures.com\/about-us\/quality-and-certification\/"},"modified":"2024-03-22T12:07:02","modified_gmt":"2024-03-22T11:07:02","slug":"qualitat-und-zertifizierung","status":"publish","type":"page","link":"https:\/\/kontent-structures.com\/de\/uber-uns\/qualitat-und-zertifizierung\/","title":{"rendered":"Qualit\u00e4t und Zertifizierung"},"content":{"rendered":"<p><strong>ISO 9001: 2015<\/strong><\/p>\n<p>Bei Kontent Structures legen wir gro\u00dfen Wert auf die Qualit\u00e4t von Menschen, Materialien und Dienstleistungen. ISO 9001 ist der internationale Standard f\u00fcr Qualit\u00e4tsmanagementsysteme. Kontent Structures ist daher nach ISO 9001: 2015 zertifiziert. Infolgedessen arbeiten wir strukturell an der Steuerung unserer Gesch\u00e4ftsprozesse und der Kundenzufriedenheit. Auf diese Weise versichern wir uns und unseren Kunden, dass wir uns kontinuierlich auf die Verbesserung der Qualit\u00e4t unserer Produkte und Dienstleistungen konzentrieren.<\/p>\n<p><strong>Soziale Verantwortung<\/strong><\/p>\n<p>Innerhalb von Kontent Structures gibt es Pl\u00e4tze f\u00fcr Auszubildende in der vorbereitenden und h\u00f6heren beruflichen Bildung. Dar\u00fcber hinaus ist es jedem Mitarbeiter m\u00f6glich, einen Schulungsplan zu befolgen. Im Jahr 2021 werden 5\u00a0% unserer Belegschaft aus Arbeitnehmern bestehen, die auf dem Arbeitsmarkt benachteiligt sind. Wir geben unserem sozialen und sozialen Engagement auch konkrete Form, indem wir (j\u00e4hrliche) Unterst\u00fctzung f\u00fcr lokale Initiativen und Spenden und \/ oder die Zusammenarbeit mit verschiedenen Wohlt\u00e4tigkeitsorganisationen (j\u00e4hrlich) leisten. Kontent Structures gibt Ihnen als Partner die Gewissheit, dass unser Handel, unsere Produktion und unsere Dienstleistungen einen sozial verantwortlichen und kleinstm\u00f6glichen \u00f6kologischen Fu\u00dfabdruck bieten.<\/p>\n","protected":false},"excerpt":{"rendered":"<p>ISO 9001: 2015 Bei Kontent Structures legen wir gro\u00dfen Wert auf die Qualit\u00e4t von Menschen, Materialien und Dienstleistungen.<\/p>\n<div class=\"kontent-read\"><a href=\"https:\/\/kontent-structures.com\/de\/uber-uns\/qualitat-und-zertifizierung\/\" class=\"\"> <i class=\"fas fa-chevron-right\"><\/i><\/a><\/div>\n","protected":false},"author":2,"featured_media":13870,"parent":3929,"menu_order":0,"comment_status":"closed","ping_status":"closed","template":"templates\/template-default.php","meta":{"_acf_changed":false,"footnotes":""},"class_list":["post-3945","page","type-page","status-publish","has-post-thumbnail","hentry"],"acf":[],"yoast_head":"<!-- This site is optimized with the Yoast SEO plugin v27.5 - https:\/\/yoast.com\/product\/yoast-seo-wordpress\/ -->\n<title>Qualit\u00e4t und Zertifizierung | Kontent Structures<\/title>\n<meta name=\"description\" content=\"Bei Kontent Structures arbeiten wir immer mit sicheren und zertifizierten Materialien. Dar\u00fcber hinaus wurde Kontent Structures als Organisation als offizielles Lernunternehmen f\u00fcr Auszubildende in der vorbereitenden und h\u00f6heren beruflichen Bildung anerkannt.\" \/>\n<meta name=\"robots\" content=\"index, follow, max-snippet:-1, max-image-preview:large, max-video-preview:-1\" \/>\n<link rel=\"canonical\" href=\"https:\/\/kontent-structures.com\/de\/uber-uns\/qualitat-und-zertifizierung\/\" \/>\n<meta property=\"og:locale\" content=\"de_DE\" \/>\n<meta property=\"og:type\" content=\"article\" \/>\n<meta property=\"og:title\" content=\"Qualit\u00e4t und Zertifizierung | Kontent Structures\" \/>\n<meta property=\"og:description\" content=\"Bei Kontent Structures arbeiten wir immer mit sicheren und zertifizierten Materialien. Dar\u00fcber hinaus wurde Kontent Structures als Organisation als offizielles Lernunternehmen f\u00fcr Auszubildende in der vorbereitenden und h\u00f6heren beruflichen Bildung anerkannt.\" \/>\n<meta property=\"og:url\" content=\"https:\/\/kontent-structures.com\/de\/uber-uns\/qualitat-und-zertifizierung\/\" \/>\n<meta property=\"og:site_name\" content=\"Kontent Structures\" \/>\n<meta property=\"article:modified_time\" content=\"2024-03-22T11:07:02+00:00\" \/>\n<meta property=\"og:image\" content=\"https:\/\/kontent-structures.com\/wp-content\/uploads\/2023\/07\/Kontent-Structures-Banner.jpg\" \/>\n\t<meta property=\"og:image:width\" content=\"2560\" \/>\n\t<meta property=\"og:image:height\" content=\"750\" \/>\n\t<meta property=\"og:image:type\" content=\"image\/jpeg\" \/>\n<meta name=\"twitter:card\" content=\"summary_large_image\" \/>\n<meta name=\"twitter:label1\" content=\"Gesch\u00e4tzte Lesezeit\" \/>\n\t<meta name=\"twitter:data1\" content=\"1\u00a0Minute\" \/>\n<script type=\"application\/ld+json\" class=\"yoast-schema-graph\">{\"@context\":\"https:\\\/\\\/schema.org\",\"@graph\":[{\"@type\":\"WebPage\",\"@id\":\"https:\\\/\\\/kontent-structures.com\\\/de\\\/uber-uns\\\/qualitat-und-zertifizierung\\\/\",\"url\":\"https:\\\/\\\/kontent-structures.com\\\/de\\\/uber-uns\\\/qualitat-und-zertifizierung\\\/\",\"name\":\"Qualit\u00e4t und Zertifizierung | Kontent Structures\",\"isPartOf\":{\"@id\":\"https:\\\/\\\/kontent-structures.com\\\/#website\"},\"primaryImageOfPage\":{\"@id\":\"https:\\\/\\\/kontent-structures.com\\\/de\\\/uber-uns\\\/qualitat-und-zertifizierung\\\/#primaryimage\"},\"image\":{\"@id\":\"https:\\\/\\\/kontent-structures.com\\\/de\\\/uber-uns\\\/qualitat-und-zertifizierung\\\/#primaryimage\"},\"thumbnailUrl\":\"https:\\\/\\\/kontent-structures.com\\\/wp-content\\\/uploads\\\/2023\\\/07\\\/Kontent-Structures-Banner.jpg\",\"datePublished\":\"2021-02-23T07:44:38+00:00\",\"dateModified\":\"2024-03-22T11:07:02+00:00\",\"description\":\"Bei Kontent Structures arbeiten wir immer mit sicheren und zertifizierten Materialien. Dar\u00fcber hinaus wurde Kontent Structures als Organisation als offizielles Lernunternehmen f\u00fcr Auszubildende in der vorbereitenden und h\u00f6heren beruflichen Bildung anerkannt.\",\"breadcrumb\":{\"@id\":\"https:\\\/\\\/kontent-structures.com\\\/de\\\/uber-uns\\\/qualitat-und-zertifizierung\\\/#breadcrumb\"},\"inLanguage\":\"de\",\"potentialAction\":[{\"@type\":\"ReadAction\",\"target\":[\"https:\\\/\\\/kontent-structures.com\\\/de\\\/uber-uns\\\/qualitat-und-zertifizierung\\\/\"]}]},{\"@type\":\"ImageObject\",\"inLanguage\":\"de\",\"@id\":\"https:\\\/\\\/kontent-structures.com\\\/de\\\/uber-uns\\\/qualitat-und-zertifizierung\\\/#primaryimage\",\"url\":\"https:\\\/\\\/kontent-structures.com\\\/wp-content\\\/uploads\\\/2023\\\/07\\\/Kontent-Structures-Banner.jpg\",\"contentUrl\":\"https:\\\/\\\/kontent-structures.com\\\/wp-content\\\/uploads\\\/2023\\\/07\\\/Kontent-Structures-Banner.jpg\",\"width\":2560,\"height\":750,\"caption\":\"Kontent Structures Alphen aan den Rijn Nederland\"},{\"@type\":\"BreadcrumbList\",\"@id\":\"https:\\\/\\\/kontent-structures.com\\\/de\\\/uber-uns\\\/qualitat-und-zertifizierung\\\/#breadcrumb\",\"itemListElement\":[{\"@type\":\"ListItem\",\"position\":1,\"name\":\"Home\",\"item\":\"https:\\\/\\\/kontent-structures.com\\\/de\\\/\"},{\"@type\":\"ListItem\",\"position\":2,\"name\":\"\u00dcber uns\",\"item\":\"https:\\\/\\\/kontent-structures.com\\\/de\\\/uber-uns\\\/\"},{\"@type\":\"ListItem\",\"position\":3,\"name\":\"Qualit\u00e4t und Zertifizierung\"}]},{\"@type\":\"WebSite\",\"@id\":\"https:\\\/\\\/kontent-structures.com\\\/#website\",\"url\":\"https:\\\/\\\/kontent-structures.com\\\/\",\"name\":\"Kontent Structures\",\"description\":\"En nog een WordPress site\",\"publisher\":{\"@id\":\"https:\\\/\\\/kontent-structures.com\\\/#organization\"},\"potentialAction\":[{\"@type\":\"SearchAction\",\"target\":{\"@type\":\"EntryPoint\",\"urlTemplate\":\"https:\\\/\\\/kontent-structures.com\\\/?s={search_term_string}\"},\"query-input\":{\"@type\":\"PropertyValueSpecification\",\"valueRequired\":true,\"valueName\":\"search_term_string\"}}],\"inLanguage\":\"de\"},{\"@type\":\"Organization\",\"@id\":\"https:\\\/\\\/kontent-structures.com\\\/#organization\",\"name\":\"Kontent Structures\",\"url\":\"https:\\\/\\\/kontent-structures.com\\\/\",\"logo\":{\"@type\":\"ImageObject\",\"inLanguage\":\"de\",\"@id\":\"https:\\\/\\\/kontent-structures.com\\\/#\\\/schema\\\/logo\\\/image\\\/\",\"url\":\"https:\\\/\\\/kontent-structures.com\\\/wp-content\\\/uploads\\\/2021\\\/04\\\/Kontent-Structures-verkleind.png\",\"contentUrl\":\"https:\\\/\\\/kontent-structures.com\\\/wp-content\\\/uploads\\\/2021\\\/04\\\/Kontent-Structures-verkleind.png\",\"width\":400,\"height\":355,\"caption\":\"Kontent Structures\"},\"image\":{\"@id\":\"https:\\\/\\\/kontent-structures.com\\\/#\\\/schema\\\/logo\\\/image\\\/\"}}]}<\/script>\n<!-- \/ Yoast SEO plugin. -->","yoast_head_json":{"title":"Qualit\u00e4t und Zertifizierung | Kontent Structures","description":"Bei Kontent Structures arbeiten wir immer mit sicheren und zertifizierten Materialien. Dar\u00fcber hinaus wurde Kontent Structures als Organisation als offizielles Lernunternehmen f\u00fcr Auszubildende in der vorbereitenden und h\u00f6heren beruflichen Bildung anerkannt.","robots":{"index":"index","follow":"follow","max-snippet":"max-snippet:-1","max-image-preview":"max-image-preview:large","max-video-preview":"max-video-preview:-1"},"canonical":"https:\/\/kontent-structures.com\/de\/uber-uns\/qualitat-und-zertifizierung\/","og_locale":"de_DE","og_type":"article","og_title":"Qualit\u00e4t und Zertifizierung | Kontent Structures","og_description":"Bei Kontent Structures arbeiten wir immer mit sicheren und zertifizierten Materialien. Dar\u00fcber hinaus wurde Kontent Structures als Organisation als offizielles Lernunternehmen f\u00fcr Auszubildende in der vorbereitenden und h\u00f6heren beruflichen Bildung anerkannt.","og_url":"https:\/\/kontent-structures.com\/de\/uber-uns\/qualitat-und-zertifizierung\/","og_site_name":"Kontent Structures","article_modified_time":"2024-03-22T11:07:02+00:00","og_image":[{"width":2560,"height":750,"url":"https:\/\/kontent-structures.com\/wp-content\/uploads\/2023\/07\/Kontent-Structures-Banner.jpg","type":"image\/jpeg"}],"twitter_card":"summary_large_image","twitter_misc":{"Gesch\u00e4tzte Lesezeit":"1\u00a0Minute"},"schema":{"@context":"https:\/\/schema.org","@graph":[{"@type":"WebPage","@id":"https:\/\/kontent-structures.com\/de\/uber-uns\/qualitat-und-zertifizierung\/","url":"https:\/\/kontent-structures.com\/de\/uber-uns\/qualitat-und-zertifizierung\/","name":"Qualit\u00e4t und Zertifizierung | Kontent Structures","isPartOf":{"@id":"https:\/\/kontent-structures.com\/#website"},"primaryImageOfPage":{"@id":"https:\/\/kontent-structures.com\/de\/uber-uns\/qualitat-und-zertifizierung\/#primaryimage"},"image":{"@id":"https:\/\/kontent-structures.com\/de\/uber-uns\/qualitat-und-zertifizierung\/#primaryimage"},"thumbnailUrl":"https:\/\/kontent-structures.com\/wp-content\/uploads\/2023\/07\/Kontent-Structures-Banner.jpg","datePublished":"2021-02-23T07:44:38+00:00","dateModified":"2024-03-22T11:07:02+00:00","description":"Bei Kontent Structures arbeiten wir immer mit sicheren und zertifizierten Materialien. Dar\u00fcber hinaus wurde Kontent Structures als Organisation als offizielles Lernunternehmen f\u00fcr Auszubildende in der vorbereitenden und h\u00f6heren beruflichen Bildung anerkannt.","breadcrumb":{"@id":"https:\/\/kontent-structures.com\/de\/uber-uns\/qualitat-und-zertifizierung\/#breadcrumb"},"inLanguage":"de","potentialAction":[{"@type":"ReadAction","target":["https:\/\/kontent-structures.com\/de\/uber-uns\/qualitat-und-zertifizierung\/"]}]},{"@type":"ImageObject","inLanguage":"de","@id":"https:\/\/kontent-structures.com\/de\/uber-uns\/qualitat-und-zertifizierung\/#primaryimage","url":"https:\/\/kontent-structures.com\/wp-content\/uploads\/2023\/07\/Kontent-Structures-Banner.jpg","contentUrl":"https:\/\/kontent-structures.com\/wp-content\/uploads\/2023\/07\/Kontent-Structures-Banner.jpg","width":2560,"height":750,"caption":"Kontent Structures Alphen aan den Rijn Nederland"},{"@type":"BreadcrumbList","@id":"https:\/\/kontent-structures.com\/de\/uber-uns\/qualitat-und-zertifizierung\/#breadcrumb","itemListElement":[{"@type":"ListItem","position":1,"name":"Home","item":"https:\/\/kontent-structures.com\/de\/"},{"@type":"ListItem","position":2,"name":"\u00dcber uns","item":"https:\/\/kontent-structures.com\/de\/uber-uns\/"},{"@type":"ListItem","position":3,"name":"Qualit\u00e4t und Zertifizierung"}]},{"@type":"WebSite","@id":"https:\/\/kontent-structures.com\/#website","url":"https:\/\/kontent-structures.com\/","name":"Kontent Structures","description":"En nog een WordPress site","publisher":{"@id":"https:\/\/kontent-structures.com\/#organization"},"potentialAction":[{"@type":"SearchAction","target":{"@type":"EntryPoint","urlTemplate":"https:\/\/kontent-structures.com\/?s={search_term_string}"},"query-input":{"@type":"PropertyValueSpecification","valueRequired":true,"valueName":"search_term_string"}}],"inLanguage":"de"},{"@type":"Organization","@id":"https:\/\/kontent-structures.com\/#organization","name":"Kontent Structures","url":"https:\/\/kontent-structures.com\/","logo":{"@type":"ImageObject","inLanguage":"de","@id":"https:\/\/kontent-structures.com\/#\/schema\/logo\/image\/","url":"https:\/\/kontent-structures.com\/wp-content\/uploads\/2021\/04\/Kontent-Structures-verkleind.png","contentUrl":"https:\/\/kontent-structures.com\/wp-content\/uploads\/2021\/04\/Kontent-Structures-verkleind.png","width":400,"height":355,"caption":"Kontent Structures"},"image":{"@id":"https:\/\/kontent-structures.com\/#\/schema\/logo\/image\/"}}]}},"_links":{"self":[{"href":"https:\/\/kontent-structures.com\/de\/wp-json\/wp\/v2\/pages\/3945","targetHints":{"allow":["GET"]}}],"collection":[{"href":"https:\/\/kontent-structures.com\/de\/wp-json\/wp\/v2\/pages"}],"about":[{"href":"https:\/\/kontent-structures.com\/de\/wp-json\/wp\/v2\/types\/page"}],"author":[{"embeddable":true,"href":"https:\/\/kontent-structures.com\/de\/wp-json\/wp\/v2\/users\/2"}],"replies":[{"embeddable":true,"href":"https:\/\/kontent-structures.com\/de\/wp-json\/wp\/v2\/comments?post=3945"}],"version-history":[{"count":10,"href":"https:\/\/kontent-structures.com\/de\/wp-json\/wp\/v2\/pages\/3945\/revisions"}],"predecessor-version":[{"id":14904,"href":"https:\/\/kontent-structures.com\/de\/wp-json\/wp\/v2\/pages\/3945\/revisions\/14904"}],"up":[{"embeddable":true,"href":"https:\/\/kontent-structures.com\/de\/wp-json\/wp\/v2\/pages\/3929"}],"wp:featuredmedia":[{"embeddable":true,"href":"https:\/\/kontent-structures.com\/de\/wp-json\/wp\/v2\/media\/13870"}],"wp:attachment":[{"href":"https:\/\/kontent-structures.com\/de\/wp-json\/wp\/v2\/media?parent=3945"}],"curies":[{"name":"wp","href":"https:\/\/api.w.org\/{rel}","templated":true}]}}