{"id":3952,"date":"2021-01-12T16:27:49","date_gmt":"2021-01-12T15:27:49","guid":{"rendered":"https:\/\/kontent-structures.com\/discover-the-world-of-tents\/"},"modified":"2023-08-06T21:55:23","modified_gmt":"2023-08-06T19:55:23","slug":"discover-the-world-of-tents","status":"publish","type":"page","link":"https:\/\/kontent-structures.com\/de\/","title":{"rendered":"Kontent Structures, Ihr Gesamtlieferant f\u00fcr tempor\u00e4re und permanente Zeltstrukturen"},"content":{"rendered":"<p>Bei Kontent Structures vermieten und verkaufen wir eine breite Palette von Zeltstrukturen f\u00fcr alle Arten von Veranstaltungen und Gesch\u00e4ftsl\u00f6sungen. So werden unsere Zeltkonstruktionen unter anderem f\u00fcr Ausstellungsr\u00e4ume, zus\u00e4tzliche Lagerfl\u00e4chen, Kantinen, Festzelte und Notunterk\u00fcnfte verwendet. Von kleinen bis hin zu gro\u00dfen Zeltstrukturen, mit unserem umfangreichen Sortiment haben wir f\u00fcr jede Gr\u00f6\u00dfe eine passende Zeltstruktur.<\/p>\n","protected":false},"excerpt":{"rendered":"<p>Bei Kontent Structures vermieten und verkaufen wir eine breite Palette von Zeltstrukturen f\u00fcr alle Arten von Veranstaltungen und<\/p>\n<div class=\"kontent-read\"><a href=\"https:\/\/kontent-structures.com\/de\/\" class=\"\"> <i class=\"fas fa-chevron-right\"><\/i><\/a><\/div>\n","protected":false},"author":2,"featured_media":0,"parent":0,"menu_order":0,"comment_status":"closed","ping_status":"closed","template":"templates\/template-home.php","meta":{"_acf_changed":false,"footnotes":""},"class_list":["post-3952","page","type-page","status-publish","hentry"],"acf":[],"yoast_head":"<!-- This site is optimized with the Yoast SEO plugin v27.2 - https:\/\/yoast.com\/product\/yoast-seo-wordpress\/ -->\n<title>Kontent Structures, Ihr Gesamtlieferant f\u00fcr tempor\u00e4re und permanente Zeltstrukturen - Kontent Structures<\/title>\n<meta name=\"description\" content=\"Kontent Structures ist ein internationaler Anbieter von Eventstrukturen und tempor\u00e4ren Geb\u00e4uden. Wir bieten L\u00f6sungen f\u00fcr jede Anwendung einer Zeltkonstruktion.\" \/>\n<meta name=\"robots\" content=\"index, follow, max-snippet:-1, max-image-preview:large, max-video-preview:-1\" \/>\n<link rel=\"canonical\" href=\"https:\/\/kontent-structures.com\/de\/\" \/>\n<meta property=\"og:locale\" content=\"de_DE\" \/>\n<meta property=\"og:type\" content=\"article\" \/>\n<meta property=\"og:title\" content=\"Kontent Structures, Ihr Gesamtlieferant f\u00fcr tempor\u00e4re und permanente Zeltstrukturen - Kontent Structures\" \/>\n<meta property=\"og:description\" content=\"Kontent Structures ist ein internationaler Anbieter von Eventstrukturen und tempor\u00e4ren Geb\u00e4uden. Wir bieten L\u00f6sungen f\u00fcr jede Anwendung einer Zeltkonstruktion.\" \/>\n<meta property=\"og:url\" content=\"https:\/\/kontent-structures.com\/de\/\" \/>\n<meta property=\"og:site_name\" content=\"Kontent Structures\" \/>\n<meta property=\"article:modified_time\" content=\"2023-08-06T19:55:23+00:00\" \/>\n<meta name=\"twitter:card\" content=\"summary_large_image\" \/>\n<meta name=\"twitter:label1\" content=\"Gesch\u00e4tzte Lesezeit\" \/>\n\t<meta name=\"twitter:data1\" content=\"1\u00a0Minute\" \/>\n<script type=\"application\/ld+json\" class=\"yoast-schema-graph\">{\"@context\":\"https:\/\/schema.org\",\"@graph\":[{\"@type\":\"WebPage\",\"@id\":\"https:\/\/kontent-structures.com\/de\/\",\"url\":\"https:\/\/kontent-structures.com\/de\/\",\"name\":\"Kontent Structures, Ihr Gesamtlieferant f\u00fcr tempor\u00e4re und permanente Zeltstrukturen - Kontent Structures\",\"isPartOf\":{\"@id\":\"https:\/\/kontent-structures.com\/#website\"},\"datePublished\":\"2021-01-12T15:27:49+00:00\",\"dateModified\":\"2023-08-06T19:55:23+00:00\",\"description\":\"Kontent Structures ist ein internationaler Anbieter von Eventstrukturen und tempor\u00e4ren Geb\u00e4uden. Wir bieten L\u00f6sungen f\u00fcr jede Anwendung einer Zeltkonstruktion.\",\"breadcrumb\":{\"@id\":\"https:\/\/kontent-structures.com\/de\/#breadcrumb\"},\"inLanguage\":\"de\",\"potentialAction\":[{\"@type\":\"ReadAction\",\"target\":[\"https:\/\/kontent-structures.com\/de\/\"]}]},{\"@type\":\"BreadcrumbList\",\"@id\":\"https:\/\/kontent-structures.com\/de\/#breadcrumb\",\"itemListElement\":[{\"@type\":\"ListItem\",\"position\":1,\"name\":\"Home\",\"item\":\"https:\/\/kontent-structures.com\/de\/\"},{\"@type\":\"ListItem\",\"position\":2,\"name\":\"Kontent Structures, Ihr Gesamtlieferant f\u00fcr tempor\u00e4re und permanente Zeltstrukturen\"}]},{\"@type\":\"WebSite\",\"@id\":\"https:\/\/kontent-structures.com\/#website\",\"url\":\"https:\/\/kontent-structures.com\/\",\"name\":\"Kontent Structures\",\"description\":\"En nog een WordPress site\",\"publisher\":{\"@id\":\"https:\/\/kontent-structures.com\/#organization\"},\"potentialAction\":[{\"@type\":\"SearchAction\",\"target\":{\"@type\":\"EntryPoint\",\"urlTemplate\":\"https:\/\/kontent-structures.com\/?s={search_term_string}\"},\"query-input\":{\"@type\":\"PropertyValueSpecification\",\"valueRequired\":true,\"valueName\":\"search_term_string\"}}],\"inLanguage\":\"de\"},{\"@type\":\"Organization\",\"@id\":\"https:\/\/kontent-structures.com\/#organization\",\"name\":\"Kontent Structures\",\"url\":\"https:\/\/kontent-structures.com\/\",\"logo\":{\"@type\":\"ImageObject\",\"inLanguage\":\"de\",\"@id\":\"https:\/\/kontent-structures.com\/#\/schema\/logo\/image\/\",\"url\":\"https:\/\/kontent-structures.com\/wp-content\/uploads\/2021\/04\/Kontent-Structures-verkleind.png\",\"contentUrl\":\"https:\/\/kontent-structures.com\/wp-content\/uploads\/2021\/04\/Kontent-Structures-verkleind.png\",\"width\":400,\"height\":355,\"caption\":\"Kontent Structures\"},\"image\":{\"@id\":\"https:\/\/kontent-structures.com\/#\/schema\/logo\/image\/\"}}]}<\/script>\n<!-- \/ Yoast SEO plugin. -->","yoast_head_json":{"title":"Kontent Structures, Ihr Gesamtlieferant f\u00fcr tempor\u00e4re und permanente Zeltstrukturen - Kontent Structures","description":"Kontent Structures ist ein internationaler Anbieter von Eventstrukturen und tempor\u00e4ren Geb\u00e4uden. Wir bieten L\u00f6sungen f\u00fcr jede Anwendung einer Zeltkonstruktion.","robots":{"index":"index","follow":"follow","max-snippet":"max-snippet:-1","max-image-preview":"max-image-preview:large","max-video-preview":"max-video-preview:-1"},"canonical":"https:\/\/kontent-structures.com\/de\/","og_locale":"de_DE","og_type":"article","og_title":"Kontent Structures, Ihr Gesamtlieferant f\u00fcr tempor\u00e4re und permanente Zeltstrukturen - Kontent Structures","og_description":"Kontent Structures ist ein internationaler Anbieter von Eventstrukturen und tempor\u00e4ren Geb\u00e4uden. Wir bieten L\u00f6sungen f\u00fcr jede Anwendung einer Zeltkonstruktion.","og_url":"https:\/\/kontent-structures.com\/de\/","og_site_name":"Kontent Structures","article_modified_time":"2023-08-06T19:55:23+00:00","twitter_card":"summary_large_image","twitter_misc":{"Gesch\u00e4tzte Lesezeit":"1\u00a0Minute"},"schema":{"@context":"https:\/\/schema.org","@graph":[{"@type":"WebPage","@id":"https:\/\/kontent-structures.com\/de\/","url":"https:\/\/kontent-structures.com\/de\/","name":"Kontent Structures, Ihr Gesamtlieferant f\u00fcr tempor\u00e4re und permanente Zeltstrukturen - Kontent Structures","isPartOf":{"@id":"https:\/\/kontent-structures.com\/#website"},"datePublished":"2021-01-12T15:27:49+00:00","dateModified":"2023-08-06T19:55:23+00:00","description":"Kontent Structures ist ein internationaler Anbieter von Eventstrukturen und tempor\u00e4ren Geb\u00e4uden. Wir bieten L\u00f6sungen f\u00fcr jede Anwendung einer Zeltkonstruktion.","breadcrumb":{"@id":"https:\/\/kontent-structures.com\/de\/#breadcrumb"},"inLanguage":"de","potentialAction":[{"@type":"ReadAction","target":["https:\/\/kontent-structures.com\/de\/"]}]},{"@type":"BreadcrumbList","@id":"https:\/\/kontent-structures.com\/de\/#breadcrumb","itemListElement":[{"@type":"ListItem","position":1,"name":"Home","item":"https:\/\/kontent-structures.com\/de\/"},{"@type":"ListItem","position":2,"name":"Kontent Structures, Ihr Gesamtlieferant f\u00fcr tempor\u00e4re und permanente Zeltstrukturen"}]},{"@type":"WebSite","@id":"https:\/\/kontent-structures.com\/#website","url":"https:\/\/kontent-structures.com\/","name":"Kontent Structures","description":"En nog een WordPress site","publisher":{"@id":"https:\/\/kontent-structures.com\/#organization"},"potentialAction":[{"@type":"SearchAction","target":{"@type":"EntryPoint","urlTemplate":"https:\/\/kontent-structures.com\/?s={search_term_string}"},"query-input":{"@type":"PropertyValueSpecification","valueRequired":true,"valueName":"search_term_string"}}],"inLanguage":"de"},{"@type":"Organization","@id":"https:\/\/kontent-structures.com\/#organization","name":"Kontent Structures","url":"https:\/\/kontent-structures.com\/","logo":{"@type":"ImageObject","inLanguage":"de","@id":"https:\/\/kontent-structures.com\/#\/schema\/logo\/image\/","url":"https:\/\/kontent-structures.com\/wp-content\/uploads\/2021\/04\/Kontent-Structures-verkleind.png","contentUrl":"https:\/\/kontent-structures.com\/wp-content\/uploads\/2021\/04\/Kontent-Structures-verkleind.png","width":400,"height":355,"caption":"Kontent Structures"},"image":{"@id":"https:\/\/kontent-structures.com\/#\/schema\/logo\/image\/"}}]}},"_links":{"self":[{"href":"https:\/\/kontent-structures.com\/de\/wp-json\/wp\/v2\/pages\/3952","targetHints":{"allow":["GET"]}}],"collection":[{"href":"https:\/\/kontent-structures.com\/de\/wp-json\/wp\/v2\/pages"}],"about":[{"href":"https:\/\/kontent-structures.com\/de\/wp-json\/wp\/v2\/types\/page"}],"author":[{"embeddable":true,"href":"https:\/\/kontent-structures.com\/de\/wp-json\/wp\/v2\/users\/2"}],"replies":[{"embeddable":true,"href":"https:\/\/kontent-structures.com\/de\/wp-json\/wp\/v2\/comments?post=3952"}],"version-history":[{"count":39,"href":"https:\/\/kontent-structures.com\/de\/wp-json\/wp\/v2\/pages\/3952\/revisions"}],"predecessor-version":[{"id":14174,"href":"https:\/\/kontent-structures.com\/de\/wp-json\/wp\/v2\/pages\/3952\/revisions\/14174"}],"wp:attachment":[{"href":"https:\/\/kontent-structures.com\/de\/wp-json\/wp\/v2\/media?parent=3952"}],"curies":[{"name":"wp","href":"https:\/\/api.w.org\/{rel}","templated":true}]}}