{"id":3991,"date":"2021-01-15T13:11:54","date_gmt":"2021-01-15T12:11:54","guid":{"rendered":"https:\/\/kontent-structures.com\/structures\/"},"modified":"2021-06-03T09:37:45","modified_gmt":"2021-06-03T07:37:45","slug":"strukturen","status":"publish","type":"page","link":"https:\/\/kontent-structures.com\/de\/strukturen\/","title":{"rendered":"Strukturen"},"content":{"rendered":"","protected":false},"excerpt":{"rendered":"","protected":false},"author":2,"featured_media":0,"parent":0,"menu_order":0,"comment_status":"closed","ping_status":"closed","template":"templates\/template-tents.php","meta":{"_acf_changed":false,"footnotes":""},"class_list":["post-3991","page","type-page","status-publish","hentry"],"acf":[],"yoast_head":"<!-- This site is optimized with the Yoast SEO plugin v27.5 - https:\/\/yoast.com\/product\/yoast-seo-wordpress\/ -->\n<title>Strukturen - Kontent Structures<\/title>\n<meta name=\"description\" content=\"Bei Kontent Structures vermieten und verkaufen wir Zeltstrukturen f\u00fcr alle Arten von Veranstaltungen und Gesch\u00e4ftsl\u00f6sungen.\" \/>\n<meta name=\"robots\" content=\"index, follow, max-snippet:-1, max-image-preview:large, max-video-preview:-1\" \/>\n<link rel=\"canonical\" href=\"https:\/\/kontent-structures.com\/de\/strukturen\/\" \/>\n<meta property=\"og:locale\" content=\"de_DE\" \/>\n<meta property=\"og:type\" content=\"article\" \/>\n<meta property=\"og:title\" content=\"Strukturen - Kontent Structures\" \/>\n<meta property=\"og:description\" content=\"Bei Kontent Structures vermieten und verkaufen wir Zeltstrukturen f\u00fcr alle Arten von Veranstaltungen und Gesch\u00e4ftsl\u00f6sungen.\" \/>\n<meta property=\"og:url\" content=\"https:\/\/kontent-structures.com\/de\/strukturen\/\" \/>\n<meta property=\"og:site_name\" content=\"Kontent Structures\" \/>\n<meta property=\"article:modified_time\" content=\"2021-06-03T07:37:45+00:00\" \/>\n<meta name=\"twitter:card\" content=\"summary_large_image\" \/>\n<script type=\"application\/ld+json\" class=\"yoast-schema-graph\">{\"@context\":\"https:\\\/\\\/schema.org\",\"@graph\":[{\"@type\":\"WebPage\",\"@id\":\"https:\\\/\\\/kontent-structures.com\\\/de\\\/strukturen\\\/\",\"url\":\"https:\\\/\\\/kontent-structures.com\\\/de\\\/strukturen\\\/\",\"name\":\"Strukturen - Kontent Structures\",\"isPartOf\":{\"@id\":\"https:\\\/\\\/kontent-structures.com\\\/#website\"},\"datePublished\":\"2021-01-15T12:11:54+00:00\",\"dateModified\":\"2021-06-03T07:37:45+00:00\",\"description\":\"Bei Kontent Structures vermieten und verkaufen wir Zeltstrukturen f\u00fcr alle Arten von Veranstaltungen und Gesch\u00e4ftsl\u00f6sungen.\",\"breadcrumb\":{\"@id\":\"https:\\\/\\\/kontent-structures.com\\\/de\\\/strukturen\\\/#breadcrumb\"},\"inLanguage\":\"de\",\"potentialAction\":[{\"@type\":\"ReadAction\",\"target\":[\"https:\\\/\\\/kontent-structures.com\\\/de\\\/strukturen\\\/\"]}]},{\"@type\":\"BreadcrumbList\",\"@id\":\"https:\\\/\\\/kontent-structures.com\\\/de\\\/strukturen\\\/#breadcrumb\",\"itemListElement\":[{\"@type\":\"ListItem\",\"position\":1,\"name\":\"Home\",\"item\":\"https:\\\/\\\/kontent-structures.com\\\/de\\\/\"},{\"@type\":\"ListItem\",\"position\":2,\"name\":\"Strukturen\"}]},{\"@type\":\"WebSite\",\"@id\":\"https:\\\/\\\/kontent-structures.com\\\/#website\",\"url\":\"https:\\\/\\\/kontent-structures.com\\\/\",\"name\":\"Kontent Structures\",\"description\":\"En nog een WordPress site\",\"publisher\":{\"@id\":\"https:\\\/\\\/kontent-structures.com\\\/#organization\"},\"potentialAction\":[{\"@type\":\"SearchAction\",\"target\":{\"@type\":\"EntryPoint\",\"urlTemplate\":\"https:\\\/\\\/kontent-structures.com\\\/?s={search_term_string}\"},\"query-input\":{\"@type\":\"PropertyValueSpecification\",\"valueRequired\":true,\"valueName\":\"search_term_string\"}}],\"inLanguage\":\"de\"},{\"@type\":\"Organization\",\"@id\":\"https:\\\/\\\/kontent-structures.com\\\/#organization\",\"name\":\"Kontent Structures\",\"url\":\"https:\\\/\\\/kontent-structures.com\\\/\",\"logo\":{\"@type\":\"ImageObject\",\"inLanguage\":\"de\",\"@id\":\"https:\\\/\\\/kontent-structures.com\\\/#\\\/schema\\\/logo\\\/image\\\/\",\"url\":\"https:\\\/\\\/kontent-structures.com\\\/wp-content\\\/uploads\\\/2021\\\/04\\\/Kontent-Structures-verkleind.png\",\"contentUrl\":\"https:\\\/\\\/kontent-structures.com\\\/wp-content\\\/uploads\\\/2021\\\/04\\\/Kontent-Structures-verkleind.png\",\"width\":400,\"height\":355,\"caption\":\"Kontent Structures\"},\"image\":{\"@id\":\"https:\\\/\\\/kontent-structures.com\\\/#\\\/schema\\\/logo\\\/image\\\/\"}}]}<\/script>\n<!-- \/ Yoast SEO plugin. -->","yoast_head_json":{"title":"Strukturen - Kontent Structures","description":"Bei Kontent Structures vermieten und verkaufen wir Zeltstrukturen f\u00fcr alle Arten von Veranstaltungen und Gesch\u00e4ftsl\u00f6sungen.","robots":{"index":"index","follow":"follow","max-snippet":"max-snippet:-1","max-image-preview":"max-image-preview:large","max-video-preview":"max-video-preview:-1"},"canonical":"https:\/\/kontent-structures.com\/de\/strukturen\/","og_locale":"de_DE","og_type":"article","og_title":"Strukturen - Kontent Structures","og_description":"Bei Kontent Structures vermieten und verkaufen wir Zeltstrukturen f\u00fcr alle Arten von Veranstaltungen und Gesch\u00e4ftsl\u00f6sungen.","og_url":"https:\/\/kontent-structures.com\/de\/strukturen\/","og_site_name":"Kontent Structures","article_modified_time":"2021-06-03T07:37:45+00:00","twitter_card":"summary_large_image","schema":{"@context":"https:\/\/schema.org","@graph":[{"@type":"WebPage","@id":"https:\/\/kontent-structures.com\/de\/strukturen\/","url":"https:\/\/kontent-structures.com\/de\/strukturen\/","name":"Strukturen - Kontent Structures","isPartOf":{"@id":"https:\/\/kontent-structures.com\/#website"},"datePublished":"2021-01-15T12:11:54+00:00","dateModified":"2021-06-03T07:37:45+00:00","description":"Bei Kontent Structures vermieten und verkaufen wir Zeltstrukturen f\u00fcr alle Arten von Veranstaltungen und Gesch\u00e4ftsl\u00f6sungen.","breadcrumb":{"@id":"https:\/\/kontent-structures.com\/de\/strukturen\/#breadcrumb"},"inLanguage":"de","potentialAction":[{"@type":"ReadAction","target":["https:\/\/kontent-structures.com\/de\/strukturen\/"]}]},{"@type":"BreadcrumbList","@id":"https:\/\/kontent-structures.com\/de\/strukturen\/#breadcrumb","itemListElement":[{"@type":"ListItem","position":1,"name":"Home","item":"https:\/\/kontent-structures.com\/de\/"},{"@type":"ListItem","position":2,"name":"Strukturen"}]},{"@type":"WebSite","@id":"https:\/\/kontent-structures.com\/#website","url":"https:\/\/kontent-structures.com\/","name":"Kontent Structures","description":"En nog een WordPress site","publisher":{"@id":"https:\/\/kontent-structures.com\/#organization"},"potentialAction":[{"@type":"SearchAction","target":{"@type":"EntryPoint","urlTemplate":"https:\/\/kontent-structures.com\/?s={search_term_string}"},"query-input":{"@type":"PropertyValueSpecification","valueRequired":true,"valueName":"search_term_string"}}],"inLanguage":"de"},{"@type":"Organization","@id":"https:\/\/kontent-structures.com\/#organization","name":"Kontent Structures","url":"https:\/\/kontent-structures.com\/","logo":{"@type":"ImageObject","inLanguage":"de","@id":"https:\/\/kontent-structures.com\/#\/schema\/logo\/image\/","url":"https:\/\/kontent-structures.com\/wp-content\/uploads\/2021\/04\/Kontent-Structures-verkleind.png","contentUrl":"https:\/\/kontent-structures.com\/wp-content\/uploads\/2021\/04\/Kontent-Structures-verkleind.png","width":400,"height":355,"caption":"Kontent Structures"},"image":{"@id":"https:\/\/kontent-structures.com\/#\/schema\/logo\/image\/"}}]}},"_links":{"self":[{"href":"https:\/\/kontent-structures.com\/de\/wp-json\/wp\/v2\/pages\/3991","targetHints":{"allow":["GET"]}}],"collection":[{"href":"https:\/\/kontent-structures.com\/de\/wp-json\/wp\/v2\/pages"}],"about":[{"href":"https:\/\/kontent-structures.com\/de\/wp-json\/wp\/v2\/types\/page"}],"author":[{"embeddable":true,"href":"https:\/\/kontent-structures.com\/de\/wp-json\/wp\/v2\/users\/2"}],"replies":[{"embeddable":true,"href":"https:\/\/kontent-structures.com\/de\/wp-json\/wp\/v2\/comments?post=3991"}],"version-history":[{"count":2,"href":"https:\/\/kontent-structures.com\/de\/wp-json\/wp\/v2\/pages\/3991\/revisions"}],"predecessor-version":[{"id":4245,"href":"https:\/\/kontent-structures.com\/de\/wp-json\/wp\/v2\/pages\/3991\/revisions\/4245"}],"wp:attachment":[{"href":"https:\/\/kontent-structures.com\/de\/wp-json\/wp\/v2\/media?parent=3991"}],"curies":[{"name":"wp","href":"https:\/\/api.w.org\/{rel}","templated":true}]}}