{"id":3993,"date":"2021-02-16T12:07:49","date_gmt":"2021-02-16T11:07:49","guid":{"rendered":"https:\/\/kontent-structures.com\/structures\/floorings\/"},"modified":"2023-03-27T09:31:15","modified_gmt":"2023-03-27T07:31:15","slug":"zeltboden","status":"publish","type":"page","link":"https:\/\/kontent-structures.com\/de\/strukturen\/zeltboden\/","title":{"rendered":"Zeltb\u00f6den"},"content":{"rendered":"<p>Bei Kontent Structures produzieren, verkaufen und vermieten wir Zeltb\u00f6den von ausgezeichneter Qualit\u00e4t und extrem hoher Haltbarkeit. Ein Zeltboden bietet eine flache und stabile Oberfl\u00e4che f\u00fcr Zelte. Wir bieten zwei Arten von Zeltb\u00f6den an: den Hochleistungsboden, auch Sperrholzboden genannt, und den Kassettenboden, auch Systemboden genannt.<\/p>\n<p>Mit unserer eigenen Produktionsst\u00e4tte und einem gro\u00dfem Materialbestand f\u00fcr Zeltb\u00f6den in unserem Lager bietet Kontent Structures eine ma\u00dfgeschneiderte L\u00f6sung und eine schnelle Lieferung. Kontent Structures ist seit mehr als 20 Jahren international in der Welt der Zelte und Zeltb\u00f6den t\u00e4tig.<\/p>\n<p>Sind Sie sich nicht ganz sicher, welchen Zeltboden Sie ben\u00f6tigen, oder m\u00f6chten Sie mehr \u00fcber die Systeme und Anwendungen erfahren? Unsere Experten k\u00f6nnen Sie \u00fcber den f\u00fcr Ihre Anwendung am besten geeigneten Zeltboden beraten. <a href=\"https:\/\/kontent-structures.com\/de\/kontakt\/\">Kontaktieren<\/a> Sie uns f\u00fcr den besten Rat.<\/p>\n","protected":false},"excerpt":{"rendered":"<p>Bei Kontent Structures produzieren, verkaufen und vermieten wir Zeltb\u00f6den von ausgezeichneter Qualit\u00e4t und extrem hoher Haltbarkeit. Ein Zeltboden<\/p>\n<div class=\"kontent-read\"><a href=\"https:\/\/kontent-structures.com\/de\/strukturen\/zeltboden\/\" class=\"\"> <i class=\"fas fa-chevron-right\"><\/i><\/a><\/div>\n","protected":false},"author":2,"featured_media":10070,"parent":3991,"menu_order":0,"comment_status":"closed","ping_status":"closed","template":"templates\/template-tents.php","meta":{"_acf_changed":false,"footnotes":""},"class_list":["post-3993","page","type-page","status-publish","has-post-thumbnail","hentry"],"acf":[],"yoast_head":"<!-- This site is optimized with the Yoast SEO plugin v27.2 - https:\/\/yoast.com\/product\/yoast-seo-wordpress\/ -->\n<title>Zeltb\u00f6den | Kassettenb\u00f6den | Hochleistungsb\u00f6den | Kontent Strukturen<\/title>\n<meta name=\"description\" content=\"Auf der Suche nach einem Zeltboden? Kontent Structures bietet geeignete Zeltb\u00f6den von ausgezeichneter Qualit\u00e4t und extrem hoher Haltbarkeit.\" \/>\n<meta name=\"robots\" content=\"index, follow, max-snippet:-1, max-image-preview:large, max-video-preview:-1\" \/>\n<link rel=\"canonical\" href=\"https:\/\/kontent-structures.com\/de\/strukturen\/zeltboden\/\" \/>\n<meta property=\"og:locale\" content=\"de_DE\" \/>\n<meta property=\"og:type\" content=\"article\" \/>\n<meta property=\"og:title\" content=\"Zeltb\u00f6den | Kassettenb\u00f6den | Hochleistungsb\u00f6den | Kontent Strukturen\" \/>\n<meta property=\"og:description\" content=\"Auf der Suche nach einem Zeltboden? Kontent Structures bietet geeignete Zeltb\u00f6den von ausgezeichneter Qualit\u00e4t und extrem hoher Haltbarkeit.\" \/>\n<meta property=\"og:url\" content=\"https:\/\/kontent-structures.com\/de\/strukturen\/zeltboden\/\" \/>\n<meta property=\"og:site_name\" content=\"Kontent Structures\" \/>\n<meta property=\"article:modified_time\" content=\"2023-03-27T07:31:15+00:00\" \/>\n<meta property=\"og:image\" content=\"https:\/\/kontent-structures.com\/wp-content\/uploads\/2022\/02\/Vloersystemen-door-Kontent-Structures.jpg\" \/>\n\t<meta property=\"og:image:width\" content=\"580\" \/>\n\t<meta property=\"og:image:height\" content=\"700\" \/>\n\t<meta property=\"og:image:type\" content=\"image\/jpeg\" \/>\n<meta name=\"twitter:card\" content=\"summary_large_image\" \/>\n<meta name=\"twitter:label1\" content=\"Gesch\u00e4tzte Lesezeit\" \/>\n\t<meta name=\"twitter:data1\" content=\"1\u00a0Minute\" \/>\n<script type=\"application\/ld+json\" class=\"yoast-schema-graph\">{\"@context\":\"https:\/\/schema.org\",\"@graph\":[{\"@type\":\"WebPage\",\"@id\":\"https:\/\/kontent-structures.com\/de\/strukturen\/zeltboden\/\",\"url\":\"https:\/\/kontent-structures.com\/de\/strukturen\/zeltboden\/\",\"name\":\"Zeltb\u00f6den | Kassettenb\u00f6den | Hochleistungsb\u00f6den | Kontent Strukturen\",\"isPartOf\":{\"@id\":\"https:\/\/kontent-structures.com\/#website\"},\"primaryImageOfPage\":{\"@id\":\"https:\/\/kontent-structures.com\/de\/strukturen\/zeltboden\/#primaryimage\"},\"image\":{\"@id\":\"https:\/\/kontent-structures.com\/de\/strukturen\/zeltboden\/#primaryimage\"},\"thumbnailUrl\":\"https:\/\/kontent-structures.com\/wp-content\/uploads\/2022\/02\/Vloersystemen-door-Kontent-Structures.jpg\",\"datePublished\":\"2021-02-16T11:07:49+00:00\",\"dateModified\":\"2023-03-27T07:31:15+00:00\",\"description\":\"Auf der Suche nach einem Zeltboden? Kontent Structures bietet geeignete Zeltb\u00f6den von ausgezeichneter Qualit\u00e4t und extrem hoher Haltbarkeit.\",\"breadcrumb\":{\"@id\":\"https:\/\/kontent-structures.com\/de\/strukturen\/zeltboden\/#breadcrumb\"},\"inLanguage\":\"de\",\"potentialAction\":[{\"@type\":\"ReadAction\",\"target\":[\"https:\/\/kontent-structures.com\/de\/strukturen\/zeltboden\/\"]}]},{\"@type\":\"ImageObject\",\"inLanguage\":\"de\",\"@id\":\"https:\/\/kontent-structures.com\/de\/strukturen\/zeltboden\/#primaryimage\",\"url\":\"https:\/\/kontent-structures.com\/wp-content\/uploads\/2022\/02\/Vloersystemen-door-Kontent-Structures.jpg\",\"contentUrl\":\"https:\/\/kontent-structures.com\/wp-content\/uploads\/2022\/02\/Vloersystemen-door-Kontent-Structures.jpg\",\"width\":580,\"height\":700,\"caption\":\"Vloersystemen: Zwaarlastvloer\"},{\"@type\":\"BreadcrumbList\",\"@id\":\"https:\/\/kontent-structures.com\/de\/strukturen\/zeltboden\/#breadcrumb\",\"itemListElement\":[{\"@type\":\"ListItem\",\"position\":1,\"name\":\"Home\",\"item\":\"https:\/\/kontent-structures.com\/de\/\"},{\"@type\":\"ListItem\",\"position\":2,\"name\":\"Strukturen\",\"item\":\"https:\/\/kontent-structures.com\/de\/strukturen\/\"},{\"@type\":\"ListItem\",\"position\":3,\"name\":\"Zeltb\u00f6den\"}]},{\"@type\":\"WebSite\",\"@id\":\"https:\/\/kontent-structures.com\/#website\",\"url\":\"https:\/\/kontent-structures.com\/\",\"name\":\"Kontent Structures\",\"description\":\"En nog een WordPress site\",\"publisher\":{\"@id\":\"https:\/\/kontent-structures.com\/#organization\"},\"potentialAction\":[{\"@type\":\"SearchAction\",\"target\":{\"@type\":\"EntryPoint\",\"urlTemplate\":\"https:\/\/kontent-structures.com\/?s={search_term_string}\"},\"query-input\":{\"@type\":\"PropertyValueSpecification\",\"valueRequired\":true,\"valueName\":\"search_term_string\"}}],\"inLanguage\":\"de\"},{\"@type\":\"Organization\",\"@id\":\"https:\/\/kontent-structures.com\/#organization\",\"name\":\"Kontent Structures\",\"url\":\"https:\/\/kontent-structures.com\/\",\"logo\":{\"@type\":\"ImageObject\",\"inLanguage\":\"de\",\"@id\":\"https:\/\/kontent-structures.com\/#\/schema\/logo\/image\/\",\"url\":\"https:\/\/kontent-structures.com\/wp-content\/uploads\/2021\/04\/Kontent-Structures-verkleind.png\",\"contentUrl\":\"https:\/\/kontent-structures.com\/wp-content\/uploads\/2021\/04\/Kontent-Structures-verkleind.png\",\"width\":400,\"height\":355,\"caption\":\"Kontent Structures\"},\"image\":{\"@id\":\"https:\/\/kontent-structures.com\/#\/schema\/logo\/image\/\"}}]}<\/script>\n<!-- \/ Yoast SEO plugin. -->","yoast_head_json":{"title":"Zeltb\u00f6den | Kassettenb\u00f6den | Hochleistungsb\u00f6den | Kontent Strukturen","description":"Auf der Suche nach einem Zeltboden? Kontent Structures bietet geeignete Zeltb\u00f6den von ausgezeichneter Qualit\u00e4t und extrem hoher Haltbarkeit.","robots":{"index":"index","follow":"follow","max-snippet":"max-snippet:-1","max-image-preview":"max-image-preview:large","max-video-preview":"max-video-preview:-1"},"canonical":"https:\/\/kontent-structures.com\/de\/strukturen\/zeltboden\/","og_locale":"de_DE","og_type":"article","og_title":"Zeltb\u00f6den | Kassettenb\u00f6den | Hochleistungsb\u00f6den | Kontent Strukturen","og_description":"Auf der Suche nach einem Zeltboden? Kontent Structures bietet geeignete Zeltb\u00f6den von ausgezeichneter Qualit\u00e4t und extrem hoher Haltbarkeit.","og_url":"https:\/\/kontent-structures.com\/de\/strukturen\/zeltboden\/","og_site_name":"Kontent Structures","article_modified_time":"2023-03-27T07:31:15+00:00","og_image":[{"width":580,"height":700,"url":"https:\/\/kontent-structures.com\/wp-content\/uploads\/2022\/02\/Vloersystemen-door-Kontent-Structures.jpg","type":"image\/jpeg"}],"twitter_card":"summary_large_image","twitter_misc":{"Gesch\u00e4tzte Lesezeit":"1\u00a0Minute"},"schema":{"@context":"https:\/\/schema.org","@graph":[{"@type":"WebPage","@id":"https:\/\/kontent-structures.com\/de\/strukturen\/zeltboden\/","url":"https:\/\/kontent-structures.com\/de\/strukturen\/zeltboden\/","name":"Zeltb\u00f6den | Kassettenb\u00f6den | Hochleistungsb\u00f6den | Kontent Strukturen","isPartOf":{"@id":"https:\/\/kontent-structures.com\/#website"},"primaryImageOfPage":{"@id":"https:\/\/kontent-structures.com\/de\/strukturen\/zeltboden\/#primaryimage"},"image":{"@id":"https:\/\/kontent-structures.com\/de\/strukturen\/zeltboden\/#primaryimage"},"thumbnailUrl":"https:\/\/kontent-structures.com\/wp-content\/uploads\/2022\/02\/Vloersystemen-door-Kontent-Structures.jpg","datePublished":"2021-02-16T11:07:49+00:00","dateModified":"2023-03-27T07:31:15+00:00","description":"Auf der Suche nach einem Zeltboden? Kontent Structures bietet geeignete Zeltb\u00f6den von ausgezeichneter Qualit\u00e4t und extrem hoher Haltbarkeit.","breadcrumb":{"@id":"https:\/\/kontent-structures.com\/de\/strukturen\/zeltboden\/#breadcrumb"},"inLanguage":"de","potentialAction":[{"@type":"ReadAction","target":["https:\/\/kontent-structures.com\/de\/strukturen\/zeltboden\/"]}]},{"@type":"ImageObject","inLanguage":"de","@id":"https:\/\/kontent-structures.com\/de\/strukturen\/zeltboden\/#primaryimage","url":"https:\/\/kontent-structures.com\/wp-content\/uploads\/2022\/02\/Vloersystemen-door-Kontent-Structures.jpg","contentUrl":"https:\/\/kontent-structures.com\/wp-content\/uploads\/2022\/02\/Vloersystemen-door-Kontent-Structures.jpg","width":580,"height":700,"caption":"Vloersystemen: Zwaarlastvloer"},{"@type":"BreadcrumbList","@id":"https:\/\/kontent-structures.com\/de\/strukturen\/zeltboden\/#breadcrumb","itemListElement":[{"@type":"ListItem","position":1,"name":"Home","item":"https:\/\/kontent-structures.com\/de\/"},{"@type":"ListItem","position":2,"name":"Strukturen","item":"https:\/\/kontent-structures.com\/de\/strukturen\/"},{"@type":"ListItem","position":3,"name":"Zeltb\u00f6den"}]},{"@type":"WebSite","@id":"https:\/\/kontent-structures.com\/#website","url":"https:\/\/kontent-structures.com\/","name":"Kontent Structures","description":"En nog een WordPress site","publisher":{"@id":"https:\/\/kontent-structures.com\/#organization"},"potentialAction":[{"@type":"SearchAction","target":{"@type":"EntryPoint","urlTemplate":"https:\/\/kontent-structures.com\/?s={search_term_string}"},"query-input":{"@type":"PropertyValueSpecification","valueRequired":true,"valueName":"search_term_string"}}],"inLanguage":"de"},{"@type":"Organization","@id":"https:\/\/kontent-structures.com\/#organization","name":"Kontent Structures","url":"https:\/\/kontent-structures.com\/","logo":{"@type":"ImageObject","inLanguage":"de","@id":"https:\/\/kontent-structures.com\/#\/schema\/logo\/image\/","url":"https:\/\/kontent-structures.com\/wp-content\/uploads\/2021\/04\/Kontent-Structures-verkleind.png","contentUrl":"https:\/\/kontent-structures.com\/wp-content\/uploads\/2021\/04\/Kontent-Structures-verkleind.png","width":400,"height":355,"caption":"Kontent Structures"},"image":{"@id":"https:\/\/kontent-structures.com\/#\/schema\/logo\/image\/"}}]}},"_links":{"self":[{"href":"https:\/\/kontent-structures.com\/de\/wp-json\/wp\/v2\/pages\/3993","targetHints":{"allow":["GET"]}}],"collection":[{"href":"https:\/\/kontent-structures.com\/de\/wp-json\/wp\/v2\/pages"}],"about":[{"href":"https:\/\/kontent-structures.com\/de\/wp-json\/wp\/v2\/types\/page"}],"author":[{"embeddable":true,"href":"https:\/\/kontent-structures.com\/de\/wp-json\/wp\/v2\/users\/2"}],"replies":[{"embeddable":true,"href":"https:\/\/kontent-structures.com\/de\/wp-json\/wp\/v2\/comments?post=3993"}],"version-history":[{"count":10,"href":"https:\/\/kontent-structures.com\/de\/wp-json\/wp\/v2\/pages\/3993\/revisions"}],"predecessor-version":[{"id":13470,"href":"https:\/\/kontent-structures.com\/de\/wp-json\/wp\/v2\/pages\/3993\/revisions\/13470"}],"up":[{"embeddable":true,"href":"https:\/\/kontent-structures.com\/de\/wp-json\/wp\/v2\/pages\/3991"}],"wp:featuredmedia":[{"embeddable":true,"href":"https:\/\/kontent-structures.com\/de\/wp-json\/wp\/v2\/media\/10070"}],"wp:attachment":[{"href":"https:\/\/kontent-structures.com\/de\/wp-json\/wp\/v2\/media?parent=3993"}],"curies":[{"name":"wp","href":"https:\/\/api.w.org\/{rel}","templated":true}]}}