{"id":4004,"date":"2021-01-15T13:12:08","date_gmt":"2021-01-15T12:12:08","guid":{"rendered":"https:\/\/kontent-structures.com\/structures\/marquee-structures\/"},"modified":"2024-04-26T14:34:37","modified_gmt":"2024-04-26T12:34:37","slug":"alu-hallen","status":"publish","type":"page","link":"https:\/\/kontent-structures.com\/de\/strukturen\/alu-hallen\/","title":{"rendered":"Alu hallen"},"content":{"rendered":"<p>Ein Aluminiumzelt; auch Aluhalle genannt, ist die perfekte L\u00f6sung f\u00fcr alle Ihre tempor\u00e4ren oder (halb-) permanenten r\u00e4umlichen Bed\u00fcrfnisse. Aluminiumhallen werden aufgrund ihrer Gr\u00f6\u00dfenvielfalt und zus\u00e4tzlichen Optionen f\u00fcr fast alles verwendet. Die gebr\u00e4uchlichsten Aluminiumhallen sind Veranstaltungszelte, <a href=\"https:\/\/kontent-structures.com\/de\/strukturen\/lagerstrukturen\/\">Lagerzelte<\/a> als tempor\u00e4re oder permanente L\u00f6sung f\u00fcr zus\u00e4tzliche Lagerung, Zelte f\u00fcr eine Baustelle und <a href=\"https:\/\/kontent-structures.com\/de\/loesungen\/sport\/\">Sportveranstaltungen<\/a>. Neben den von uns angebotenen modularen Aluminiumhallen ist es auch m\u00f6glich, eine Aluminiumhalle nach Ma\u00df anfertigen zu lassen. Damit kann Kontent Structures f\u00fcr jede Situation das richtige Zelt entwerfen.<\/p>\n<p>Die Aluhallen von Kontent Structures k\u00f6nnen mit einer <a href=\"https:\/\/kontent-structures.com\/de\/strukturen\/zeltboden\/\">Kassette oder einem Schwerlastboden<\/a>, Einzel- oder Doppelt\u00fcren sowie Kunststoff-, Glas- oder Isolierw\u00e4nden ausgestattet werden. Dar\u00fcber hinaus ist es m\u00f6glich, Aluminiumhallen mit einem gebogenen Rahmen und Notausgangsschildern zu erhalten.<\/p>\n","protected":false},"excerpt":{"rendered":"<p>Ein Aluminiumzelt; auch Aluhalle genannt, ist die perfekte L\u00f6sung f\u00fcr alle Ihre tempor\u00e4ren oder (halb-) permanenten r\u00e4umlichen Bed\u00fcrfnisse.<\/p>\n<div class=\"kontent-read\"><a href=\"https:\/\/kontent-structures.com\/de\/strukturen\/alu-hallen\/\" class=\"\"> <i class=\"fas fa-chevron-right\"><\/i><\/a><\/div>\n","protected":false},"author":2,"featured_media":9894,"parent":3991,"menu_order":0,"comment_status":"closed","ping_status":"closed","template":"templates\/template-tents.php","meta":{"_acf_changed":false,"footnotes":""},"class_list":["post-4004","page","type-page","status-publish","has-post-thumbnail","hentry"],"acf":[],"yoast_head":"<!-- This site is optimized with the Yoast SEO plugin v27.2 - https:\/\/yoast.com\/product\/yoast-seo-wordpress\/ -->\n<title>Alu hallen | Internationaler Lieferant | Kontent Structures<\/title>\n<meta name=\"description\" content=\"Die Alu hallen von Kontent Structures bieten eine L\u00f6sung f\u00fcr Ihre tempor\u00e4ren oder semi-permanenten r\u00e4umlichen Bed\u00fcrfnisse. Schauen Sie sich die Optionen auf unserer Website an!\" \/>\n<meta name=\"robots\" content=\"index, follow, max-snippet:-1, max-image-preview:large, max-video-preview:-1\" \/>\n<link rel=\"canonical\" href=\"https:\/\/kontent-structures.com\/de\/strukturen\/alu-hallen\/\" \/>\n<meta property=\"og:locale\" content=\"de_DE\" \/>\n<meta property=\"og:type\" content=\"article\" \/>\n<meta property=\"og:title\" content=\"Alu hallen | Internationaler Lieferant | Kontent Structures\" \/>\n<meta property=\"og:description\" content=\"Die Alu hallen von Kontent Structures bieten eine L\u00f6sung f\u00fcr Ihre tempor\u00e4ren oder semi-permanenten r\u00e4umlichen Bed\u00fcrfnisse. Schauen Sie sich die Optionen auf unserer Website an!\" \/>\n<meta property=\"og:url\" content=\"https:\/\/kontent-structures.com\/de\/strukturen\/alu-hallen\/\" \/>\n<meta property=\"og:site_name\" content=\"Kontent Structures\" \/>\n<meta property=\"article:modified_time\" content=\"2024-04-26T12:34:37+00:00\" \/>\n<meta property=\"og:image\" content=\"https:\/\/kontent-structures.com\/wp-content\/uploads\/2022\/02\/Aluhal-Corporate-events-Kontent-Structures.jpg\" \/>\n\t<meta property=\"og:image:width\" content=\"650\" \/>\n\t<meta property=\"og:image:height\" content=\"505\" \/>\n\t<meta property=\"og:image:type\" content=\"image\/jpeg\" \/>\n<meta name=\"twitter:card\" content=\"summary_large_image\" \/>\n<meta name=\"twitter:label1\" content=\"Gesch\u00e4tzte Lesezeit\" \/>\n\t<meta name=\"twitter:data1\" content=\"1\u00a0Minute\" \/>\n<script type=\"application\/ld+json\" class=\"yoast-schema-graph\">{\"@context\":\"https:\/\/schema.org\",\"@graph\":[{\"@type\":\"WebPage\",\"@id\":\"https:\/\/kontent-structures.com\/de\/strukturen\/alu-hallen\/\",\"url\":\"https:\/\/kontent-structures.com\/de\/strukturen\/alu-hallen\/\",\"name\":\"Alu hallen | Internationaler Lieferant | Kontent Structures\",\"isPartOf\":{\"@id\":\"https:\/\/kontent-structures.com\/#website\"},\"primaryImageOfPage\":{\"@id\":\"https:\/\/kontent-structures.com\/de\/strukturen\/alu-hallen\/#primaryimage\"},\"image\":{\"@id\":\"https:\/\/kontent-structures.com\/de\/strukturen\/alu-hallen\/#primaryimage\"},\"thumbnailUrl\":\"https:\/\/kontent-structures.com\/wp-content\/uploads\/2022\/02\/Aluhal-Corporate-events-Kontent-Structures.jpg\",\"datePublished\":\"2021-01-15T12:12:08+00:00\",\"dateModified\":\"2024-04-26T12:34:37+00:00\",\"description\":\"Die Alu hallen von Kontent Structures bieten eine L\u00f6sung f\u00fcr Ihre tempor\u00e4ren oder semi-permanenten r\u00e4umlichen Bed\u00fcrfnisse. Schauen Sie sich die Optionen auf unserer Website an!\",\"breadcrumb\":{\"@id\":\"https:\/\/kontent-structures.com\/de\/strukturen\/alu-hallen\/#breadcrumb\"},\"inLanguage\":\"de\",\"potentialAction\":[{\"@type\":\"ReadAction\",\"target\":[\"https:\/\/kontent-structures.com\/de\/strukturen\/alu-hallen\/\"]}]},{\"@type\":\"ImageObject\",\"inLanguage\":\"de\",\"@id\":\"https:\/\/kontent-structures.com\/de\/strukturen\/alu-hallen\/#primaryimage\",\"url\":\"https:\/\/kontent-structures.com\/wp-content\/uploads\/2022\/02\/Aluhal-Corporate-events-Kontent-Structures.jpg\",\"contentUrl\":\"https:\/\/kontent-structures.com\/wp-content\/uploads\/2022\/02\/Aluhal-Corporate-events-Kontent-Structures.jpg\",\"width\":650,\"height\":505,\"caption\":\"Aluhallen voor (semi-)permanente toepassingen en evenementen\"},{\"@type\":\"BreadcrumbList\",\"@id\":\"https:\/\/kontent-structures.com\/de\/strukturen\/alu-hallen\/#breadcrumb\",\"itemListElement\":[{\"@type\":\"ListItem\",\"position\":1,\"name\":\"Home\",\"item\":\"https:\/\/kontent-structures.com\/de\/\"},{\"@type\":\"ListItem\",\"position\":2,\"name\":\"Strukturen\",\"item\":\"https:\/\/kontent-structures.com\/de\/strukturen\/\"},{\"@type\":\"ListItem\",\"position\":3,\"name\":\"Alu hallen\"}]},{\"@type\":\"WebSite\",\"@id\":\"https:\/\/kontent-structures.com\/#website\",\"url\":\"https:\/\/kontent-structures.com\/\",\"name\":\"Kontent Structures\",\"description\":\"En nog een WordPress site\",\"publisher\":{\"@id\":\"https:\/\/kontent-structures.com\/#organization\"},\"potentialAction\":[{\"@type\":\"SearchAction\",\"target\":{\"@type\":\"EntryPoint\",\"urlTemplate\":\"https:\/\/kontent-structures.com\/?s={search_term_string}\"},\"query-input\":{\"@type\":\"PropertyValueSpecification\",\"valueRequired\":true,\"valueName\":\"search_term_string\"}}],\"inLanguage\":\"de\"},{\"@type\":\"Organization\",\"@id\":\"https:\/\/kontent-structures.com\/#organization\",\"name\":\"Kontent Structures\",\"url\":\"https:\/\/kontent-structures.com\/\",\"logo\":{\"@type\":\"ImageObject\",\"inLanguage\":\"de\",\"@id\":\"https:\/\/kontent-structures.com\/#\/schema\/logo\/image\/\",\"url\":\"https:\/\/kontent-structures.com\/wp-content\/uploads\/2021\/04\/Kontent-Structures-verkleind.png\",\"contentUrl\":\"https:\/\/kontent-structures.com\/wp-content\/uploads\/2021\/04\/Kontent-Structures-verkleind.png\",\"width\":400,\"height\":355,\"caption\":\"Kontent Structures\"},\"image\":{\"@id\":\"https:\/\/kontent-structures.com\/#\/schema\/logo\/image\/\"}}]}<\/script>\n<!-- \/ Yoast SEO plugin. -->","yoast_head_json":{"title":"Alu hallen | Internationaler Lieferant | Kontent Structures","description":"Die Alu hallen von Kontent Structures bieten eine L\u00f6sung f\u00fcr Ihre tempor\u00e4ren oder semi-permanenten r\u00e4umlichen Bed\u00fcrfnisse. Schauen Sie sich die Optionen auf unserer Website an!","robots":{"index":"index","follow":"follow","max-snippet":"max-snippet:-1","max-image-preview":"max-image-preview:large","max-video-preview":"max-video-preview:-1"},"canonical":"https:\/\/kontent-structures.com\/de\/strukturen\/alu-hallen\/","og_locale":"de_DE","og_type":"article","og_title":"Alu hallen | Internationaler Lieferant | Kontent Structures","og_description":"Die Alu hallen von Kontent Structures bieten eine L\u00f6sung f\u00fcr Ihre tempor\u00e4ren oder semi-permanenten r\u00e4umlichen Bed\u00fcrfnisse. Schauen Sie sich die Optionen auf unserer Website an!","og_url":"https:\/\/kontent-structures.com\/de\/strukturen\/alu-hallen\/","og_site_name":"Kontent Structures","article_modified_time":"2024-04-26T12:34:37+00:00","og_image":[{"width":650,"height":505,"url":"https:\/\/kontent-structures.com\/wp-content\/uploads\/2022\/02\/Aluhal-Corporate-events-Kontent-Structures.jpg","type":"image\/jpeg"}],"twitter_card":"summary_large_image","twitter_misc":{"Gesch\u00e4tzte Lesezeit":"1\u00a0Minute"},"schema":{"@context":"https:\/\/schema.org","@graph":[{"@type":"WebPage","@id":"https:\/\/kontent-structures.com\/de\/strukturen\/alu-hallen\/","url":"https:\/\/kontent-structures.com\/de\/strukturen\/alu-hallen\/","name":"Alu hallen | Internationaler Lieferant | Kontent Structures","isPartOf":{"@id":"https:\/\/kontent-structures.com\/#website"},"primaryImageOfPage":{"@id":"https:\/\/kontent-structures.com\/de\/strukturen\/alu-hallen\/#primaryimage"},"image":{"@id":"https:\/\/kontent-structures.com\/de\/strukturen\/alu-hallen\/#primaryimage"},"thumbnailUrl":"https:\/\/kontent-structures.com\/wp-content\/uploads\/2022\/02\/Aluhal-Corporate-events-Kontent-Structures.jpg","datePublished":"2021-01-15T12:12:08+00:00","dateModified":"2024-04-26T12:34:37+00:00","description":"Die Alu hallen von Kontent Structures bieten eine L\u00f6sung f\u00fcr Ihre tempor\u00e4ren oder semi-permanenten r\u00e4umlichen Bed\u00fcrfnisse. Schauen Sie sich die Optionen auf unserer Website an!","breadcrumb":{"@id":"https:\/\/kontent-structures.com\/de\/strukturen\/alu-hallen\/#breadcrumb"},"inLanguage":"de","potentialAction":[{"@type":"ReadAction","target":["https:\/\/kontent-structures.com\/de\/strukturen\/alu-hallen\/"]}]},{"@type":"ImageObject","inLanguage":"de","@id":"https:\/\/kontent-structures.com\/de\/strukturen\/alu-hallen\/#primaryimage","url":"https:\/\/kontent-structures.com\/wp-content\/uploads\/2022\/02\/Aluhal-Corporate-events-Kontent-Structures.jpg","contentUrl":"https:\/\/kontent-structures.com\/wp-content\/uploads\/2022\/02\/Aluhal-Corporate-events-Kontent-Structures.jpg","width":650,"height":505,"caption":"Aluhallen voor (semi-)permanente toepassingen en evenementen"},{"@type":"BreadcrumbList","@id":"https:\/\/kontent-structures.com\/de\/strukturen\/alu-hallen\/#breadcrumb","itemListElement":[{"@type":"ListItem","position":1,"name":"Home","item":"https:\/\/kontent-structures.com\/de\/"},{"@type":"ListItem","position":2,"name":"Strukturen","item":"https:\/\/kontent-structures.com\/de\/strukturen\/"},{"@type":"ListItem","position":3,"name":"Alu hallen"}]},{"@type":"WebSite","@id":"https:\/\/kontent-structures.com\/#website","url":"https:\/\/kontent-structures.com\/","name":"Kontent Structures","description":"En nog een WordPress site","publisher":{"@id":"https:\/\/kontent-structures.com\/#organization"},"potentialAction":[{"@type":"SearchAction","target":{"@type":"EntryPoint","urlTemplate":"https:\/\/kontent-structures.com\/?s={search_term_string}"},"query-input":{"@type":"PropertyValueSpecification","valueRequired":true,"valueName":"search_term_string"}}],"inLanguage":"de"},{"@type":"Organization","@id":"https:\/\/kontent-structures.com\/#organization","name":"Kontent Structures","url":"https:\/\/kontent-structures.com\/","logo":{"@type":"ImageObject","inLanguage":"de","@id":"https:\/\/kontent-structures.com\/#\/schema\/logo\/image\/","url":"https:\/\/kontent-structures.com\/wp-content\/uploads\/2021\/04\/Kontent-Structures-verkleind.png","contentUrl":"https:\/\/kontent-structures.com\/wp-content\/uploads\/2021\/04\/Kontent-Structures-verkleind.png","width":400,"height":355,"caption":"Kontent Structures"},"image":{"@id":"https:\/\/kontent-structures.com\/#\/schema\/logo\/image\/"}}]}},"_links":{"self":[{"href":"https:\/\/kontent-structures.com\/de\/wp-json\/wp\/v2\/pages\/4004","targetHints":{"allow":["GET"]}}],"collection":[{"href":"https:\/\/kontent-structures.com\/de\/wp-json\/wp\/v2\/pages"}],"about":[{"href":"https:\/\/kontent-structures.com\/de\/wp-json\/wp\/v2\/types\/page"}],"author":[{"embeddable":true,"href":"https:\/\/kontent-structures.com\/de\/wp-json\/wp\/v2\/users\/2"}],"replies":[{"embeddable":true,"href":"https:\/\/kontent-structures.com\/de\/wp-json\/wp\/v2\/comments?post=4004"}],"version-history":[{"count":29,"href":"https:\/\/kontent-structures.com\/de\/wp-json\/wp\/v2\/pages\/4004\/revisions"}],"predecessor-version":[{"id":14962,"href":"https:\/\/kontent-structures.com\/de\/wp-json\/wp\/v2\/pages\/4004\/revisions\/14962"}],"up":[{"embeddable":true,"href":"https:\/\/kontent-structures.com\/de\/wp-json\/wp\/v2\/pages\/3991"}],"wp:featuredmedia":[{"embeddable":true,"href":"https:\/\/kontent-structures.com\/de\/wp-json\/wp\/v2\/media\/9894"}],"wp:attachment":[{"href":"https:\/\/kontent-structures.com\/de\/wp-json\/wp\/v2\/media?parent=4004"}],"curies":[{"name":"wp","href":"https:\/\/api.w.org\/{rel}","templated":true}]}}