{"id":4007,"date":"2021-01-22T14:57:52","date_gmt":"2021-01-22T13:57:52","guid":{"rendered":"https:\/\/kontent-structures.com\/structures\/marquee-structures\/es-110\/"},"modified":"2023-07-19T15:01:54","modified_gmt":"2023-07-19T13:01:54","slug":"es-110","status":"publish","type":"page","link":"https:\/\/kontent-structures.com\/de\/strukturen\/alu-hallen\/es-110\/","title":{"rendered":"ES 110"},"content":{"rendered":"<p>Die Aluminiumhalle Event Structure 110 eignet sich ideal f\u00fcr kleinere Partys und Veranstaltungen, enge R\u00e4ume oder beispielsweise als Crew oder Soundzelt bei Festivals. Die Konstruktion hat nat\u00fcrlich standardm\u00e4\u00dfig eine freie Spannweite, sodass sich keine zentralen Pfosten in der Aluminiumhalle befinden und die Oberfl\u00e4che daher zu 100\u00a0% genutzt werden kann. Aufgrund der leichten Konstruktion kann dieser Zelttyp von 2 Personen ohne Treppenhaus leicht aufgestellt werden.<\/p>\n","protected":false},"excerpt":{"rendered":"<p>Die Aluminiumhalle Event Structure 110 eignet sich ideal f\u00fcr kleinere Partys und Veranstaltungen, enge R\u00e4ume oder beispielsweise als<\/p>\n<div class=\"kontent-read\"><a href=\"https:\/\/kontent-structures.com\/de\/strukturen\/alu-hallen\/es-110\/\" class=\"\"> <i class=\"fas fa-chevron-right\"><\/i><\/a><\/div>\n","protected":false},"author":2,"featured_media":0,"parent":4004,"menu_order":0,"comment_status":"closed","ping_status":"closed","template":"templates\/template-tentstructure.php","meta":{"_acf_changed":false,"footnotes":""},"class_list":["post-4007","page","type-page","status-publish","hentry"],"acf":[],"yoast_head":"<!-- This site is optimized with the Yoast SEO plugin v27.2 - https:\/\/yoast.com\/product\/yoast-seo-wordpress\/ -->\n<title>ES 110 - Kontent Structures<\/title>\n<meta name=\"description\" content=\"Das Event Structure 110 eignet sich f\u00fcr kleinere Partys und Events, enge Locations oder als Crew- oder Soundzelt auf Festivals.\" \/>\n<meta name=\"robots\" content=\"index, follow, max-snippet:-1, max-image-preview:large, max-video-preview:-1\" \/>\n<link rel=\"canonical\" href=\"https:\/\/kontent-structures.com\/de\/strukturen\/alu-hallen\/es-110\/\" \/>\n<meta property=\"og:locale\" content=\"de_DE\" \/>\n<meta property=\"og:type\" content=\"article\" \/>\n<meta property=\"og:title\" content=\"ES 110 - Kontent Structures\" \/>\n<meta property=\"og:description\" content=\"Das Event Structure 110 eignet sich f\u00fcr kleinere Partys und Events, enge Locations oder als Crew- oder Soundzelt auf Festivals.\" \/>\n<meta property=\"og:url\" content=\"https:\/\/kontent-structures.com\/de\/strukturen\/alu-hallen\/es-110\/\" \/>\n<meta property=\"og:site_name\" content=\"Kontent Structures\" \/>\n<meta property=\"article:modified_time\" content=\"2023-07-19T13:01:54+00:00\" \/>\n<meta name=\"twitter:card\" content=\"summary_large_image\" \/>\n<meta name=\"twitter:label1\" content=\"Gesch\u00e4tzte Lesezeit\" \/>\n\t<meta name=\"twitter:data1\" content=\"1\u00a0Minute\" \/>\n<script type=\"application\/ld+json\" class=\"yoast-schema-graph\">{\"@context\":\"https:\/\/schema.org\",\"@graph\":[{\"@type\":\"WebPage\",\"@id\":\"https:\/\/kontent-structures.com\/de\/strukturen\/alu-hallen\/es-110\/\",\"url\":\"https:\/\/kontent-structures.com\/de\/strukturen\/alu-hallen\/es-110\/\",\"name\":\"ES 110 - Kontent Structures\",\"isPartOf\":{\"@id\":\"https:\/\/kontent-structures.com\/#website\"},\"datePublished\":\"2021-01-22T13:57:52+00:00\",\"dateModified\":\"2023-07-19T13:01:54+00:00\",\"description\":\"Das Event Structure 110 eignet sich f\u00fcr kleinere Partys und Events, enge Locations oder als Crew- oder Soundzelt auf Festivals.\",\"breadcrumb\":{\"@id\":\"https:\/\/kontent-structures.com\/de\/strukturen\/alu-hallen\/es-110\/#breadcrumb\"},\"inLanguage\":\"de\",\"potentialAction\":[{\"@type\":\"ReadAction\",\"target\":[\"https:\/\/kontent-structures.com\/de\/strukturen\/alu-hallen\/es-110\/\"]}]},{\"@type\":\"BreadcrumbList\",\"@id\":\"https:\/\/kontent-structures.com\/de\/strukturen\/alu-hallen\/es-110\/#breadcrumb\",\"itemListElement\":[{\"@type\":\"ListItem\",\"position\":1,\"name\":\"Home\",\"item\":\"https:\/\/kontent-structures.com\/de\/\"},{\"@type\":\"ListItem\",\"position\":2,\"name\":\"Strukturen\",\"item\":\"https:\/\/kontent-structures.com\/de\/strukturen\/\"},{\"@type\":\"ListItem\",\"position\":3,\"name\":\"Alu hallen\",\"item\":\"https:\/\/kontent-structures.com\/de\/strukturen\/alu-hallen\/\"},{\"@type\":\"ListItem\",\"position\":4,\"name\":\"ES 110\"}]},{\"@type\":\"WebSite\",\"@id\":\"https:\/\/kontent-structures.com\/#website\",\"url\":\"https:\/\/kontent-structures.com\/\",\"name\":\"Kontent Structures\",\"description\":\"En nog een WordPress site\",\"publisher\":{\"@id\":\"https:\/\/kontent-structures.com\/#organization\"},\"potentialAction\":[{\"@type\":\"SearchAction\",\"target\":{\"@type\":\"EntryPoint\",\"urlTemplate\":\"https:\/\/kontent-structures.com\/?s={search_term_string}\"},\"query-input\":{\"@type\":\"PropertyValueSpecification\",\"valueRequired\":true,\"valueName\":\"search_term_string\"}}],\"inLanguage\":\"de\"},{\"@type\":\"Organization\",\"@id\":\"https:\/\/kontent-structures.com\/#organization\",\"name\":\"Kontent Structures\",\"url\":\"https:\/\/kontent-structures.com\/\",\"logo\":{\"@type\":\"ImageObject\",\"inLanguage\":\"de\",\"@id\":\"https:\/\/kontent-structures.com\/#\/schema\/logo\/image\/\",\"url\":\"https:\/\/kontent-structures.com\/wp-content\/uploads\/2021\/04\/Kontent-Structures-verkleind.png\",\"contentUrl\":\"https:\/\/kontent-structures.com\/wp-content\/uploads\/2021\/04\/Kontent-Structures-verkleind.png\",\"width\":400,\"height\":355,\"caption\":\"Kontent Structures\"},\"image\":{\"@id\":\"https:\/\/kontent-structures.com\/#\/schema\/logo\/image\/\"}}]}<\/script>\n<!-- \/ Yoast SEO plugin. -->","yoast_head_json":{"title":"ES 110 - Kontent Structures","description":"Das Event Structure 110 eignet sich f\u00fcr kleinere Partys und Events, enge Locations oder als Crew- oder Soundzelt auf Festivals.","robots":{"index":"index","follow":"follow","max-snippet":"max-snippet:-1","max-image-preview":"max-image-preview:large","max-video-preview":"max-video-preview:-1"},"canonical":"https:\/\/kontent-structures.com\/de\/strukturen\/alu-hallen\/es-110\/","og_locale":"de_DE","og_type":"article","og_title":"ES 110 - Kontent Structures","og_description":"Das Event Structure 110 eignet sich f\u00fcr kleinere Partys und Events, enge Locations oder als Crew- oder Soundzelt auf Festivals.","og_url":"https:\/\/kontent-structures.com\/de\/strukturen\/alu-hallen\/es-110\/","og_site_name":"Kontent Structures","article_modified_time":"2023-07-19T13:01:54+00:00","twitter_card":"summary_large_image","twitter_misc":{"Gesch\u00e4tzte Lesezeit":"1\u00a0Minute"},"schema":{"@context":"https:\/\/schema.org","@graph":[{"@type":"WebPage","@id":"https:\/\/kontent-structures.com\/de\/strukturen\/alu-hallen\/es-110\/","url":"https:\/\/kontent-structures.com\/de\/strukturen\/alu-hallen\/es-110\/","name":"ES 110 - Kontent Structures","isPartOf":{"@id":"https:\/\/kontent-structures.com\/#website"},"datePublished":"2021-01-22T13:57:52+00:00","dateModified":"2023-07-19T13:01:54+00:00","description":"Das Event Structure 110 eignet sich f\u00fcr kleinere Partys und Events, enge Locations oder als Crew- oder Soundzelt auf Festivals.","breadcrumb":{"@id":"https:\/\/kontent-structures.com\/de\/strukturen\/alu-hallen\/es-110\/#breadcrumb"},"inLanguage":"de","potentialAction":[{"@type":"ReadAction","target":["https:\/\/kontent-structures.com\/de\/strukturen\/alu-hallen\/es-110\/"]}]},{"@type":"BreadcrumbList","@id":"https:\/\/kontent-structures.com\/de\/strukturen\/alu-hallen\/es-110\/#breadcrumb","itemListElement":[{"@type":"ListItem","position":1,"name":"Home","item":"https:\/\/kontent-structures.com\/de\/"},{"@type":"ListItem","position":2,"name":"Strukturen","item":"https:\/\/kontent-structures.com\/de\/strukturen\/"},{"@type":"ListItem","position":3,"name":"Alu hallen","item":"https:\/\/kontent-structures.com\/de\/strukturen\/alu-hallen\/"},{"@type":"ListItem","position":4,"name":"ES 110"}]},{"@type":"WebSite","@id":"https:\/\/kontent-structures.com\/#website","url":"https:\/\/kontent-structures.com\/","name":"Kontent Structures","description":"En nog een WordPress site","publisher":{"@id":"https:\/\/kontent-structures.com\/#organization"},"potentialAction":[{"@type":"SearchAction","target":{"@type":"EntryPoint","urlTemplate":"https:\/\/kontent-structures.com\/?s={search_term_string}"},"query-input":{"@type":"PropertyValueSpecification","valueRequired":true,"valueName":"search_term_string"}}],"inLanguage":"de"},{"@type":"Organization","@id":"https:\/\/kontent-structures.com\/#organization","name":"Kontent Structures","url":"https:\/\/kontent-structures.com\/","logo":{"@type":"ImageObject","inLanguage":"de","@id":"https:\/\/kontent-structures.com\/#\/schema\/logo\/image\/","url":"https:\/\/kontent-structures.com\/wp-content\/uploads\/2021\/04\/Kontent-Structures-verkleind.png","contentUrl":"https:\/\/kontent-structures.com\/wp-content\/uploads\/2021\/04\/Kontent-Structures-verkleind.png","width":400,"height":355,"caption":"Kontent Structures"},"image":{"@id":"https:\/\/kontent-structures.com\/#\/schema\/logo\/image\/"}}]}},"_links":{"self":[{"href":"https:\/\/kontent-structures.com\/de\/wp-json\/wp\/v2\/pages\/4007","targetHints":{"allow":["GET"]}}],"collection":[{"href":"https:\/\/kontent-structures.com\/de\/wp-json\/wp\/v2\/pages"}],"about":[{"href":"https:\/\/kontent-structures.com\/de\/wp-json\/wp\/v2\/types\/page"}],"author":[{"embeddable":true,"href":"https:\/\/kontent-structures.com\/de\/wp-json\/wp\/v2\/users\/2"}],"replies":[{"embeddable":true,"href":"https:\/\/kontent-structures.com\/de\/wp-json\/wp\/v2\/comments?post=4007"}],"version-history":[{"count":10,"href":"https:\/\/kontent-structures.com\/de\/wp-json\/wp\/v2\/pages\/4007\/revisions"}],"predecessor-version":[{"id":14032,"href":"https:\/\/kontent-structures.com\/de\/wp-json\/wp\/v2\/pages\/4007\/revisions\/14032"}],"up":[{"embeddable":true,"href":"https:\/\/kontent-structures.com\/de\/wp-json\/wp\/v2\/pages\/4004"}],"wp:attachment":[{"href":"https:\/\/kontent-structures.com\/de\/wp-json\/wp\/v2\/media?parent=4007"}],"curies":[{"name":"wp","href":"https:\/\/api.w.org\/{rel}","templated":true}]}}