{"id":4013,"date":"2021-01-22T15:12:07","date_gmt":"2021-01-22T14:12:07","guid":{"rendered":"https:\/\/kontent-structures.com\/structures\/marquee-structures\/es-225\/"},"modified":"2025-11-13T13:41:35","modified_gmt":"2025-11-13T12:41:35","slug":"es-225","status":"publish","type":"page","link":"https:\/\/kontent-structures.com\/de\/strukturen\/alu-hallen\/es-225\/","title":{"rendered":"ES 225"},"content":{"rendered":"<p>Die Aluminium-Hallenveranstaltungsstruktur 225, auch als ES 225 bekannt, bietet die M\u00f6glichkeit, einen gro\u00dfen und flexiblen (tempor\u00e4ren) Raum zu schaffen. Die solide Konstruktion macht den ES225 zur idealen L\u00f6sung f\u00fcr viele Anwendungen. Die ES 225-Struktur wird h\u00e4ufig f\u00fcr verschiedene Arten von Veranstaltungen verwendet, z. B. f\u00fcr gro\u00dfe Ausstellungen und Strukturen, die als Umkleidekabinen oder Kantinen eingerichtet sind. Diese Struktur eignet sich sehr gut als (tempor\u00e4re) Verkaufsfl\u00e4che oder Ausstellungsraum.<\/p>\n<p>Die Festzelt-Event-Struktur bietet die M\u00f6glichkeit einer freien Spannweite von 10 m bis 25 m und ist in verschiedenen Seitenwandh\u00f6hen erh\u00e4ltlich. Die freie Spannweite dieser Eventstruktur stellt sicher, dass Sie die verf\u00fcgbaren Quadratmeter voll ausnutzen, da die Zeltstruktur keine Mittelstangen enth\u00e4lt. Die Festzelt-Event-Struktur ist standardm\u00e4\u00dfig mit wei\u00dfen Seiten und Dachplanen ausgestattet.<\/p>\n","protected":false},"excerpt":{"rendered":"<p>Die Aluminium-Hallenveranstaltungsstruktur 225, auch als ES 225 bekannt, bietet die M\u00f6glichkeit, einen gro\u00dfen und flexiblen (tempor\u00e4ren) Raum zu<\/p>\n<div class=\"kontent-read\"><a href=\"https:\/\/kontent-structures.com\/de\/strukturen\/alu-hallen\/es-225\/\" class=\"\"> <i class=\"fas fa-chevron-right\"><\/i><\/a><\/div>\n","protected":false},"author":2,"featured_media":9008,"parent":4004,"menu_order":0,"comment_status":"closed","ping_status":"closed","template":"templates\/template-tentstructure.php","meta":{"_acf_changed":false,"footnotes":""},"class_list":["post-4013","page","type-page","status-publish","has-post-thumbnail","hentry"],"acf":[],"yoast_head":"<!-- This site is optimized with the Yoast SEO plugin v27.2 - https:\/\/yoast.com\/product\/yoast-seo-wordpress\/ -->\n<title>ES 225 - Kontent Structures<\/title>\n<meta name=\"description\" content=\"Die Eventstruktur 225, auch ES 225 genannt, bietet die M\u00f6glichkeit, einen gro\u00dfen und flexiblen (tempor\u00e4ren) Raum zu schaffen.\" \/>\n<meta name=\"robots\" content=\"index, follow, max-snippet:-1, max-image-preview:large, max-video-preview:-1\" \/>\n<link rel=\"canonical\" href=\"https:\/\/kontent-structures.com\/de\/strukturen\/alu-hallen\/es-225\/\" \/>\n<meta property=\"og:locale\" content=\"de_DE\" \/>\n<meta property=\"og:type\" content=\"article\" \/>\n<meta property=\"og:title\" content=\"ES 225 - Kontent Structures\" \/>\n<meta property=\"og:description\" content=\"Die Eventstruktur 225, auch ES 225 genannt, bietet die M\u00f6glichkeit, einen gro\u00dfen und flexiblen (tempor\u00e4ren) Raum zu schaffen.\" \/>\n<meta property=\"og:url\" content=\"https:\/\/kontent-structures.com\/de\/strukturen\/alu-hallen\/es-225\/\" \/>\n<meta property=\"og:site_name\" content=\"Kontent Structures\" \/>\n<meta property=\"article:modified_time\" content=\"2025-11-13T12:41:35+00:00\" \/>\n<meta property=\"og:image\" content=\"https:\/\/kontent-structures.com\/wp-content\/uploads\/2021\/01\/Aluhal-ES225-Featured-1.jpg\" \/>\n\t<meta property=\"og:image:width\" content=\"750\" \/>\n\t<meta property=\"og:image:height\" content=\"450\" \/>\n\t<meta property=\"og:image:type\" content=\"image\/jpeg\" \/>\n<meta name=\"twitter:card\" content=\"summary_large_image\" \/>\n<meta name=\"twitter:label1\" content=\"Gesch\u00e4tzte Lesezeit\" \/>\n\t<meta name=\"twitter:data1\" content=\"1\u00a0Minute\" \/>\n<script type=\"application\/ld+json\" class=\"yoast-schema-graph\">{\"@context\":\"https:\/\/schema.org\",\"@graph\":[{\"@type\":\"WebPage\",\"@id\":\"https:\/\/kontent-structures.com\/de\/strukturen\/alu-hallen\/es-225\/\",\"url\":\"https:\/\/kontent-structures.com\/de\/strukturen\/alu-hallen\/es-225\/\",\"name\":\"ES 225 - Kontent Structures\",\"isPartOf\":{\"@id\":\"https:\/\/kontent-structures.com\/#website\"},\"primaryImageOfPage\":{\"@id\":\"https:\/\/kontent-structures.com\/de\/strukturen\/alu-hallen\/es-225\/#primaryimage\"},\"image\":{\"@id\":\"https:\/\/kontent-structures.com\/de\/strukturen\/alu-hallen\/es-225\/#primaryimage\"},\"thumbnailUrl\":\"https:\/\/kontent-structures.com\/wp-content\/uploads\/2021\/01\/Aluhal-ES225-Featured-1.jpg\",\"datePublished\":\"2021-01-22T14:12:07+00:00\",\"dateModified\":\"2025-11-13T12:41:35+00:00\",\"description\":\"Die Eventstruktur 225, auch ES 225 genannt, bietet die M\u00f6glichkeit, einen gro\u00dfen und flexiblen (tempor\u00e4ren) Raum zu schaffen.\",\"breadcrumb\":{\"@id\":\"https:\/\/kontent-structures.com\/de\/strukturen\/alu-hallen\/es-225\/#breadcrumb\"},\"inLanguage\":\"de\",\"potentialAction\":[{\"@type\":\"ReadAction\",\"target\":[\"https:\/\/kontent-structures.com\/de\/strukturen\/alu-hallen\/es-225\/\"]}]},{\"@type\":\"ImageObject\",\"inLanguage\":\"de\",\"@id\":\"https:\/\/kontent-structures.com\/de\/strukturen\/alu-hallen\/es-225\/#primaryimage\",\"url\":\"https:\/\/kontent-structures.com\/wp-content\/uploads\/2021\/01\/Aluhal-ES225-Featured-1.jpg\",\"contentUrl\":\"https:\/\/kontent-structures.com\/wp-content\/uploads\/2021\/01\/Aluhal-ES225-Featured-1.jpg\",\"width\":750,\"height\":450},{\"@type\":\"BreadcrumbList\",\"@id\":\"https:\/\/kontent-structures.com\/de\/strukturen\/alu-hallen\/es-225\/#breadcrumb\",\"itemListElement\":[{\"@type\":\"ListItem\",\"position\":1,\"name\":\"Home\",\"item\":\"https:\/\/kontent-structures.com\/de\/\"},{\"@type\":\"ListItem\",\"position\":2,\"name\":\"Strukturen\",\"item\":\"https:\/\/kontent-structures.com\/de\/strukturen\/\"},{\"@type\":\"ListItem\",\"position\":3,\"name\":\"Alu hallen\",\"item\":\"https:\/\/kontent-structures.com\/de\/strukturen\/alu-hallen\/\"},{\"@type\":\"ListItem\",\"position\":4,\"name\":\"ES 225\"}]},{\"@type\":\"WebSite\",\"@id\":\"https:\/\/kontent-structures.com\/#website\",\"url\":\"https:\/\/kontent-structures.com\/\",\"name\":\"Kontent Structures\",\"description\":\"En nog een WordPress site\",\"publisher\":{\"@id\":\"https:\/\/kontent-structures.com\/#organization\"},\"potentialAction\":[{\"@type\":\"SearchAction\",\"target\":{\"@type\":\"EntryPoint\",\"urlTemplate\":\"https:\/\/kontent-structures.com\/?s={search_term_string}\"},\"query-input\":{\"@type\":\"PropertyValueSpecification\",\"valueRequired\":true,\"valueName\":\"search_term_string\"}}],\"inLanguage\":\"de\"},{\"@type\":\"Organization\",\"@id\":\"https:\/\/kontent-structures.com\/#organization\",\"name\":\"Kontent Structures\",\"url\":\"https:\/\/kontent-structures.com\/\",\"logo\":{\"@type\":\"ImageObject\",\"inLanguage\":\"de\",\"@id\":\"https:\/\/kontent-structures.com\/#\/schema\/logo\/image\/\",\"url\":\"https:\/\/kontent-structures.com\/wp-content\/uploads\/2021\/04\/Kontent-Structures-verkleind.png\",\"contentUrl\":\"https:\/\/kontent-structures.com\/wp-content\/uploads\/2021\/04\/Kontent-Structures-verkleind.png\",\"width\":400,\"height\":355,\"caption\":\"Kontent Structures\"},\"image\":{\"@id\":\"https:\/\/kontent-structures.com\/#\/schema\/logo\/image\/\"}}]}<\/script>\n<!-- \/ Yoast SEO plugin. -->","yoast_head_json":{"title":"ES 225 - Kontent Structures","description":"Die Eventstruktur 225, auch ES 225 genannt, bietet die M\u00f6glichkeit, einen gro\u00dfen und flexiblen (tempor\u00e4ren) Raum zu schaffen.","robots":{"index":"index","follow":"follow","max-snippet":"max-snippet:-1","max-image-preview":"max-image-preview:large","max-video-preview":"max-video-preview:-1"},"canonical":"https:\/\/kontent-structures.com\/de\/strukturen\/alu-hallen\/es-225\/","og_locale":"de_DE","og_type":"article","og_title":"ES 225 - Kontent Structures","og_description":"Die Eventstruktur 225, auch ES 225 genannt, bietet die M\u00f6glichkeit, einen gro\u00dfen und flexiblen (tempor\u00e4ren) Raum zu schaffen.","og_url":"https:\/\/kontent-structures.com\/de\/strukturen\/alu-hallen\/es-225\/","og_site_name":"Kontent Structures","article_modified_time":"2025-11-13T12:41:35+00:00","og_image":[{"width":750,"height":450,"url":"https:\/\/kontent-structures.com\/wp-content\/uploads\/2021\/01\/Aluhal-ES225-Featured-1.jpg","type":"image\/jpeg"}],"twitter_card":"summary_large_image","twitter_misc":{"Gesch\u00e4tzte Lesezeit":"1\u00a0Minute"},"schema":{"@context":"https:\/\/schema.org","@graph":[{"@type":"WebPage","@id":"https:\/\/kontent-structures.com\/de\/strukturen\/alu-hallen\/es-225\/","url":"https:\/\/kontent-structures.com\/de\/strukturen\/alu-hallen\/es-225\/","name":"ES 225 - Kontent Structures","isPartOf":{"@id":"https:\/\/kontent-structures.com\/#website"},"primaryImageOfPage":{"@id":"https:\/\/kontent-structures.com\/de\/strukturen\/alu-hallen\/es-225\/#primaryimage"},"image":{"@id":"https:\/\/kontent-structures.com\/de\/strukturen\/alu-hallen\/es-225\/#primaryimage"},"thumbnailUrl":"https:\/\/kontent-structures.com\/wp-content\/uploads\/2021\/01\/Aluhal-ES225-Featured-1.jpg","datePublished":"2021-01-22T14:12:07+00:00","dateModified":"2025-11-13T12:41:35+00:00","description":"Die Eventstruktur 225, auch ES 225 genannt, bietet die M\u00f6glichkeit, einen gro\u00dfen und flexiblen (tempor\u00e4ren) Raum zu schaffen.","breadcrumb":{"@id":"https:\/\/kontent-structures.com\/de\/strukturen\/alu-hallen\/es-225\/#breadcrumb"},"inLanguage":"de","potentialAction":[{"@type":"ReadAction","target":["https:\/\/kontent-structures.com\/de\/strukturen\/alu-hallen\/es-225\/"]}]},{"@type":"ImageObject","inLanguage":"de","@id":"https:\/\/kontent-structures.com\/de\/strukturen\/alu-hallen\/es-225\/#primaryimage","url":"https:\/\/kontent-structures.com\/wp-content\/uploads\/2021\/01\/Aluhal-ES225-Featured-1.jpg","contentUrl":"https:\/\/kontent-structures.com\/wp-content\/uploads\/2021\/01\/Aluhal-ES225-Featured-1.jpg","width":750,"height":450},{"@type":"BreadcrumbList","@id":"https:\/\/kontent-structures.com\/de\/strukturen\/alu-hallen\/es-225\/#breadcrumb","itemListElement":[{"@type":"ListItem","position":1,"name":"Home","item":"https:\/\/kontent-structures.com\/de\/"},{"@type":"ListItem","position":2,"name":"Strukturen","item":"https:\/\/kontent-structures.com\/de\/strukturen\/"},{"@type":"ListItem","position":3,"name":"Alu hallen","item":"https:\/\/kontent-structures.com\/de\/strukturen\/alu-hallen\/"},{"@type":"ListItem","position":4,"name":"ES 225"}]},{"@type":"WebSite","@id":"https:\/\/kontent-structures.com\/#website","url":"https:\/\/kontent-structures.com\/","name":"Kontent Structures","description":"En nog een WordPress site","publisher":{"@id":"https:\/\/kontent-structures.com\/#organization"},"potentialAction":[{"@type":"SearchAction","target":{"@type":"EntryPoint","urlTemplate":"https:\/\/kontent-structures.com\/?s={search_term_string}"},"query-input":{"@type":"PropertyValueSpecification","valueRequired":true,"valueName":"search_term_string"}}],"inLanguage":"de"},{"@type":"Organization","@id":"https:\/\/kontent-structures.com\/#organization","name":"Kontent Structures","url":"https:\/\/kontent-structures.com\/","logo":{"@type":"ImageObject","inLanguage":"de","@id":"https:\/\/kontent-structures.com\/#\/schema\/logo\/image\/","url":"https:\/\/kontent-structures.com\/wp-content\/uploads\/2021\/04\/Kontent-Structures-verkleind.png","contentUrl":"https:\/\/kontent-structures.com\/wp-content\/uploads\/2021\/04\/Kontent-Structures-verkleind.png","width":400,"height":355,"caption":"Kontent Structures"},"image":{"@id":"https:\/\/kontent-structures.com\/#\/schema\/logo\/image\/"}}]}},"_links":{"self":[{"href":"https:\/\/kontent-structures.com\/de\/wp-json\/wp\/v2\/pages\/4013","targetHints":{"allow":["GET"]}}],"collection":[{"href":"https:\/\/kontent-structures.com\/de\/wp-json\/wp\/v2\/pages"}],"about":[{"href":"https:\/\/kontent-structures.com\/de\/wp-json\/wp\/v2\/types\/page"}],"author":[{"embeddable":true,"href":"https:\/\/kontent-structures.com\/de\/wp-json\/wp\/v2\/users\/2"}],"replies":[{"embeddable":true,"href":"https:\/\/kontent-structures.com\/de\/wp-json\/wp\/v2\/comments?post=4013"}],"version-history":[{"count":9,"href":"https:\/\/kontent-structures.com\/de\/wp-json\/wp\/v2\/pages\/4013\/revisions"}],"predecessor-version":[{"id":14054,"href":"https:\/\/kontent-structures.com\/de\/wp-json\/wp\/v2\/pages\/4013\/revisions\/14054"}],"up":[{"embeddable":true,"href":"https:\/\/kontent-structures.com\/de\/wp-json\/wp\/v2\/pages\/4004"}],"wp:featuredmedia":[{"embeddable":true,"href":"https:\/\/kontent-structures.com\/de\/wp-json\/wp\/v2\/media\/9008"}],"wp:attachment":[{"href":"https:\/\/kontent-structures.com\/de\/wp-json\/wp\/v2\/media?parent=4013"}],"curies":[{"name":"wp","href":"https:\/\/api.w.org\/{rel}","templated":true}]}}