{"id":4022,"date":"2021-02-16T13:00:22","date_gmt":"2021-02-16T12:00:22","guid":{"rendered":"https:\/\/kontent-structures.com\/structures\/multi-level-structures\/ml-300\/"},"modified":"2021-06-03T10:58:35","modified_gmt":"2021-06-03T08:58:35","slug":"ml-300","status":"publish","type":"page","link":"https:\/\/kontent-structures.com\/de\/strukturen\/luxuszelte\/ml-300\/","title":{"rendered":"ML 300"},"content":{"rendered":"<p>&#8222;Ein echter Hingucker, der spektakul\u00e4re Ausblicke bietet.&#8220;<\/p>\n<p>Die mehrstufige Struktur 300 ist eines unserer Prunkst\u00fccke. Diese Struktur eignet sich sehr gut f\u00fcr Sportveranstaltungen, insbesondere aufgrund der fantastischen Aussicht, die Ihre Besucher im ersten Stock haben.<\/p>\n<p>Die Doppeldecker-Struktur<\/p>\n<p>Diese mehrstufige Struktur kann mit einem oder zwei Stockwerken gebaut werden. In Bezug auf das Erscheinungsbild sieht eine mehrstufige Struktur ein bisschen wie ein VIP-Deck aus, aber mit einem VIP-Deck wird eine Zeltstruktur auf einer Unterkonstruktion aus Ger\u00fcsten platziert, sodass noch eine Etage vorhanden ist. Bei einer mehrstufigen Struktur sind sowohl das Erdgeschoss als auch das Stockwerk f\u00fcr Ihre Besucher zug\u00e4nglich. Das Bodenzelt verf\u00fcgt \u00fcber verschiedene Optionen, so dass im ersten Stock auch eine (\u00fcberdachte) Terrasse angelegt werden kann. Das Zelt im ersten Stock ist sowohl zum Verkauf als auch zur Vermietung in verschiedenen Gr\u00f6\u00dfen von 10 bis 40 Metern Breite erh\u00e4ltlich. Die L\u00e4nge kann in Segmenten von 5 Metern ab 10 Metern unbegrenzt verl\u00e4ngert werden. Die H\u00f6he zwischen den Etagen betr\u00e4gt 4 Meter.<\/p>\n<p>Verdoppelung der Verbrauchsz\u00e4hler<\/p>\n<p>Neben einer fantastischen Aussicht bieten die mehrstufigen Strukturen einen weiteren Vorteil: die Verdoppelung der Nutzungsmesser. Wenn Sie einen Ort im Auge haben, dessen Nutzungsmesser sehr begrenzt sind, ist die mehrstufige Struktur die ideale L\u00f6sung. Wenn Sie die H\u00f6he erh\u00f6hen, werden weniger Verbrauchsmesser ben\u00f6tigt. Eine mehrstufige Struktur kann auf verschiedene Arten angeordnet werden: ganz nach Ihren W\u00fcnschen und f\u00fcr Ihren Zweck geeignet. Der ML 300 eignet sich daher auch aufgrund der unterschiedlichen R\u00e4ume sehr gut als Konferenzort. Das Erdgeschoss kann als Konferenzraum genutzt werden, w\u00e4hrend der erste Stock als Loungebereich mit Terrasse genutzt wird.<\/p>\n<p>Passend f\u00fcr:<\/p>\n<ul>\n<li>Feste<\/li>\n<li>(Firmenveranstaltungen<\/li>\n<li>VIP-Unterkunft<\/li>\n<li>Sportveranstaltungen<\/li>\n<li>Kongresse &amp; Ausstellungen<\/li>\n<\/ul>\n","protected":false},"excerpt":{"rendered":"<p>&#8222;Ein echter Hingucker, der spektakul\u00e4re Ausblicke bietet.&#8220; Die mehrstufige Struktur 300 ist eines unserer Prunkst\u00fccke. Diese Struktur eignet<\/p>\n<div class=\"kontent-read\"><a href=\"https:\/\/kontent-structures.com\/de\/strukturen\/luxuszelte\/ml-300\/\" class=\"\"> <i class=\"fas fa-chevron-right\"><\/i><\/a><\/div>\n","protected":false},"author":2,"featured_media":0,"parent":4034,"menu_order":0,"comment_status":"closed","ping_status":"closed","template":"templates\/template-tentstructure.php","meta":{"_acf_changed":false,"footnotes":""},"class_list":["post-4022","page","type-page","status-publish","hentry"],"acf":[],"yoast_head":"<!-- This site is optimized with the Yoast SEO plugin v27.2 - https:\/\/yoast.com\/product\/yoast-seo-wordpress\/ -->\n<title>ML 300 - Kontent Structures<\/title>\n<meta name=\"description\" content=\"\u201eEin echter Hingucker mit spektakul\u00e4rer Aussicht. Diese Konstruktion eignet sich sehr gut f\u00fcr Sportveranstaltungen, vor allem wegen der fantastischen Aussicht, die Ihre Besucher im ersten Stock haben.\" \/>\n<meta name=\"robots\" content=\"index, follow, max-snippet:-1, max-image-preview:large, max-video-preview:-1\" \/>\n<link rel=\"canonical\" href=\"https:\/\/kontent-structures.com\/de\/strukturen\/luxuszelte\/ml-300\/\" \/>\n<meta property=\"og:locale\" content=\"de_DE\" \/>\n<meta property=\"og:type\" content=\"article\" \/>\n<meta property=\"og:title\" content=\"ML 300 - Kontent Structures\" \/>\n<meta property=\"og:description\" content=\"\u201eEin echter Hingucker mit spektakul\u00e4rer Aussicht. Diese Konstruktion eignet sich sehr gut f\u00fcr Sportveranstaltungen, vor allem wegen der fantastischen Aussicht, die Ihre Besucher im ersten Stock haben.\" \/>\n<meta property=\"og:url\" content=\"https:\/\/kontent-structures.com\/de\/strukturen\/luxuszelte\/ml-300\/\" \/>\n<meta property=\"og:site_name\" content=\"Kontent Structures\" \/>\n<meta property=\"article:modified_time\" content=\"2021-06-03T08:58:35+00:00\" \/>\n<meta name=\"twitter:card\" content=\"summary_large_image\" \/>\n<meta name=\"twitter:label1\" content=\"Gesch\u00e4tzte Lesezeit\" \/>\n\t<meta name=\"twitter:data1\" content=\"2\u00a0Minuten\" \/>\n<script type=\"application\/ld+json\" class=\"yoast-schema-graph\">{\"@context\":\"https:\/\/schema.org\",\"@graph\":[{\"@type\":\"WebPage\",\"@id\":\"https:\/\/kontent-structures.com\/de\/strukturen\/luxuszelte\/ml-300\/\",\"url\":\"https:\/\/kontent-structures.com\/de\/strukturen\/luxuszelte\/ml-300\/\",\"name\":\"ML 300 - Kontent Structures\",\"isPartOf\":{\"@id\":\"https:\/\/kontent-structures.com\/#website\"},\"datePublished\":\"2021-02-16T12:00:22+00:00\",\"dateModified\":\"2021-06-03T08:58:35+00:00\",\"description\":\"\u201eEin echter Hingucker mit spektakul\u00e4rer Aussicht. Diese Konstruktion eignet sich sehr gut f\u00fcr Sportveranstaltungen, vor allem wegen der fantastischen Aussicht, die Ihre Besucher im ersten Stock haben.\",\"breadcrumb\":{\"@id\":\"https:\/\/kontent-structures.com\/de\/strukturen\/luxuszelte\/ml-300\/#breadcrumb\"},\"inLanguage\":\"de\",\"potentialAction\":[{\"@type\":\"ReadAction\",\"target\":[\"https:\/\/kontent-structures.com\/de\/strukturen\/luxuszelte\/ml-300\/\"]}]},{\"@type\":\"BreadcrumbList\",\"@id\":\"https:\/\/kontent-structures.com\/de\/strukturen\/luxuszelte\/ml-300\/#breadcrumb\",\"itemListElement\":[{\"@type\":\"ListItem\",\"position\":1,\"name\":\"Home\",\"item\":\"https:\/\/kontent-structures.com\/de\/\"},{\"@type\":\"ListItem\",\"position\":2,\"name\":\"Strukturen\",\"item\":\"https:\/\/kontent-structures.com\/de\/strukturen\/\"},{\"@type\":\"ListItem\",\"position\":3,\"name\":\"Luxuszelte\",\"item\":\"https:\/\/kontent-structures.com\/de\/strukturen\/luxuszelte\/\"},{\"@type\":\"ListItem\",\"position\":4,\"name\":\"ML 300\"}]},{\"@type\":\"WebSite\",\"@id\":\"https:\/\/kontent-structures.com\/#website\",\"url\":\"https:\/\/kontent-structures.com\/\",\"name\":\"Kontent Structures\",\"description\":\"En nog een WordPress site\",\"publisher\":{\"@id\":\"https:\/\/kontent-structures.com\/#organization\"},\"potentialAction\":[{\"@type\":\"SearchAction\",\"target\":{\"@type\":\"EntryPoint\",\"urlTemplate\":\"https:\/\/kontent-structures.com\/?s={search_term_string}\"},\"query-input\":{\"@type\":\"PropertyValueSpecification\",\"valueRequired\":true,\"valueName\":\"search_term_string\"}}],\"inLanguage\":\"de\"},{\"@type\":\"Organization\",\"@id\":\"https:\/\/kontent-structures.com\/#organization\",\"name\":\"Kontent Structures\",\"url\":\"https:\/\/kontent-structures.com\/\",\"logo\":{\"@type\":\"ImageObject\",\"inLanguage\":\"de\",\"@id\":\"https:\/\/kontent-structures.com\/#\/schema\/logo\/image\/\",\"url\":\"https:\/\/kontent-structures.com\/wp-content\/uploads\/2021\/04\/Kontent-Structures-verkleind.png\",\"contentUrl\":\"https:\/\/kontent-structures.com\/wp-content\/uploads\/2021\/04\/Kontent-Structures-verkleind.png\",\"width\":400,\"height\":355,\"caption\":\"Kontent Structures\"},\"image\":{\"@id\":\"https:\/\/kontent-structures.com\/#\/schema\/logo\/image\/\"}}]}<\/script>\n<!-- \/ Yoast SEO plugin. -->","yoast_head_json":{"title":"ML 300 - Kontent Structures","description":"\u201eEin echter Hingucker mit spektakul\u00e4rer Aussicht. Diese Konstruktion eignet sich sehr gut f\u00fcr Sportveranstaltungen, vor allem wegen der fantastischen Aussicht, die Ihre Besucher im ersten Stock haben.","robots":{"index":"index","follow":"follow","max-snippet":"max-snippet:-1","max-image-preview":"max-image-preview:large","max-video-preview":"max-video-preview:-1"},"canonical":"https:\/\/kontent-structures.com\/de\/strukturen\/luxuszelte\/ml-300\/","og_locale":"de_DE","og_type":"article","og_title":"ML 300 - Kontent Structures","og_description":"\u201eEin echter Hingucker mit spektakul\u00e4rer Aussicht. Diese Konstruktion eignet sich sehr gut f\u00fcr Sportveranstaltungen, vor allem wegen der fantastischen Aussicht, die Ihre Besucher im ersten Stock haben.","og_url":"https:\/\/kontent-structures.com\/de\/strukturen\/luxuszelte\/ml-300\/","og_site_name":"Kontent Structures","article_modified_time":"2021-06-03T08:58:35+00:00","twitter_card":"summary_large_image","twitter_misc":{"Gesch\u00e4tzte Lesezeit":"2\u00a0Minuten"},"schema":{"@context":"https:\/\/schema.org","@graph":[{"@type":"WebPage","@id":"https:\/\/kontent-structures.com\/de\/strukturen\/luxuszelte\/ml-300\/","url":"https:\/\/kontent-structures.com\/de\/strukturen\/luxuszelte\/ml-300\/","name":"ML 300 - Kontent Structures","isPartOf":{"@id":"https:\/\/kontent-structures.com\/#website"},"datePublished":"2021-02-16T12:00:22+00:00","dateModified":"2021-06-03T08:58:35+00:00","description":"\u201eEin echter Hingucker mit spektakul\u00e4rer Aussicht. Diese Konstruktion eignet sich sehr gut f\u00fcr Sportveranstaltungen, vor allem wegen der fantastischen Aussicht, die Ihre Besucher im ersten Stock haben.","breadcrumb":{"@id":"https:\/\/kontent-structures.com\/de\/strukturen\/luxuszelte\/ml-300\/#breadcrumb"},"inLanguage":"de","potentialAction":[{"@type":"ReadAction","target":["https:\/\/kontent-structures.com\/de\/strukturen\/luxuszelte\/ml-300\/"]}]},{"@type":"BreadcrumbList","@id":"https:\/\/kontent-structures.com\/de\/strukturen\/luxuszelte\/ml-300\/#breadcrumb","itemListElement":[{"@type":"ListItem","position":1,"name":"Home","item":"https:\/\/kontent-structures.com\/de\/"},{"@type":"ListItem","position":2,"name":"Strukturen","item":"https:\/\/kontent-structures.com\/de\/strukturen\/"},{"@type":"ListItem","position":3,"name":"Luxuszelte","item":"https:\/\/kontent-structures.com\/de\/strukturen\/luxuszelte\/"},{"@type":"ListItem","position":4,"name":"ML 300"}]},{"@type":"WebSite","@id":"https:\/\/kontent-structures.com\/#website","url":"https:\/\/kontent-structures.com\/","name":"Kontent Structures","description":"En nog een WordPress site","publisher":{"@id":"https:\/\/kontent-structures.com\/#organization"},"potentialAction":[{"@type":"SearchAction","target":{"@type":"EntryPoint","urlTemplate":"https:\/\/kontent-structures.com\/?s={search_term_string}"},"query-input":{"@type":"PropertyValueSpecification","valueRequired":true,"valueName":"search_term_string"}}],"inLanguage":"de"},{"@type":"Organization","@id":"https:\/\/kontent-structures.com\/#organization","name":"Kontent Structures","url":"https:\/\/kontent-structures.com\/","logo":{"@type":"ImageObject","inLanguage":"de","@id":"https:\/\/kontent-structures.com\/#\/schema\/logo\/image\/","url":"https:\/\/kontent-structures.com\/wp-content\/uploads\/2021\/04\/Kontent-Structures-verkleind.png","contentUrl":"https:\/\/kontent-structures.com\/wp-content\/uploads\/2021\/04\/Kontent-Structures-verkleind.png","width":400,"height":355,"caption":"Kontent Structures"},"image":{"@id":"https:\/\/kontent-structures.com\/#\/schema\/logo\/image\/"}}]}},"_links":{"self":[{"href":"https:\/\/kontent-structures.com\/de\/wp-json\/wp\/v2\/pages\/4022","targetHints":{"allow":["GET"]}}],"collection":[{"href":"https:\/\/kontent-structures.com\/de\/wp-json\/wp\/v2\/pages"}],"about":[{"href":"https:\/\/kontent-structures.com\/de\/wp-json\/wp\/v2\/types\/page"}],"author":[{"embeddable":true,"href":"https:\/\/kontent-structures.com\/de\/wp-json\/wp\/v2\/users\/2"}],"replies":[{"embeddable":true,"href":"https:\/\/kontent-structures.com\/de\/wp-json\/wp\/v2\/comments?post=4022"}],"version-history":[{"count":4,"href":"https:\/\/kontent-structures.com\/de\/wp-json\/wp\/v2\/pages\/4022\/revisions"}],"predecessor-version":[{"id":4813,"href":"https:\/\/kontent-structures.com\/de\/wp-json\/wp\/v2\/pages\/4022\/revisions\/4813"}],"up":[{"embeddable":true,"href":"https:\/\/kontent-structures.com\/de\/wp-json\/wp\/v2\/pages\/4034"}],"wp:attachment":[{"href":"https:\/\/kontent-structures.com\/de\/wp-json\/wp\/v2\/media?parent=4022"}],"curies":[{"name":"wp","href":"https:\/\/api.w.org\/{rel}","templated":true}]}}