{"id":4025,"date":"2021-02-16T12:00:04","date_gmt":"2021-02-16T11:00:04","guid":{"rendered":"https:\/\/kontent-structures.com\/structures\/pagoda-structures\/"},"modified":"2022-08-30T15:18:30","modified_gmt":"2022-08-30T13:18:30","slug":"pagodenzelte","status":"publish","type":"page","link":"https:\/\/kontent-structures.com\/de\/strukturen\/pagodenzelte\/","title":{"rendered":"Pagodenzelte"},"content":{"rendered":"<p>Die Pagode ist w\u00e4hrend Ihrer Veranstaltung unverzichtbar. Die Pagodenzelte sind am <strong>festlichen Spitzdach<\/strong> zu erkennen. Sie werden bei jeder Veranstaltung, an der Sie teilnehmen, mindestens eine sehen.<\/p>\n<p>Pagoden sind schnell (zerlegbar), einfach anzuschlie\u00dfen und in jeder Farbe erh\u00e4ltlich. Es ist auch m\u00f6glich, ein Thema mit dem Pagodenzelt zu verbinden. Wenn ein Thema gew\u00fcnscht wird, <a href=\"tel:+310172726262\">rufen<\/a> Sie uns am besten an, um die M\u00f6glichkeiten zu besprechen.<\/p>\n<p>Kontent Structures bietet unten zwei Versionen des Pagoden an. Dies sind ES 64 und ES 84. Die Zahl nach ES gibt die <strong>Dicke des Rahmens<\/strong> an. Dies bedeutet, dass der ES 84 nur etwas stabiler als der ES 64 ist und der ES 84 daher auch in einer gr\u00f6\u00dferen Version realisiert werden kann.<\/p>\n<p>Sie sind sich nicht sicher, <strong>welche Version Sie ben\u00f6tigen?<\/strong> Unten ist pro Dimension (in Metern) angegeben, welches Pagodenzelt f\u00fcr Sie geeignet ist.<\/p>\n<p>\u2022 Pagodenzelt 3&#215;3: <a href=\"https:\/\/kontent-structures.com\/de\/strukturen\/pagodenzelte\/es-64\/\">ES 64<\/a><br \/>\n\u2022 Pagodenzelt 4&#215;4: <a href=\"https:\/\/kontent-structures.com\/de\/strukturen\/pagodenzelte\/es-64\/\">ES 64<\/a> und <a href=\"https:\/\/kontent-structures.com\/de\/strukturen\/pagodenzelte\/es-84\/\">ES 84<\/a><br \/>\n\u2022 Pagodenzelt 5&#215;5: <a href=\"https:\/\/kontent-structures.com\/de\/strukturen\/pagodenzelte\/es-64\/\">ES 64<\/a> und <a href=\"https:\/\/kontent-structures.com\/de\/strukturen\/pagodenzelte\/es-84\/\">ES 84<\/a><br \/>\n\u2022 Pagodenzelt 6&#215;6: <a href=\"https:\/\/kontent-structures.com\/de\/strukturen\/pagodenzelte\/es-84\/\">ES 84<\/a><\/p>\n<p>Der Rat von Kontent Structures; je gr\u00f6\u00dfer die Abmessung, desto dicker der Rahmen.<\/p>\n","protected":false},"excerpt":{"rendered":"<p>Die Pagode ist w\u00e4hrend Ihrer Veranstaltung unverzichtbar. Die Pagodenzelte sind am festlichen Spitzdach zu erkennen. Sie werden bei<\/p>\n<div class=\"kontent-read\"><a href=\"https:\/\/kontent-structures.com\/de\/strukturen\/pagodenzelte\/\" class=\"\"> <i class=\"fas fa-chevron-right\"><\/i><\/a><\/div>\n","protected":false},"author":2,"featured_media":9910,"parent":3991,"menu_order":0,"comment_status":"closed","ping_status":"closed","template":"templates\/template-tents.php","meta":{"_acf_changed":false,"footnotes":""},"class_list":["post-4025","page","type-page","status-publish","has-post-thumbnail","hentry"],"acf":[],"yoast_head":"<!-- This site is optimized with the Yoast SEO plugin v27.2 - https:\/\/yoast.com\/product\/yoast-seo-wordpress\/ -->\n<title>Strukturen | Pagodenstrukturen | Ereignisstrukturen | Kontent Strukturen<\/title>\n<meta name=\"description\" content=\"Unsere Pagodenstrukturen sind multifunktional als Getr\u00e4nke- und Catering-Servicepunkt, Eingangszelt, Erste-Hilfe-Raum, Garderobe oder Messestand.\" \/>\n<meta name=\"robots\" content=\"index, follow, max-snippet:-1, max-image-preview:large, max-video-preview:-1\" \/>\n<link rel=\"canonical\" href=\"https:\/\/kontent-structures.com\/de\/strukturen\/pagodenzelte\/\" \/>\n<meta property=\"og:locale\" content=\"de_DE\" \/>\n<meta property=\"og:type\" content=\"article\" \/>\n<meta property=\"og:title\" content=\"Strukturen | Pagodenstrukturen | Ereignisstrukturen | Kontent Strukturen\" \/>\n<meta property=\"og:description\" content=\"Unsere Pagodenstrukturen sind multifunktional als Getr\u00e4nke- und Catering-Servicepunkt, Eingangszelt, Erste-Hilfe-Raum, Garderobe oder Messestand.\" \/>\n<meta property=\"og:url\" content=\"https:\/\/kontent-structures.com\/de\/strukturen\/pagodenzelte\/\" \/>\n<meta property=\"og:site_name\" content=\"Kontent Structures\" \/>\n<meta property=\"article:modified_time\" content=\"2022-08-30T13:18:30+00:00\" \/>\n<meta property=\"og:image\" content=\"https:\/\/kontent-structures.com\/wp-content\/uploads\/2022\/02\/Pagodetenten-events.jpg\" \/>\n\t<meta property=\"og:image:width\" content=\"650\" \/>\n\t<meta property=\"og:image:height\" content=\"520\" \/>\n\t<meta property=\"og:image:type\" content=\"image\/jpeg\" \/>\n<meta name=\"twitter:card\" content=\"summary_large_image\" \/>\n<meta name=\"twitter:label1\" content=\"Gesch\u00e4tzte Lesezeit\" \/>\n\t<meta name=\"twitter:data1\" content=\"1\u00a0Minute\" \/>\n<script type=\"application\/ld+json\" class=\"yoast-schema-graph\">{\"@context\":\"https:\/\/schema.org\",\"@graph\":[{\"@type\":\"WebPage\",\"@id\":\"https:\/\/kontent-structures.com\/de\/strukturen\/pagodenzelte\/\",\"url\":\"https:\/\/kontent-structures.com\/de\/strukturen\/pagodenzelte\/\",\"name\":\"Strukturen | Pagodenstrukturen | Ereignisstrukturen | Kontent Strukturen\",\"isPartOf\":{\"@id\":\"https:\/\/kontent-structures.com\/#website\"},\"primaryImageOfPage\":{\"@id\":\"https:\/\/kontent-structures.com\/de\/strukturen\/pagodenzelte\/#primaryimage\"},\"image\":{\"@id\":\"https:\/\/kontent-structures.com\/de\/strukturen\/pagodenzelte\/#primaryimage\"},\"thumbnailUrl\":\"https:\/\/kontent-structures.com\/wp-content\/uploads\/2022\/02\/Pagodetenten-events.jpg\",\"datePublished\":\"2021-02-16T11:00:04+00:00\",\"dateModified\":\"2022-08-30T13:18:30+00:00\",\"description\":\"Unsere Pagodenstrukturen sind multifunktional als Getr\u00e4nke- und Catering-Servicepunkt, Eingangszelt, Erste-Hilfe-Raum, Garderobe oder Messestand.\",\"breadcrumb\":{\"@id\":\"https:\/\/kontent-structures.com\/de\/strukturen\/pagodenzelte\/#breadcrumb\"},\"inLanguage\":\"de\",\"potentialAction\":[{\"@type\":\"ReadAction\",\"target\":[\"https:\/\/kontent-structures.com\/de\/strukturen\/pagodenzelte\/\"]}]},{\"@type\":\"ImageObject\",\"inLanguage\":\"de\",\"@id\":\"https:\/\/kontent-structures.com\/de\/strukturen\/pagodenzelte\/#primaryimage\",\"url\":\"https:\/\/kontent-structures.com\/wp-content\/uploads\/2022\/02\/Pagodetenten-events.jpg\",\"contentUrl\":\"https:\/\/kontent-structures.com\/wp-content\/uploads\/2022\/02\/Pagodetenten-events.jpg\",\"width\":650,\"height\":520,\"caption\":\"Pagodetenten voor evenementen\"},{\"@type\":\"BreadcrumbList\",\"@id\":\"https:\/\/kontent-structures.com\/de\/strukturen\/pagodenzelte\/#breadcrumb\",\"itemListElement\":[{\"@type\":\"ListItem\",\"position\":1,\"name\":\"Home\",\"item\":\"https:\/\/kontent-structures.com\/de\/\"},{\"@type\":\"ListItem\",\"position\":2,\"name\":\"Strukturen\",\"item\":\"https:\/\/kontent-structures.com\/de\/strukturen\/\"},{\"@type\":\"ListItem\",\"position\":3,\"name\":\"Pagodenzelte\"}]},{\"@type\":\"WebSite\",\"@id\":\"https:\/\/kontent-structures.com\/#website\",\"url\":\"https:\/\/kontent-structures.com\/\",\"name\":\"Kontent Structures\",\"description\":\"En nog een WordPress site\",\"publisher\":{\"@id\":\"https:\/\/kontent-structures.com\/#organization\"},\"potentialAction\":[{\"@type\":\"SearchAction\",\"target\":{\"@type\":\"EntryPoint\",\"urlTemplate\":\"https:\/\/kontent-structures.com\/?s={search_term_string}\"},\"query-input\":{\"@type\":\"PropertyValueSpecification\",\"valueRequired\":true,\"valueName\":\"search_term_string\"}}],\"inLanguage\":\"de\"},{\"@type\":\"Organization\",\"@id\":\"https:\/\/kontent-structures.com\/#organization\",\"name\":\"Kontent Structures\",\"url\":\"https:\/\/kontent-structures.com\/\",\"logo\":{\"@type\":\"ImageObject\",\"inLanguage\":\"de\",\"@id\":\"https:\/\/kontent-structures.com\/#\/schema\/logo\/image\/\",\"url\":\"https:\/\/kontent-structures.com\/wp-content\/uploads\/2021\/04\/Kontent-Structures-verkleind.png\",\"contentUrl\":\"https:\/\/kontent-structures.com\/wp-content\/uploads\/2021\/04\/Kontent-Structures-verkleind.png\",\"width\":400,\"height\":355,\"caption\":\"Kontent Structures\"},\"image\":{\"@id\":\"https:\/\/kontent-structures.com\/#\/schema\/logo\/image\/\"}}]}<\/script>\n<!-- \/ Yoast SEO plugin. -->","yoast_head_json":{"title":"Strukturen | Pagodenstrukturen | Ereignisstrukturen | Kontent Strukturen","description":"Unsere Pagodenstrukturen sind multifunktional als Getr\u00e4nke- und Catering-Servicepunkt, Eingangszelt, Erste-Hilfe-Raum, Garderobe oder Messestand.","robots":{"index":"index","follow":"follow","max-snippet":"max-snippet:-1","max-image-preview":"max-image-preview:large","max-video-preview":"max-video-preview:-1"},"canonical":"https:\/\/kontent-structures.com\/de\/strukturen\/pagodenzelte\/","og_locale":"de_DE","og_type":"article","og_title":"Strukturen | Pagodenstrukturen | Ereignisstrukturen | Kontent Strukturen","og_description":"Unsere Pagodenstrukturen sind multifunktional als Getr\u00e4nke- und Catering-Servicepunkt, Eingangszelt, Erste-Hilfe-Raum, Garderobe oder Messestand.","og_url":"https:\/\/kontent-structures.com\/de\/strukturen\/pagodenzelte\/","og_site_name":"Kontent Structures","article_modified_time":"2022-08-30T13:18:30+00:00","og_image":[{"width":650,"height":520,"url":"https:\/\/kontent-structures.com\/wp-content\/uploads\/2022\/02\/Pagodetenten-events.jpg","type":"image\/jpeg"}],"twitter_card":"summary_large_image","twitter_misc":{"Gesch\u00e4tzte Lesezeit":"1\u00a0Minute"},"schema":{"@context":"https:\/\/schema.org","@graph":[{"@type":"WebPage","@id":"https:\/\/kontent-structures.com\/de\/strukturen\/pagodenzelte\/","url":"https:\/\/kontent-structures.com\/de\/strukturen\/pagodenzelte\/","name":"Strukturen | Pagodenstrukturen | Ereignisstrukturen | Kontent Strukturen","isPartOf":{"@id":"https:\/\/kontent-structures.com\/#website"},"primaryImageOfPage":{"@id":"https:\/\/kontent-structures.com\/de\/strukturen\/pagodenzelte\/#primaryimage"},"image":{"@id":"https:\/\/kontent-structures.com\/de\/strukturen\/pagodenzelte\/#primaryimage"},"thumbnailUrl":"https:\/\/kontent-structures.com\/wp-content\/uploads\/2022\/02\/Pagodetenten-events.jpg","datePublished":"2021-02-16T11:00:04+00:00","dateModified":"2022-08-30T13:18:30+00:00","description":"Unsere Pagodenstrukturen sind multifunktional als Getr\u00e4nke- und Catering-Servicepunkt, Eingangszelt, Erste-Hilfe-Raum, Garderobe oder Messestand.","breadcrumb":{"@id":"https:\/\/kontent-structures.com\/de\/strukturen\/pagodenzelte\/#breadcrumb"},"inLanguage":"de","potentialAction":[{"@type":"ReadAction","target":["https:\/\/kontent-structures.com\/de\/strukturen\/pagodenzelte\/"]}]},{"@type":"ImageObject","inLanguage":"de","@id":"https:\/\/kontent-structures.com\/de\/strukturen\/pagodenzelte\/#primaryimage","url":"https:\/\/kontent-structures.com\/wp-content\/uploads\/2022\/02\/Pagodetenten-events.jpg","contentUrl":"https:\/\/kontent-structures.com\/wp-content\/uploads\/2022\/02\/Pagodetenten-events.jpg","width":650,"height":520,"caption":"Pagodetenten voor evenementen"},{"@type":"BreadcrumbList","@id":"https:\/\/kontent-structures.com\/de\/strukturen\/pagodenzelte\/#breadcrumb","itemListElement":[{"@type":"ListItem","position":1,"name":"Home","item":"https:\/\/kontent-structures.com\/de\/"},{"@type":"ListItem","position":2,"name":"Strukturen","item":"https:\/\/kontent-structures.com\/de\/strukturen\/"},{"@type":"ListItem","position":3,"name":"Pagodenzelte"}]},{"@type":"WebSite","@id":"https:\/\/kontent-structures.com\/#website","url":"https:\/\/kontent-structures.com\/","name":"Kontent Structures","description":"En nog een WordPress site","publisher":{"@id":"https:\/\/kontent-structures.com\/#organization"},"potentialAction":[{"@type":"SearchAction","target":{"@type":"EntryPoint","urlTemplate":"https:\/\/kontent-structures.com\/?s={search_term_string}"},"query-input":{"@type":"PropertyValueSpecification","valueRequired":true,"valueName":"search_term_string"}}],"inLanguage":"de"},{"@type":"Organization","@id":"https:\/\/kontent-structures.com\/#organization","name":"Kontent Structures","url":"https:\/\/kontent-structures.com\/","logo":{"@type":"ImageObject","inLanguage":"de","@id":"https:\/\/kontent-structures.com\/#\/schema\/logo\/image\/","url":"https:\/\/kontent-structures.com\/wp-content\/uploads\/2021\/04\/Kontent-Structures-verkleind.png","contentUrl":"https:\/\/kontent-structures.com\/wp-content\/uploads\/2021\/04\/Kontent-Structures-verkleind.png","width":400,"height":355,"caption":"Kontent Structures"},"image":{"@id":"https:\/\/kontent-structures.com\/#\/schema\/logo\/image\/"}}]}},"_links":{"self":[{"href":"https:\/\/kontent-structures.com\/de\/wp-json\/wp\/v2\/pages\/4025","targetHints":{"allow":["GET"]}}],"collection":[{"href":"https:\/\/kontent-structures.com\/de\/wp-json\/wp\/v2\/pages"}],"about":[{"href":"https:\/\/kontent-structures.com\/de\/wp-json\/wp\/v2\/types\/page"}],"author":[{"embeddable":true,"href":"https:\/\/kontent-structures.com\/de\/wp-json\/wp\/v2\/users\/2"}],"replies":[{"embeddable":true,"href":"https:\/\/kontent-structures.com\/de\/wp-json\/wp\/v2\/comments?post=4025"}],"version-history":[{"count":23,"href":"https:\/\/kontent-structures.com\/de\/wp-json\/wp\/v2\/pages\/4025\/revisions"}],"predecessor-version":[{"id":12107,"href":"https:\/\/kontent-structures.com\/de\/wp-json\/wp\/v2\/pages\/4025\/revisions\/12107"}],"up":[{"embeddable":true,"href":"https:\/\/kontent-structures.com\/de\/wp-json\/wp\/v2\/pages\/3991"}],"wp:featuredmedia":[{"embeddable":true,"href":"https:\/\/kontent-structures.com\/de\/wp-json\/wp\/v2\/media\/9910"}],"wp:attachment":[{"href":"https:\/\/kontent-structures.com\/de\/wp-json\/wp\/v2\/media?parent=4025"}],"curies":[{"name":"wp","href":"https:\/\/api.w.org\/{rel}","templated":true}]}}