{"id":4043,"date":"2021-02-16T12:59:12","date_gmt":"2021-02-16T11:59:12","guid":{"rendered":"https:\/\/kontent-structures.com\/structures\/special-structures\/rs-300\/"},"modified":"2024-04-08T11:53:13","modified_gmt":"2024-04-08T09:53:13","slug":"rs-300","status":"publish","type":"page","link":"https:\/\/kontent-structures.com\/de\/strukturen\/luxuszelte\/rs-300\/","title":{"rendered":"RS 300"},"content":{"rendered":"<p>Die Riverside Structure 300 ist eine neue Zeltkonstruktion und einzigartig in ihrer Art. Dieser RS 300 besteht aus Aluminiumkomponenten und kann aufgrund seines sehr professionellen und gesch\u00e4ftlichen Erscheinungsbilds f\u00fcr jede erdenkliche Anwendung verwendet werden. Der Riverside 300 zeichnet sich durch Glasw\u00e4nde, hohe Seitenw\u00e4nde, ein eigenes Farbschema und gen\u00fcgend Platz f\u00fcr Ihre eigene Corporate Identity aus.<\/p>\n<p>M\u00f6glichkeiten<\/p>\n<p>Die Riverside Structure 300 ist ideal f\u00fcr Gesch\u00e4ftsanwendungen wie Showroom, Einzelhandelsfl\u00e4chen, Messen und Sportzentren. Die Versionen mit einer freien Spannweite von bis zu 25 Metern machen den RS 300 zu einer sehr ger\u00e4umigen kommerziellen Zeltunterkunft, sowohl tempor\u00e4r als auch semi-permanent! Der RS 300 hat eine einzigartige Dachneigung von nur 7 \u00b0! Aufgrund der hohen erh\u00f6hten Kante (Dachbanner) von bis zu 2,5 m mit Ihrem eigenen Hausstil und den gro\u00dfen Glasfronten wirkt diese sch\u00f6ne Zeltstruktur wie ein modernes Gesch\u00e4ftshaus.<\/p>\n","protected":false},"excerpt":{"rendered":"<p>Die Riverside Structure 300 ist eine neue Zeltkonstruktion und einzigartig in ihrer Art. Dieser RS 300 besteht aus<\/p>\n<div class=\"kontent-read\"><a href=\"https:\/\/kontent-structures.com\/de\/strukturen\/luxuszelte\/rs-300\/\" class=\"\"> <i class=\"fas fa-chevron-right\"><\/i><\/a><\/div>\n","protected":false},"author":2,"featured_media":0,"parent":4034,"menu_order":0,"comment_status":"closed","ping_status":"closed","template":"templates\/template-tentstructure.php","meta":{"_acf_changed":false,"footnotes":""},"class_list":["post-4043","page","type-page","status-publish","hentry"],"acf":[],"yoast_head":"<!-- This site is optimized with the Yoast SEO plugin v27.2 - https:\/\/yoast.com\/product\/yoast-seo-wordpress\/ -->\n<title>RS 300 - Kontent Structures<\/title>\n<meta name=\"description\" content=\"Durch sein sehr professionelles und sachliches Erscheinungsbild ist dieser RS \u200b\u200b300 f\u00fcr jeden erdenklichen Einsatzzweck einsetzbar.\" \/>\n<meta name=\"robots\" content=\"index, follow, max-snippet:-1, max-image-preview:large, max-video-preview:-1\" \/>\n<link rel=\"canonical\" href=\"https:\/\/kontent-structures.com\/de\/strukturen\/luxuszelte\/rs-300\/\" \/>\n<meta property=\"og:locale\" content=\"de_DE\" \/>\n<meta property=\"og:type\" content=\"article\" \/>\n<meta property=\"og:title\" content=\"RS 300 - Kontent Structures\" \/>\n<meta property=\"og:description\" content=\"Durch sein sehr professionelles und sachliches Erscheinungsbild ist dieser RS \u200b\u200b300 f\u00fcr jeden erdenklichen Einsatzzweck einsetzbar.\" \/>\n<meta property=\"og:url\" content=\"https:\/\/kontent-structures.com\/de\/strukturen\/luxuszelte\/rs-300\/\" \/>\n<meta property=\"og:site_name\" content=\"Kontent Structures\" \/>\n<meta property=\"article:modified_time\" content=\"2024-04-08T09:53:13+00:00\" \/>\n<meta name=\"twitter:card\" content=\"summary_large_image\" \/>\n<meta name=\"twitter:label1\" content=\"Gesch\u00e4tzte Lesezeit\" \/>\n\t<meta name=\"twitter:data1\" content=\"1\u00a0Minute\" \/>\n<script type=\"application\/ld+json\" class=\"yoast-schema-graph\">{\"@context\":\"https:\/\/schema.org\",\"@graph\":[{\"@type\":\"WebPage\",\"@id\":\"https:\/\/kontent-structures.com\/de\/strukturen\/luxuszelte\/rs-300\/\",\"url\":\"https:\/\/kontent-structures.com\/de\/strukturen\/luxuszelte\/rs-300\/\",\"name\":\"RS 300 - Kontent Structures\",\"isPartOf\":{\"@id\":\"https:\/\/kontent-structures.com\/#website\"},\"datePublished\":\"2021-02-16T11:59:12+00:00\",\"dateModified\":\"2024-04-08T09:53:13+00:00\",\"description\":\"Durch sein sehr professionelles und sachliches Erscheinungsbild ist dieser RS \u200b\u200b300 f\u00fcr jeden erdenklichen Einsatzzweck einsetzbar.\",\"breadcrumb\":{\"@id\":\"https:\/\/kontent-structures.com\/de\/strukturen\/luxuszelte\/rs-300\/#breadcrumb\"},\"inLanguage\":\"de\",\"potentialAction\":[{\"@type\":\"ReadAction\",\"target\":[\"https:\/\/kontent-structures.com\/de\/strukturen\/luxuszelte\/rs-300\/\"]}]},{\"@type\":\"BreadcrumbList\",\"@id\":\"https:\/\/kontent-structures.com\/de\/strukturen\/luxuszelte\/rs-300\/#breadcrumb\",\"itemListElement\":[{\"@type\":\"ListItem\",\"position\":1,\"name\":\"Home\",\"item\":\"https:\/\/kontent-structures.com\/de\/\"},{\"@type\":\"ListItem\",\"position\":2,\"name\":\"Strukturen\",\"item\":\"https:\/\/kontent-structures.com\/de\/strukturen\/\"},{\"@type\":\"ListItem\",\"position\":3,\"name\":\"Luxuszelte\",\"item\":\"https:\/\/kontent-structures.com\/de\/strukturen\/luxuszelte\/\"},{\"@type\":\"ListItem\",\"position\":4,\"name\":\"RS 300\"}]},{\"@type\":\"WebSite\",\"@id\":\"https:\/\/kontent-structures.com\/#website\",\"url\":\"https:\/\/kontent-structures.com\/\",\"name\":\"Kontent Structures\",\"description\":\"En nog een WordPress site\",\"publisher\":{\"@id\":\"https:\/\/kontent-structures.com\/#organization\"},\"potentialAction\":[{\"@type\":\"SearchAction\",\"target\":{\"@type\":\"EntryPoint\",\"urlTemplate\":\"https:\/\/kontent-structures.com\/?s={search_term_string}\"},\"query-input\":{\"@type\":\"PropertyValueSpecification\",\"valueRequired\":true,\"valueName\":\"search_term_string\"}}],\"inLanguage\":\"de\"},{\"@type\":\"Organization\",\"@id\":\"https:\/\/kontent-structures.com\/#organization\",\"name\":\"Kontent Structures\",\"url\":\"https:\/\/kontent-structures.com\/\",\"logo\":{\"@type\":\"ImageObject\",\"inLanguage\":\"de\",\"@id\":\"https:\/\/kontent-structures.com\/#\/schema\/logo\/image\/\",\"url\":\"https:\/\/kontent-structures.com\/wp-content\/uploads\/2021\/04\/Kontent-Structures-verkleind.png\",\"contentUrl\":\"https:\/\/kontent-structures.com\/wp-content\/uploads\/2021\/04\/Kontent-Structures-verkleind.png\",\"width\":400,\"height\":355,\"caption\":\"Kontent Structures\"},\"image\":{\"@id\":\"https:\/\/kontent-structures.com\/#\/schema\/logo\/image\/\"}}]}<\/script>\n<!-- \/ Yoast SEO plugin. -->","yoast_head_json":{"title":"RS 300 - Kontent Structures","description":"Durch sein sehr professionelles und sachliches Erscheinungsbild ist dieser RS \u200b\u200b300 f\u00fcr jeden erdenklichen Einsatzzweck einsetzbar.","robots":{"index":"index","follow":"follow","max-snippet":"max-snippet:-1","max-image-preview":"max-image-preview:large","max-video-preview":"max-video-preview:-1"},"canonical":"https:\/\/kontent-structures.com\/de\/strukturen\/luxuszelte\/rs-300\/","og_locale":"de_DE","og_type":"article","og_title":"RS 300 - Kontent Structures","og_description":"Durch sein sehr professionelles und sachliches Erscheinungsbild ist dieser RS \u200b\u200b300 f\u00fcr jeden erdenklichen Einsatzzweck einsetzbar.","og_url":"https:\/\/kontent-structures.com\/de\/strukturen\/luxuszelte\/rs-300\/","og_site_name":"Kontent Structures","article_modified_time":"2024-04-08T09:53:13+00:00","twitter_card":"summary_large_image","twitter_misc":{"Gesch\u00e4tzte Lesezeit":"1\u00a0Minute"},"schema":{"@context":"https:\/\/schema.org","@graph":[{"@type":"WebPage","@id":"https:\/\/kontent-structures.com\/de\/strukturen\/luxuszelte\/rs-300\/","url":"https:\/\/kontent-structures.com\/de\/strukturen\/luxuszelte\/rs-300\/","name":"RS 300 - Kontent Structures","isPartOf":{"@id":"https:\/\/kontent-structures.com\/#website"},"datePublished":"2021-02-16T11:59:12+00:00","dateModified":"2024-04-08T09:53:13+00:00","description":"Durch sein sehr professionelles und sachliches Erscheinungsbild ist dieser RS \u200b\u200b300 f\u00fcr jeden erdenklichen Einsatzzweck einsetzbar.","breadcrumb":{"@id":"https:\/\/kontent-structures.com\/de\/strukturen\/luxuszelte\/rs-300\/#breadcrumb"},"inLanguage":"de","potentialAction":[{"@type":"ReadAction","target":["https:\/\/kontent-structures.com\/de\/strukturen\/luxuszelte\/rs-300\/"]}]},{"@type":"BreadcrumbList","@id":"https:\/\/kontent-structures.com\/de\/strukturen\/luxuszelte\/rs-300\/#breadcrumb","itemListElement":[{"@type":"ListItem","position":1,"name":"Home","item":"https:\/\/kontent-structures.com\/de\/"},{"@type":"ListItem","position":2,"name":"Strukturen","item":"https:\/\/kontent-structures.com\/de\/strukturen\/"},{"@type":"ListItem","position":3,"name":"Luxuszelte","item":"https:\/\/kontent-structures.com\/de\/strukturen\/luxuszelte\/"},{"@type":"ListItem","position":4,"name":"RS 300"}]},{"@type":"WebSite","@id":"https:\/\/kontent-structures.com\/#website","url":"https:\/\/kontent-structures.com\/","name":"Kontent Structures","description":"En nog een WordPress site","publisher":{"@id":"https:\/\/kontent-structures.com\/#organization"},"potentialAction":[{"@type":"SearchAction","target":{"@type":"EntryPoint","urlTemplate":"https:\/\/kontent-structures.com\/?s={search_term_string}"},"query-input":{"@type":"PropertyValueSpecification","valueRequired":true,"valueName":"search_term_string"}}],"inLanguage":"de"},{"@type":"Organization","@id":"https:\/\/kontent-structures.com\/#organization","name":"Kontent Structures","url":"https:\/\/kontent-structures.com\/","logo":{"@type":"ImageObject","inLanguage":"de","@id":"https:\/\/kontent-structures.com\/#\/schema\/logo\/image\/","url":"https:\/\/kontent-structures.com\/wp-content\/uploads\/2021\/04\/Kontent-Structures-verkleind.png","contentUrl":"https:\/\/kontent-structures.com\/wp-content\/uploads\/2021\/04\/Kontent-Structures-verkleind.png","width":400,"height":355,"caption":"Kontent Structures"},"image":{"@id":"https:\/\/kontent-structures.com\/#\/schema\/logo\/image\/"}}]}},"_links":{"self":[{"href":"https:\/\/kontent-structures.com\/de\/wp-json\/wp\/v2\/pages\/4043","targetHints":{"allow":["GET"]}}],"collection":[{"href":"https:\/\/kontent-structures.com\/de\/wp-json\/wp\/v2\/pages"}],"about":[{"href":"https:\/\/kontent-structures.com\/de\/wp-json\/wp\/v2\/types\/page"}],"author":[{"embeddable":true,"href":"https:\/\/kontent-structures.com\/de\/wp-json\/wp\/v2\/users\/2"}],"replies":[{"embeddable":true,"href":"https:\/\/kontent-structures.com\/de\/wp-json\/wp\/v2\/comments?post=4043"}],"version-history":[{"count":6,"href":"https:\/\/kontent-structures.com\/de\/wp-json\/wp\/v2\/pages\/4043\/revisions"}],"predecessor-version":[{"id":14927,"href":"https:\/\/kontent-structures.com\/de\/wp-json\/wp\/v2\/pages\/4043\/revisions\/14927"}],"up":[{"embeddable":true,"href":"https:\/\/kontent-structures.com\/de\/wp-json\/wp\/v2\/pages\/4034"}],"wp:attachment":[{"href":"https:\/\/kontent-structures.com\/de\/wp-json\/wp\/v2\/media?parent=4043"}],"curies":[{"name":"wp","href":"https:\/\/api.w.org\/{rel}","templated":true}]}}