{"id":530,"date":"2025-12-16T15:53:37","date_gmt":"2025-12-16T15:53:37","guid":{"rendered":"https:\/\/kontentstructures.stijlweb.nl\/?page_id=530"},"modified":"2026-04-21T15:32:16","modified_gmt":"2026-04-21T15:32:16","slug":"datenschutzrichtlinie","status":"publish","type":"page","link":"https:\/\/kontent-structures.com\/de\/over-ons\/privacyverklaring\/","title":{"rendered":"Datenschutz Erkl\u00e4rung"},"content":{"rendered":"<p><strong>Verarbeitung personenbezogener Daten<\/strong><\/p>\n\n\n\n<p>Kontent Structures verarbeitet Ihre personenbezogenen Daten, weil Sie unsere Dienstleistungen in Anspruch nehmen und\/oder weil Sie uns diese selbst zur Verf\u00fcgung stellen. Im Folgenden finden Sie einen \u00dcberblick \u00fcber die personenbezogenen Daten, die wir verarbeiten:<\/p>\n\n\n\n<ul class=\"wp-block-list\">\n<li>Vor- und Nachname<\/li>\n\n\n\n<li>Angaben zur Adresse<\/li>\n\n\n\n<li>Rufnummer<\/li>\n\n\n\n<li>E-Mail Adresse<\/li>\n\n\n\n<li>IP-Adresse<\/li>\n<\/ul>\n\n\n\n<p><strong>Daten \u00fcber Ihre Aktivit\u00e4ten auf unserer Website<br><\/strong>Welche besonderen und\/oder sensiblen Personenbezogenen Daten verarbeiten wir?<br>Unsere Webseite und\/oder unser Dienst hat nicht die Absicht, Daten \u00fcber Webseitenbesucher zu sammeln, die j\u00fcnger als 16 Jahre sind, es sei denn, sie haben die Zustimmung von Eltern oder Erziehungsberechtigten. Wir k\u00f6nnen jedoch nicht kontrollieren, ob ein Besucher \u00e4lter als 16 Jahre ist. Wir raten Eltern daher, sich an den Online-Aktivit\u00e4ten ihrer Kinder zu beteiligen, um zu verhindern, dass Daten \u00fcber Kinder ohne elterliche Zustimmung gesammelt werden. Wenn Sie davon \u00fcberzeugt sind, dass wir ohne diese Zustimmung pers\u00f6nliche Daten \u00fcber Minderj\u00e4hrige gesammelt haben, nehmen Sie bitte Kontakt mit uns auf. Wir werden diese Informationen dann l\u00f6schen oder gemeinsam mit Ihnen eine andere L\u00f6sung f\u00fcr das Problem finden.<\/p>\n\n\n\n<p><strong>Zu welchem Zweck und auf welcher Rechtsgrundlage verarbeiten wir personenbezogene Daten?<br><\/strong>Kontent Structures verarbeitet Ihre personenbezogenen Daten f\u00fcr die folgenden Zwecke:<\/p>\n\n\n\n<p>Sie bei Bedarf anzurufen, um unsere Dienstleistungen zu erbringen und Ihre Fragen zu beantworten.<\/p>\n\n\n\n<ul class=\"wp-block-list\">\n<li>Um Ihnen ein passendes Angebot machen zu k\u00f6nnen.<\/li>\n\n\n\n<li>Kontent Structures analysiert Ihr Verhalten auf der Webseite, um unsere Webseite zu verbessern und unser Angebot an Produkten und Dienstleistungen auf Ihre Vorlieben abzustimmen.<\/li>\n\n\n\n<li>F\u00fcr Marketingzwecke. Ihre Daten k\u00f6nnen f\u00fcr unseren Newsletter verwendet werden, sofern Sie Ihre Zustimmung gegeben haben.<\/li>\n<\/ul>\n\n\n\n<p><strong>Automatisierte Entscheidungsfindung<\/strong><\/p>\n\n\n\n<p>Kontent Structures trifft keine Entscheidungen auf der Grundlage einer automatisierten Verarbeitung in Angelegenheiten, die Einzelpersonen (erheblich) beeintr\u00e4chtigen k\u00f6nnten. Dies sind Entscheidungen, die von Computerprogrammen oder -systemen getroffen werden, ohne dass ein Mensch (z.B. ein Mitarbeiter von Kontent Structures) daran beteiligt ist. Kontent Structures verwendet die folgenden Computerprogramme oder -systeme:<\/p>\n\n\n\n<ul class=\"wp-block-list\">\n<li>Exact Online : Buchhaltungsprogramm und auch Kundenregister<\/li>\n<\/ul>\n\n\n\n<p><strong>Wie lange speichern wir personenbezogene Daten?<br><\/strong>Kontent Structures speichert Ihre personenbezogenen Daten nicht l\u00e4nger als unbedingt erforderlich, um die Zwecke zu erf\u00fcllen, f\u00fcr die Ihre Daten erhoben wurden. Wir verwenden die folgenden Aufbewahrungsfristen f\u00fcr die folgenden personenbezogenen Daten:<\/p>\n\n\n\n<ul class=\"wp-block-list\">\n<li>Vor- und Nachname : 1 Jahr : f\u00fcr Abrechnungs- und Marketingzwecke<\/li>\n\n\n\n<li>Adressdaten : 1 Jahr : zur Abrechnung<\/li>\n\n\n\n<li>Telefonnummer : 1 Jahr : zur Abwicklung<\/li>\n\n\n\n<li>E-Mail Adresse : 1 Jahr : f\u00fcr Marketingzwecke<\/li>\n\n\n\n<li>IP-Adresse: 2 Jahre: zur Optimierung unserer Website und f\u00fcr Marketingzwecke<\/li>\n\n\n\n<li>Daten \u00fcber Ihre Aktivit\u00e4ten auf unserer Website: 2 Jahre: zur Optimierung unserer Website und f\u00fcr Marketingzwecke<\/li>\n<\/ul>\n\n\n\n<p><strong>Weitergabe personenbezogener Daten an Dritte<br><\/strong>Kontent Structures verkauft Ihre Daten nicht an Dritte und gibt sie nur dann weiter, wenn dies f\u00fcr die Erf\u00fcllung unseres Vertrags mit Ihnen oder zur Erf\u00fcllung einer gesetzlichen Verpflichtung erforderlich ist. Wir schlie\u00dfen mit Unternehmen, die Ihre Daten in unserem Auftrag verarbeiten, einen Auftragsverarbeitungsvertrag ab, um das gleiche Ma\u00df an Sicherheit und Vertraulichkeit Ihrer Daten zu gew\u00e4hrleisten. Kontent Structures bleibt f\u00fcr diese Verarbeitung verantwortlich.<\/p>\n\n\n\n<p><strong>Messung von Webstatistiken<br><\/strong>Kontent Structures verwendet Google Analytics zur Messung von Webstatistiken. Google Analytics ist ein von Google angebotener Dienst. F\u00fcr Google Analytics werden analytische Cookies auf der Website platziert. Oben im Diagramm k\u00f6nnen Sie sehen, welche Cookies Google Analytics verwendet. Durch diese Cookies k\u00f6nnen wir die Qualit\u00e4t und Effektivit\u00e4t unserer Website verbessern. Wenn 4 wichtige Punkte zum Schutz der Privatsph\u00e4re, wie sie von Google Analytics festgelegt wurden, erf\u00fcllt sind, ist es nicht notwendig, eine ausdr\u00fcckliche Genehmigung f\u00fcr die Verwendung dieser analytischen Cookies einzuholen. Die folgenden Punkte wurden von Kontent Structures f\u00fcr die Verwendung von Google Analytics angepasst:<\/p>\n\n\n\n<ul class=\"wp-block-list\">\n<li>Es wurde eine Auftragsverarbeitungsvereinbarung mit Google Analytics abgeschlossen.<\/li>\n\n\n\n<li>Google Analytics ist so eingerichtet, dass Ihre Privatsph\u00e4re ber\u00fccksichtigt wird. Ihre digitalen Daten, wie z. B. Ihre IP-Adresse, werden so weit wie m\u00f6glich anonymisiert angezeigt. Die letzten Ziffern Ihrer IP-Adresse sind nicht sichtbar.<\/li>\n\n\n\n<li>Keine Daten werden mit Google Analytics geteilt. Oft ist diese Option automatisch eingestellt, bei Kontent Structures haben wir dies jedoch ausgeschaltet.<\/li>\n\n\n\n<li>Sie werden \u00fcber die Verwendung von Google Analytics auf unserer Website informiert.<\/li>\n<\/ul>\n\n\n\n<p><strong>Daten ansehen, \u00e4ndern oder l\u00f6schen<br><\/strong>Sie haben das Recht auf Zugang, Berichtigung oder L\u00f6schung Ihrer personenbezogenen Daten. Dar\u00fcber hinaus haben Sie das Recht, Ihre eventuelle Zustimmung zur Datenverarbeitung zu widerrufen oder der Verarbeitung Ihrer personenbezogenen Daten durch Kontent Structures zu widersprechen, und Sie haben das Recht auf Daten\u00fcbertragbarkeit. Dies bedeutet, dass Sie bei uns beantragen k\u00f6nnen, dass die personenbezogenen Daten, die wir \u00fcber Sie in einer Computerdatei gespeichert haben, an Sie oder eine andere von Ihnen benannte Organisation \u00fcbermittelt werden. Sie k\u00f6nnen einen Antrag auf Einsichtnahme, Berichtigung, L\u00f6schung, Daten\u00fcbertragbarkeit Ihrer personenbezogenen Daten oder einen Antrag auf Widerruf Ihrer Einwilligung oder Widerspruch gegen die Verarbeitung Ihrer personenbezogenen Daten an info@kontent-structures.com senden. Um sicherzustellen, dass der Antrag auf Einsichtnahme von Ihnen gestellt wird, bitten wir Sie, dem Antrag eine Kopie Ihres Identit\u00e4tsnachweises beizuf\u00fcgen. Schw\u00e4rzen Sie auf dieser Kopie Ihr Passfoto, die MRZ (maschinenlesbare Zone, der Zahlenstreifen am unteren Rand des Passes), die Passnummer und die B\u00fcrgerservicenummer (BSN). Dies dient dem Schutz Ihrer Privatsph\u00e4re. Wir werden Ihre Anfrage so schnell wie m\u00f6glich, jedoch innerhalb von vier Wochen beantworten. Kontent Structures m\u00f6chte Sie au\u00dferdem dar\u00fcber informieren, dass Sie die M\u00f6glichkeit haben, eine Beschwerde bei der nationalen Aufsichtsbeh\u00f6rde, der Beh\u00f6rde f\u00fcr personenbezogene Daten, einzureichen. Sie k\u00f6nnen dies \u00fcber den folgenden Link tun: https:\/\/autoriteitpersoonsgegevens.nl\/nl\/contact-met-de-autoriteit-persoonsgegevens\/tip-ons<\/p>\n\n\n\n<p><strong>Wie sch\u00fctzen wir personenbezogene Daten?<br><\/strong>Kontent Structures nimmt den Schutz Ihrer Daten ernst und ergreift geeignete Ma\u00dfnahmen, um Missbrauch, Verlust, unbefugten Zugriff, unerw\u00fcnschte Offenlegung und unbefugte \u00c4nderung zu verhindern. Wenn Sie den Eindruck haben, dass Ihre Daten nicht ordnungsgem\u00e4\u00df gesichert sind oder es Anzeichen f\u00fcr einen Missbrauch gibt, wenden Sie sich bitte an unseren Kundendienst oder \u00fcber info@kontent-structures.com.<\/p>","protected":false},"excerpt":{"rendered":"<p>Kontent Structures verarbeitet Ihre personenbezogenen Daten, weil Sie unsere Dienste nutzen und\/oder weil Sie diese selbst an uns \u00fcbermitteln. Nachfolgend finden Sie einen \u00dcberblick \u00fcber die personenbezogenen Daten, die wir verarbeiten<\/p>","protected":false},"author":1,"featured_media":1663,"parent":147,"menu_order":0,"comment_status":"closed","ping_status":"closed","template":"","meta":{"_acf_changed":false,"_et_pb_use_builder":"off","_et_pb_old_content":"","_et_gb_content_width":"","footnotes":""},"class_list":["post-530","page","type-page","status-publish","has-post-thumbnail","hentry"],"acf":[],"_links":{"self":[{"href":"https:\/\/kontent-structures.com\/de\/wp-json\/wp\/v2\/pages\/530","targetHints":{"allow":["GET"]}}],"collection":[{"href":"https:\/\/kontent-structures.com\/de\/wp-json\/wp\/v2\/pages"}],"about":[{"href":"https:\/\/kontent-structures.com\/de\/wp-json\/wp\/v2\/types\/page"}],"author":[{"embeddable":true,"href":"https:\/\/kontent-structures.com\/de\/wp-json\/wp\/v2\/users\/1"}],"replies":[{"embeddable":true,"href":"https:\/\/kontent-structures.com\/de\/wp-json\/wp\/v2\/comments?post=530"}],"version-history":[{"count":6,"href":"https:\/\/kontent-structures.com\/de\/wp-json\/wp\/v2\/pages\/530\/revisions"}],"predecessor-version":[{"id":26017,"href":"https:\/\/kontent-structures.com\/de\/wp-json\/wp\/v2\/pages\/530\/revisions\/26017"}],"up":[{"embeddable":true,"href":"https:\/\/kontent-structures.com\/de\/wp-json\/wp\/v2\/pages\/147"}],"wp:featuredmedia":[{"embeddable":true,"href":"https:\/\/kontent-structures.com\/de\/wp-json\/wp\/v2\/media\/1663"}],"wp:attachment":[{"href":"https:\/\/kontent-structures.com\/de\/wp-json\/wp\/v2\/media?parent=530"}],"curies":[{"name":"Welt","href":"https:\/\/api.w.org\/{rel}","templated":true}]}}